{"id":4451,"date":"2024-10-04T08:49:45","date_gmt":"2024-10-04T08:49:45","guid":{"rendered":"https:\/\/mitimplant.com\/product\/mitcon-implant-o4-5\/"},"modified":"2024-12-04T07:05:16","modified_gmt":"2024-12-04T07:05:16","slug":"mitcon-implant-o4-5","status":"publish","type":"product","link":"https:\/\/mitimplant.com\/tr\/product\/mitcon-implant-o4-5\/","title":{"rendered":"Mitcon \u0130mplant \u00f84.5"},"content":{"rendered":"<p><strong>Konik Ba\u011flant\u0131<\/strong><br \/>\nMitimplant Sistemleri, implantolojide en \u00fcst\u00fcn \u00f6zellikleri b\u00fcnyesinde toplar:<\/p>\n<ul>\n<li>11\u00b0 Konik Ba\u011flant\u0131<\/li>\n<li>\u0130\u00e7 Alt\u0131gen<\/li>\n<li>Kendi Yivini A\u00e7ma<\/li>\n<li>Yuvarlat\u0131lm\u0131\u015f K\u00f6k Ucu<\/li>\n<\/ul>\n<p>Mitimplant, konik ba\u011flant\u0131l\u0131 implant ailesindeki g\u00fc\u00e7l\u00fc oyunculardan biridir ve t\u00fcm klinik endikasyonlar i\u00e7in \u00e7ok y\u00f6nl\u00fc \u00e7\u00f6z\u00fcmlemeler sunar. Bu sade, do\u011fru ve kan\u0131tlanm\u0131\u015f implant sistemi konik bir ba\u011flant\u0131 ile birlikte tasarlanm\u0131\u015ft\u0131r ve biyolojik faydalar ile klinik ve estetik sonu\u00e7lardan maksimum fayday\u0131 garanti eder.<\/p>\n<p><strong>FAYDALAR<\/strong><\/p>\n<ul>\n<li><strong>Kemi\u011fin korunmas\u0131<\/strong>\n<ul>\n<li>Mitimplant platform-switching \u00f6zelli\u011fine sahiptir.<\/li>\n<li>Platform-switching \u00f6zelli\u011fine sahip implantlarda, bu \u00f6zelli\u011fi olmayan implantlara g\u00f6re daha az kemik kayb\u0131 oldu\u011fu g\u00f6r\u00fclm\u00fc\u015ft\u00fcr.<\/li>\n<li>Bu \u00f6zellik, ayn\u0131 zamanda yumu\u015fak dokunun korunmas\u0131n\u0131 ve b\u00fcy\u00fcmesini sa\u011flar.<\/li>\n<li>\u0130mplant boynundaki mikro halkalar, kret b\u00f6lgesinde BIC&#8217;yi (Kemik-\u0130mplant Temas\u0131) iyile\u015ftirmek ve implant boynundaki rezorpsiyonu en aza indirmek i\u00e7in kortikal kemik \u00fczerindeki bas\u0131nc\u0131 azaltacak \u015fekilde tasarlanm\u0131\u015ft\u0131r.<\/li>\n<\/ul>\n<\/li>\n<li><strong>M\u00fckemmel s\u0131zd\u0131rmazl\u0131k<\/strong>\n<ul>\n<li>Mitimplant sisteminde, abutment ve implant aras\u0131nda sa\u011flam, derin bir oturma sa\u011flayan 11 derecelik konik bir ba\u011flant\u0131 bulunur.<\/li>\n<li>Mikro-hareketleri en alt seviyeye indiren bu sistem, kret seviyesinde kemik kayb\u0131n\u0131 azalt\u0131r.<\/li>\n<li>Yerle\u015ftirme esnas\u0131nda implanta y\u00f6n verilmesini kolayla\u015ft\u0131ran ve abutment\u0131n d\u00fczg\u00fcn \u015fekilde yerle\u015ftirilmesini sa\u011flayan alt\u0131gen hex bulunur.<\/li>\n<\/ul>\n<\/li>\n<li><strong>Y\u00fcksek ba\u015flang\u0131\u00e7 stabilitesi<\/strong>\n<ul>\n<li>Mitimplant yiv tasar\u0131m\u0131, BIC&#8217;yi (Kemik-\u0130mplant Temas\u0131) implant\u0131n t\u00fcm g\u00f6vdesi boyunca art\u0131r\u0131r.<\/li>\n<li>G\u00fcvenli ve kontroll\u00fc bir yerle\u015ftirme h\u0131z\u0131 sa\u011flar.<\/li>\n<li>Konik ve k\u00f6k \u015fekilli geometrisiyle, Mitimplant y\u00fcksek primer stabilite sa\u011flamak i\u00e7in tasarlanm\u0131\u015ft\u0131r.<\/li>\n<li>\u00c7ok \u00e7e\u015fitli klinik endikasyonlar ve y\u00fckleme protokolleri a\u00e7\u0131s\u0131ndan en iyi \u00e7\u00f6z\u00fcm\u00fc sunar.<\/li>\n<\/ul>\n<\/li>\n<li><strong>Estetik<\/strong>\n<ul>\n<li>Mitimplant konik ba\u011flant\u0131l\u0131 protez se\u00e7enekleri ile kesin sonu\u00e7lar elde edilebilir.<\/li>\n<li>M\u00fckemmel yumu\u015fak doku sonu\u00e7lar\u0131 i\u00e7in di\u015feti \u00e7\u0131k\u0131\u015f profili sunar.<\/li>\n<li>Y\u00fcksek estetik sonu\u00e7lara ula\u015f\u0131lmas\u0131n\u0131 sa\u011flar.<\/li>\n<\/ul>\n<\/li>\n<\/ul>\n<p><strong>H\u0130DROF\u0130L\u0130K SST &#8211; SLA Y\u00dcZEY<\/strong><\/p>\n<ul>\n<li>H\u00fccre yap\u0131\u015fmas\u0131n\u0131n biyolojik etkisini h\u0131zland\u0131rmak, osseointegrasyon s\u00fcrecini g\u00fc\u00e7lendirmek ve daha ba\u015far\u0131l\u0131 klinik sonu\u00e7lar elde etmek i\u00e7in geli\u015ftirilmi\u015f bir y\u00fczeydir.<\/li>\n<li>Y\u00fczey elde edilirken:\n<ul>\n<li>\u0130lk olarak mekanik i\u015fleme tabi tutulur (Al\u00fcminyum Oksit ile kumlama).<\/li>\n<li>Sonras\u0131nda y\u00fczeyde olu\u015fturulan p\u00fcr\u00fczlendirme i\u015fleminin ard\u0131ndan kimyasal a\u015f\u0131nd\u0131rma ve temizleme i\u015flemi (Large Acid Etched) yap\u0131l\u0131r.<\/li>\n<li>En son olarak so\u011fuk Argon Plazma ile y\u00fczey aktif, hidrofilik bir y\u00fczey haline getirilir.<\/li>\n<\/ul>\n<\/li>\n<li>Bu i\u015flemlerden sonra, kimyasal olarak osteoblastik h\u00fccrelerin yap\u0131\u015fmas\u0131 art\u0131r\u0131l\u0131r.<\/li>\n<li>Osteogenez s\u00fcrecini desteklemek i\u00e7in, birka\u00e7 mikron d\u00fczeyinde homojen mikro g\u00f6zeneklilik ile karakterize edilen, y\u00fcksek derecede temizli\u011fe sahip bir y\u00fczey olu\u015fturulur.<\/li>\n<\/ul>\n<p><strong>Hammadde: ASTM F67-13 GRADE 4<\/strong><\/p>\n<ul>\n<li>ASTM F67-13 Grade 4, biyomedikal uygulamalarda kullan\u0131lan bir titanyum ala\u015f\u0131m\u0131d\u0131r.\n<ul>\n<li>Bu standart, saf titanyum ve titanyum ala\u015f\u0131mlar\u0131n\u0131n \u00f6zelliklerini belirler.<\/li>\n<\/ul>\n<\/li>\n<li>Grade 4, y\u00fcksek saf titanyum i\u00e7eri\u011fi ile karakterizedir ve iyi mekanik \u00f6zelliklere sahiptir.<\/li>\n<li>Genellikle implante edilebilir cihazlar, ortopedik implantlar ve dental uygulamalar gibi alanlarda kullan\u0131l\u0131r.<\/li>\n<li>Grade 4, korozyon direnci ve biyouyumlulu\u011fu ile \u00f6ne \u00e7\u0131kar.<\/li>\n<\/ul>\n","protected":false},"excerpt":{"rendered":"<table style=\"width: 100%; border-collapse: collapse; background-color: #f3f3ff;\">\n<thead>\n<tr style=\"border-bottom: 1px solid #ddd;\">\n<th style=\"padding: 8px; text-align: left; font-weight: bold; color: #333333; border: none;\">Se\u00e7enekler:<\/th>\n<th style=\"padding: 8px; text-align: left; font-weight: bold; color: #333333; border: none;\">Ref No:<\/th>\n<\/tr>\n<\/thead>\n<tbody>\n<tr style=\"border-bottom: 1px solid #ddd;\">\n<td style=\"padding: 8px; text-align: left; border: none;\">L 6,0 mm<\/td>\n<td style=\"padding: 8px; text-align: left; border: none;\">M10-4506<\/td>\n<\/tr>\n<tr style=\"border-bottom: 1px solid #ddd;\">\n<td style=\"padding: 8px; text-align: left; border: none;\">L 8,0 mm<\/td>\n<td style=\"padding: 8px; text-align: left; border: none;\">M10-4508<\/td>\n<\/tr>\n<tr style=\"border-bottom: 1px solid #ddd;\">\n<td style=\"padding: 8px; text-align: left; border: none;\">L 10,0 mm<\/td>\n<td style=\"padding: 8px; text-align: left; border: none;\">M10-4510<\/td>\n<\/tr>\n<tr style=\"border-bottom: 1px solid #ddd;\">\n<td style=\"padding: 8px; text-align: left; border: none;\">L 11,5 mm<\/td>\n<td style=\"padding: 8px; text-align: left; border: none;\">M10-4511<\/td>\n<\/tr>\n<tr>\n<td style=\"padding: 8px; text-align: left; border: none;\">L 13,0 mm<\/td>\n<td style=\"padding: 8px; text-align: left; border: none;\">M10-4513<\/td>\n<\/tr>\n<\/tbody>\n<\/table>\n","protected":false},"featured_media":3927,"template":"","meta":[],"product_brand":[],"product_cat":[156],"product_tag":[],"class_list":{"0":"post-4451","1":"product","2":"type-product","3":"status-publish","4":"has-post-thumbnail","6":"product_cat-implantlar","8":"first","9":"instock","10":"shipping-taxable","11":"product-type-simple","12":"add-to-wishlist-after_add_to_cart"},"_links":{"self":[{"href":"https:\/\/mitimplant.com\/tr\/wp-json\/wp\/v2\/product\/4451","targetHints":{"allow":["GET"]}}],"collection":[{"href":"https:\/\/mitimplant.com\/tr\/wp-json\/wp\/v2\/product"}],"about":[{"href":"https:\/\/mitimplant.com\/tr\/wp-json\/wp\/v2\/types\/product"}],"wp:featuredmedia":[{"embeddable":true,"href":"https:\/\/mitimplant.com\/tr\/wp-json\/wp\/v2\/media\/3927"}],"wp:attachment":[{"href":"https:\/\/mitimplant.com\/tr\/wp-json\/wp\/v2\/media?parent=4451"}],"wp:term":[{"taxonomy":"product_brand","embeddable":true,"href":"https:\/\/mitimplant.com\/tr\/wp-json\/wp\/v2\/product_brand?post=4451"},{"taxonomy":"product_cat","embeddable":true,"href":"https:\/\/mitimplant.com\/tr\/wp-json\/wp\/v2\/product_cat?post=4451"},{"taxonomy":"product_tag","embeddable":true,"href":"https:\/\/mitimplant.com\/tr\/wp-json\/wp\/v2\/product_tag?post=4451"}],"curies":[{"name":"wp","href":"https:\/\/api.w.org\/{rel}","templated":true}]}}