{"id":4437,"date":"2024-10-04T12:29:22","date_gmt":"2024-10-04T12:29:22","guid":{"rendered":"https:\/\/mitimplant.com\/product\/mitcon-estetik-abutment-gecici-plastik\/"},"modified":"2024-11-24T17:30:12","modified_gmt":"2024-11-24T17:30:12","slug":"mitcon-estetik-abutment-dokum-plastigi","status":"publish","type":"product","link":"https:\/\/mitimplant.com\/tr\/product\/mitcon-estetik-abutment-dokum-plastigi\/","title":{"rendered":"Mitcon Estetik Abutment D\u00f6k\u00fcm Plasti\u011fi"},"content":{"rendered":"","protected":false},"excerpt":{"rendered":"<table style=\"width: 100%; border-collapse: collapse; background-color: #f3f3ff;\">\n<thead>\n<tr style=\"border-bottom: 1px solid #ddd;\">\n<th style=\"padding: 8px; text-align: left; font-weight: bold; color: #333333; border: none;\">Se\u00e7enekler:<\/th>\n<th style=\"padding: 8px; text-align: left; font-weight: bold; color: #333333; border: none;\">Ref No:<\/th>\n<\/tr>\n<\/thead>\n<tbody>\n<tr>\n<td style=\"padding: 8px; text-align: left; border: none;\">N\/A<\/td>\n<td style=\"padding: 8px; text-align: left; border: none;\">ME35-EACA<\/td>\n<\/tr>\n<\/tbody>\n<\/table>\n","protected":false},"featured_media":3853,"template":"","meta":[],"product_brand":[],"product_cat":[145,144,142],"product_tag":[],"class_list":{"0":"post-4437","1":"product","2":"type-product","3":"status-publish","4":"has-post-thumbnail","6":"product_cat-multi-unit-abutment-dokum-plastigi","7":"product_cat-multi-unit-sistemi","8":"product_cat-vidali-restorasyon","10":"first","11":"instock","12":"shipping-taxable","13":"product-type-simple","14":"add-to-wishlist-after_add_to_cart"},"_links":{"self":[{"href":"https:\/\/mitimplant.com\/tr\/wp-json\/wp\/v2\/product\/4437","targetHints":{"allow":["GET"]}}],"collection":[{"href":"https:\/\/mitimplant.com\/tr\/wp-json\/wp\/v2\/product"}],"about":[{"href":"https:\/\/mitimplant.com\/tr\/wp-json\/wp\/v2\/types\/product"}],"wp:featuredmedia":[{"embeddable":true,"href":"https:\/\/mitimplant.com\/tr\/wp-json\/wp\/v2\/media\/3853"}],"wp:attachment":[{"href":"https:\/\/mitimplant.com\/tr\/wp-json\/wp\/v2\/media?parent=4437"}],"wp:term":[{"taxonomy":"product_brand","embeddable":true,"href":"https:\/\/mitimplant.com\/tr\/wp-json\/wp\/v2\/product_brand?post=4437"},{"taxonomy":"product_cat","embeddable":true,"href":"https:\/\/mitimplant.com\/tr\/wp-json\/wp\/v2\/product_cat?post=4437"},{"taxonomy":"product_tag","embeddable":true,"href":"https:\/\/mitimplant.com\/tr\/wp-json\/wp\/v2\/product_tag?post=4437"}],"curies":[{"name":"wp","href":"https:\/\/api.w.org\/{rel}","templated":true}]}}