{"id":4434,"date":"2024-10-05T10:33:02","date_gmt":"2024-10-05T10:33:02","guid":{"rendered":"https:\/\/mitimplant.com\/product\/mitcon-dijital-laboratuvar-analog\/"},"modified":"2024-11-24T17:28:46","modified_gmt":"2024-11-24T17:28:46","slug":"mitcon-dijital-laboratuvar-analogu","status":"publish","type":"product","link":"https:\/\/mitimplant.com\/tr\/product\/mitcon-dijital-laboratuvar-analogu\/","title":{"rendered":"Mitcon Dijital Laboratuvar Analo\u011fu"},"content":{"rendered":"<h3>HAMMADDE: Ti-6Al-4V ELI &#8211; S\u0131n\u0131f 5<\/h3>\n<p><strong>Hipoalerjenik \u00d6zellikler:<\/strong><br \/>\nTitanyum, v\u00fccutta alerjik reaksiyonlara neden olma olas\u0131l\u0131\u011f\u0131 d\u00fc\u015f\u00fck bir metal oldu\u011fu i\u00e7in <strong>biyouyumlu<\/strong> implantlar ve <strong>protezler<\/strong> i\u00e7in s\u0131kl\u0131kla tercih edilir.<\/p>\n<p><strong>Y\u00fcksek Dayan\u0131kl\u0131l\u0131k:<\/strong><br \/>\nY\u00fcksek mukavemet ve hafiflik \u00f6zellikleri nedeniyle titanyum, ortopedik implantlar, di\u015f implantlar\u0131 ve di\u011fer t\u0131bbi cihazlar i\u00e7in ideal bir malzemedir.<\/p>\n<p><strong>Korozyona Diren\u00e7:<\/strong><br \/>\nTitanyum, oksidasyona diren\u00e7li bir y\u00fczey olu\u015fturarak bozulmadan uzun s\u00fcre v\u00fccut i\u00e7inde kalmas\u0131n\u0131 sa\u011flar.<\/p>\n<p><strong>Kemik Ba\u011flant\u0131s\u0131:<\/strong><br \/>\nTitanyum m\u00fckemmel osteointegrasyon sergiler, yani kemikle iyi bir \u015fekilde b\u00fct\u00fcnle\u015febilir ve bu da implantlar\u0131n stabilitesini art\u0131r\u0131r.<\/p>\n<p><strong>Kullan\u0131m Alanlar\u0131:<\/strong><br \/>\nTitanyumdan yap\u0131lan biyomedikal cihazlar ortopedi, di\u015f hekimli\u011fi ve kardiyovask\u00fcler cerrahi dahil olmak \u00fczere \u00e7e\u015fitli alanlarda kullan\u0131lmaktad\u0131r.<\/p>\n<p><strong>Y\u00fczey Modifikasyonu:<\/strong><br \/>\nY\u00fczey modifikasyonlar\u0131 titanyumun biyouyumlulu\u011funu art\u0131rarak implant\u0131n biyolojik \u00e7evresiyle etkile\u015fimini geli\u015ftirebilir. Bu \u00f6zellikler titanyumu biyomedikal uygulamalarda olduk\u00e7a pop\u00fcler bir malzeme haline getirmi\u015ftir.<\/p>\n","protected":false},"excerpt":{"rendered":"<table style=\"width: 100%; border-collapse: collapse; background-color: #f3f3ff;\">\n<thead>\n<tr style=\"border-bottom: 1px solid #ddd;\">\n<th style=\"padding: 8px; text-align: left; font-weight: bold; color: #333333; border: none;\">Se\u00e7enekler:<\/th>\n<th style=\"padding: 8px; text-align: left; font-weight: bold; color: #333333; border: none;\">Ref No:<\/th>\n<\/tr>\n<\/thead>\n<tbody>\n<tr>\n<td style=\"padding: 8px; text-align: left; border: none;\">N\/A<\/td>\n<td style=\"padding: 8px; text-align: left; border: none;\">ME32-DLA<\/td>\n<\/tr>\n<\/tbody>\n<\/table>\n","protected":false},"featured_media":3858,"template":"","meta":[],"product_brand":[],"product_cat":[139,141,135],"product_tag":[],"class_list":{"0":"post-4434","1":"product","2":"type-product","3":"status-publish","4":"has-post-thumbnail","6":"product_cat-dijital-analog","7":"product_cat-dijital-laboratuvar-analogu","8":"product_cat-dijital-restorasyon","10":"first","11":"instock","12":"shipping-taxable","13":"product-type-simple","14":"add-to-wishlist-after_add_to_cart"},"_links":{"self":[{"href":"https:\/\/mitimplant.com\/tr\/wp-json\/wp\/v2\/product\/4434","targetHints":{"allow":["GET"]}}],"collection":[{"href":"https:\/\/mitimplant.com\/tr\/wp-json\/wp\/v2\/product"}],"about":[{"href":"https:\/\/mitimplant.com\/tr\/wp-json\/wp\/v2\/types\/product"}],"wp:featuredmedia":[{"embeddable":true,"href":"https:\/\/mitimplant.com\/tr\/wp-json\/wp\/v2\/media\/3858"}],"wp:attachment":[{"href":"https:\/\/mitimplant.com\/tr\/wp-json\/wp\/v2\/media?parent=4434"}],"wp:term":[{"taxonomy":"product_brand","embeddable":true,"href":"https:\/\/mitimplant.com\/tr\/wp-json\/wp\/v2\/product_brand?post=4434"},{"taxonomy":"product_cat","embeddable":true,"href":"https:\/\/mitimplant.com\/tr\/wp-json\/wp\/v2\/product_cat?post=4434"},{"taxonomy":"product_tag","embeddable":true,"href":"https:\/\/mitimplant.com\/tr\/wp-json\/wp\/v2\/product_tag?post=4434"}],"curies":[{"name":"wp","href":"https:\/\/api.w.org\/{rel}","templated":true}]}}