{"id":4425,"date":"2024-10-05T11:00:13","date_gmt":"2024-10-05T11:00:13","guid":{"rendered":"https:\/\/mitimplant.com\/product\/mitcon-o45-abutment-15\/"},"modified":"2024-11-27T12:30:46","modified_gmt":"2024-11-27T12:30:46","slug":"mitcon-o45-abutment-15","status":"publish","type":"product","link":"https:\/\/mitimplant.com\/tr\/product\/mitcon-o45-abutment-15\/","title":{"rendered":"Mitcon \u00d84,5 Abutment 15\u00b0"},"content":{"rendered":"<p><strong>Siman Tutuculu Kronlar\u0131n Avantajlar\u0131:<\/strong><\/p>\n<ul>\n<li><strong>Pasif Uyum<\/strong>: \u0130mplant kuronunun pasif bir \u015fekilde oturmas\u0131n\u0131 sa\u011flayarak komplikasyon riskini azalt\u0131rlar.<\/li>\n<li><strong>Stres Da\u011f\u0131l\u0131m\u0131<\/strong>: Bu kronlar implantlara stres aktar\u0131m\u0131n\u0131 \u00f6nleyerek restorasyonun uzun \u00f6m\u00fcrl\u00fcl\u00fc\u011f\u00fcn\u00fc art\u0131r\u0131r.<\/li>\n<li><strong>Estetik Sonu\u00e7lar<\/strong>: \u0130deal bir okl\u00fczal tasar\u0131m ile m\u00fckemmel estetik sonu\u00e7lar sunarlar.<\/li>\n<li><strong>Azalt\u0131lm\u0131\u015f Porselen Ba\u015far\u0131s\u0131zl\u0131\u011f\u0131<\/strong>: De\u011fi\u015ftirilmemi\u015f bir altyap\u0131 veya abutment tasar\u0131m\u0131, porselen bozulmas\u0131n\u0131 en aza indirerek geleneksel kuron ve k\u00f6pr\u00fc prosed\u00fcrlerine izin verir.<\/li>\n<li><strong>M\u00fch\u00fcrl\u00fc Mikro Bo\u015fluk<\/strong>: Simante restorasyonlar implant abutmenti ve kron aras\u0131ndaki mikro bo\u015flu\u011fu m\u00fch\u00fcrleyerek bakteriyel debrisin abutment-kuron bo\u015flu\u011funa ge\u00e7mesini \u00f6nler.<\/li>\n<\/ul>\n<p>MITIMPLANT, bukkal-lingual pozisyona ili\u015fkin estetik hususlar\u0131 korurken kronun hassas bir \u015fekilde hizalanmas\u0131n\u0131 ve oturmas\u0131n\u0131 sa\u011flayan bir yiv hatt\u0131na sahip bir dizi abutment sunar. Ek olarak, anterior b\u00f6lgedeki anatomik sapmalara uyum sa\u011flamak veya a\u00e7\u0131l\u0131 yerle\u015ftirilen implantlardan kaynaklanan mekanik sorunlar\u0131 gidermek i\u00e7in a\u00e7\u0131lanma d\u00fczeltme se\u00e7enekleri mevcuttur.<\/p>\n<p><strong>Temel Avantajlar:<\/strong><\/p>\n<ul>\n<li>Pasif uyum<\/li>\n<li>\u0130mplanta stres aktar\u0131m\u0131 yok<\/li>\n<li>M\u00fckemmel estetik sonu\u00e7lar<\/li>\n<li>Hassas hizalama i\u00e7in oluk \u00e7izgisi<\/li>\n<li>A\u00e7\u0131 d\u00fczeltme se\u00e7enekleri<\/li>\n<li>\u0130mplant-kuron mikro aral\u0131\u011f\u0131n\u0131n kapat\u0131lmas\u0131<\/li>\n<\/ul>\n<p><strong>Hammadde: Ti-6Al-4V ELI \u2013 S\u0131n\u0131f 5<\/strong><\/p>\n<ul>\n<li><strong>Hipoalerjenik \u00d6zellikler<\/strong>: Titanyum, v\u00fccutta alerjik reaksiyonlara neden olma olas\u0131l\u0131\u011f\u0131n\u0131n d\u00fc\u015f\u00fck olmas\u0131 nedeniyle biyouyumlu implantlar ve protezler i\u00e7in s\u0131kl\u0131kla tercih edilir.<\/li>\n<li><strong>Y\u00fcksek Dayan\u0131kl\u0131l\u0131k<\/strong>: Y\u00fcksek mukavemeti ve hafif yap\u0131s\u0131, titanyumu ortopedik ve di\u015f implantlar\u0131n\u0131n yan\u0131 s\u0131ra di\u011fer t\u0131bbi cihazlar i\u00e7in ideal bir malzeme haline getirir.<\/li>\n<li><strong>Korozyon Direnci<\/strong>: Titanyum, oksidasyona kar\u015f\u0131 diren\u00e7li bir y\u00fczey geli\u015ftirerek bozulma olmadan uzun s\u00fcre v\u00fccut i\u00e7inde kalmas\u0131n\u0131 sa\u011flar.<\/li>\n<li><strong>Kemik Ba\u011flant\u0131s\u0131<\/strong>: Titanyum, osteointegrasyon ad\u0131 verilen bir s\u00fcre\u00e7le kemikle iyi bir \u015fekilde b\u00fct\u00fcnle\u015fir ve bu da implant stabilitesini art\u0131r\u0131r.<\/li>\n<li><strong>Kullan\u0131m Alanlar\u0131<\/strong>: Titanyumdan yap\u0131lan biyomedikal cihazlar ortopedi, di\u015f hekimli\u011fi ve kardiyovask\u00fcler cerrahi dahil olmak \u00fczere \u00e7e\u015fitli alanlarda kullan\u0131lmaktad\u0131r.<\/li>\n<li><strong>Y\u00fczey Modifikasyonu<\/strong>: Y\u00fczey modifikasyonlar\u0131, titanyumun biyouyumlulu\u011funu art\u0131rmak i\u00e7in uygulanabilir ve implant ile biyolojik ortam\u0131 aras\u0131ndaki etkile\u015fimi geli\u015ftirir. Bu \u00f6zellikleri nedeniyle titanyum, biyomedikal uygulamalarda olduk\u00e7a aranan bir malzeme haline gelmi\u015ftir.<\/li>\n<\/ul>\n","protected":false},"excerpt":{"rendered":"<table style=\"width: 100%; border-collapse: collapse; background-color: #f3f3ff;\">\n<thead>\n<tr style=\"border-bottom: 1px solid #ddd;\">\n<th style=\"padding: 8px; text-align: left; font-weight: bold; color: #333333; border: none;\">Se\u00e7enekler:<\/th>\n<th style=\"padding: 8px; text-align: left; font-weight: bold; color: #333333; border: none;\">Ref No:<\/th>\n<\/tr>\n<\/thead>\n<tbody>\n<tr style=\"border-bottom: 1px solid #ddd;\">\n<td style=\"padding: 8px; text-align: left; border: none;\">GH 1 mm<\/td>\n<td style=\"padding: 8px; text-align: left; border: none;\">ME21-154510<\/td>\n<\/tr>\n<tr style=\"border-bottom: 1px solid #ddd;\">\n<td style=\"padding: 8px; text-align: left; border: none;\">GH 2 mm<\/td>\n<td style=\"padding: 8px; text-align: left; border: none;\">ME21-154520<\/td>\n<\/tr>\n<tr style=\"border-bottom: 1px solid #ddd;\">\n<td style=\"padding: 8px; text-align: left; border: none;\">GH 3 mm<\/td>\n<td style=\"padding: 8px; text-align: left; border: none;\">ME21-154530<\/td>\n<\/tr>\n<tr>\n<td style=\"padding: 8px; text-align: left; border: none;\">GH 4 mm<\/td>\n<td style=\"padding: 8px; text-align: left; border: none;\">ME21-154540<\/td>\n<\/tr>\n<\/tbody>\n<\/table>\n","protected":false},"featured_media":3867,"template":"","meta":[],"product_brand":[],"product_cat":[130,128,127],"product_tag":[],"class_list":{"0":"post-4425","1":"product","2":"type-product","3":"status-publish","4":"has-post-thumbnail","6":"product_cat-acili-abutment","7":"product_cat-simanlanabilen-abutmentler","8":"product_cat-simanli-restorasyon","10":"first","11":"instock","12":"shipping-taxable","13":"product-type-simple","14":"add-to-wishlist-after_add_to_cart"},"_links":{"self":[{"href":"https:\/\/mitimplant.com\/tr\/wp-json\/wp\/v2\/product\/4425","targetHints":{"allow":["GET"]}}],"collection":[{"href":"https:\/\/mitimplant.com\/tr\/wp-json\/wp\/v2\/product"}],"about":[{"href":"https:\/\/mitimplant.com\/tr\/wp-json\/wp\/v2\/types\/product"}],"wp:featuredmedia":[{"embeddable":true,"href":"https:\/\/mitimplant.com\/tr\/wp-json\/wp\/v2\/media\/3867"}],"wp:attachment":[{"href":"https:\/\/mitimplant.com\/tr\/wp-json\/wp\/v2\/media?parent=4425"}],"wp:term":[{"taxonomy":"product_brand","embeddable":true,"href":"https:\/\/mitimplant.com\/tr\/wp-json\/wp\/v2\/product_brand?post=4425"},{"taxonomy":"product_cat","embeddable":true,"href":"https:\/\/mitimplant.com\/tr\/wp-json\/wp\/v2\/product_cat?post=4425"},{"taxonomy":"product_tag","embeddable":true,"href":"https:\/\/mitimplant.com\/tr\/wp-json\/wp\/v2\/product_tag?post=4425"}],"curies":[{"name":"wp","href":"https:\/\/api.w.org\/{rel}","templated":true}]}}