{"id":4407,"date":"2024-10-05T14:16:14","date_gmt":"2024-10-05T14:16:14","guid":{"rendered":"https:\/\/mitimplant.com\/product\/mitcon-altigen-surucu-kisa\/"},"modified":"2024-10-05T14:16:14","modified_gmt":"2024-10-05T14:16:14","slug":"mitcon-altigen-surucu-kisa","status":"publish","type":"product","link":"https:\/\/mitimplant.com\/tr\/product\/mitcon-altigen-surucu-kisa\/","title":{"rendered":"Mitcon Alt\u0131gen S\u00fcr\u00fcc\u00fc K\u0131sa"},"content":{"rendered":"","protected":false},"excerpt":{"rendered":"<table>\n<tbody>\n<tr>\n<th>Se\u00e7enekler:<\/th>\n<th>Ref No:<\/th>\n<\/tr>\n<tr>\n<td>N\/A<\/td>\n<td>MSK-RHDS<\/td>\n<\/tr>\n<\/tbody>\n<\/table>\n","protected":false},"featured_media":1623,"template":"","meta":[],"product_brand":[],"product_cat":[121],"product_tag":[],"class_list":{"0":"post-4407","1":"product","2":"type-product","3":"status-publish","4":"has-post-thumbnail","6":"product_cat-kit-yedek-tr","8":"first","9":"instock","10":"shipping-taxable","11":"product-type-simple","12":"add-to-wishlist-after_add_to_cart"},"_links":{"self":[{"href":"https:\/\/mitimplant.com\/tr\/wp-json\/wp\/v2\/product\/4407","targetHints":{"allow":["GET"]}}],"collection":[{"href":"https:\/\/mitimplant.com\/tr\/wp-json\/wp\/v2\/product"}],"about":[{"href":"https:\/\/mitimplant.com\/tr\/wp-json\/wp\/v2\/types\/product"}],"wp:featuredmedia":[{"embeddable":true,"href":"https:\/\/mitimplant.com\/tr\/wp-json\/wp\/v2\/media\/1623"}],"wp:attachment":[{"href":"https:\/\/mitimplant.com\/tr\/wp-json\/wp\/v2\/media?parent=4407"}],"wp:term":[{"taxonomy":"product_brand","embeddable":true,"href":"https:\/\/mitimplant.com\/tr\/wp-json\/wp\/v2\/product_brand?post=4407"},{"taxonomy":"product_cat","embeddable":true,"href":"https:\/\/mitimplant.com\/tr\/wp-json\/wp\/v2\/product_cat?post=4407"},{"taxonomy":"product_tag","embeddable":true,"href":"https:\/\/mitimplant.com\/tr\/wp-json\/wp\/v2\/product_tag?post=4407"}],"curies":[{"name":"wp","href":"https:\/\/api.w.org\/{rel}","templated":true}]}}