{"id":4403,"date":"2024-10-05T14:11:57","date_gmt":"2024-10-05T14:11:57","guid":{"rendered":"https:\/\/mitimplant.com\/product\/kontra-acili-altigen-surucu\/"},"modified":"2024-10-05T14:11:57","modified_gmt":"2024-10-05T14:11:57","slug":"kontra-acili-altigen-surucu","status":"publish","type":"product","link":"https:\/\/mitimplant.com\/tr\/product\/kontra-acili-altigen-surucu\/","title":{"rendered":"Kontra A\u00e7\u0131l\u0131 Alt\u0131gen S\u00fcr\u00fcc\u00fc"},"content":{"rendered":"","protected":false},"excerpt":{"rendered":"<table>\n<tbody>\n<tr>\n<th>Se\u00e7enekler:<\/th>\n<th>Ref No:<\/th>\n<\/tr>\n<tr>\n<td>N\/A<\/td>\n<td>MSK-KAHDS<\/td>\n<\/tr>\n<\/tbody>\n<\/table>\n","protected":false},"featured_media":1614,"template":"","meta":[],"product_brand":[],"product_cat":[121],"product_tag":[],"class_list":{"0":"post-4403","1":"product","2":"type-product","3":"status-publish","4":"has-post-thumbnail","6":"product_cat-kit-yedek-tr","8":"first","9":"instock","10":"shipping-taxable","11":"product-type-simple","12":"add-to-wishlist-after_add_to_cart"},"_links":{"self":[{"href":"https:\/\/mitimplant.com\/tr\/wp-json\/wp\/v2\/product\/4403","targetHints":{"allow":["GET"]}}],"collection":[{"href":"https:\/\/mitimplant.com\/tr\/wp-json\/wp\/v2\/product"}],"about":[{"href":"https:\/\/mitimplant.com\/tr\/wp-json\/wp\/v2\/types\/product"}],"wp:featuredmedia":[{"embeddable":true,"href":"https:\/\/mitimplant.com\/tr\/wp-json\/wp\/v2\/media\/1614"}],"wp:attachment":[{"href":"https:\/\/mitimplant.com\/tr\/wp-json\/wp\/v2\/media?parent=4403"}],"wp:term":[{"taxonomy":"product_brand","embeddable":true,"href":"https:\/\/mitimplant.com\/tr\/wp-json\/wp\/v2\/product_brand?post=4403"},{"taxonomy":"product_cat","embeddable":true,"href":"https:\/\/mitimplant.com\/tr\/wp-json\/wp\/v2\/product_cat?post=4403"},{"taxonomy":"product_tag","embeddable":true,"href":"https:\/\/mitimplant.com\/tr\/wp-json\/wp\/v2\/product_tag?post=4403"}],"curies":[{"name":"wp","href":"https:\/\/api.w.org\/{rel}","templated":true}]}}