{"id":4391,"date":"2024-10-10T08:58:57","date_gmt":"2024-10-10T08:58:57","guid":{"rendered":"https:\/\/mitimplant.com\/product\/mitcon-stoperli-cerrahi-kit\/"},"modified":"2024-12-04T11:45:14","modified_gmt":"2024-12-04T11:45:14","slug":"mitcon-stoperli-cerrahi-set","status":"publish","type":"product","link":"https:\/\/mitimplant.com\/tr\/product\/mitcon-stoperli-cerrahi-set\/","title":{"rendered":"Mitcon Stoperli Cerrahi Set"},"content":{"rendered":"<p>\u2022PASLANMAZ \u00e7elikten imal edilmi\u015f korozyona kar\u015f\u0131 diren\u00e7li keskin frezler ve her implant \u00e7ap ve boyutuna g\u00f6re cerrahi set paketinde eksiksiz bir prosed\u00fcr sunar. Bu Paslanmaz ve korozyona dayan\u0131kl\u0131 paslanmaz \u00e7elik frezler, g\u00fcvenli ve basitle\u015ftirilmi\u015f prosed\u00fcrler sa\u011flarken ideal implant-frez uyumlulu\u011fu ve y\u00fcksek ba\u015flang\u0131\u00e7 stabilitesi i\u00e7in tasarlanm\u0131\u015ft\u0131r.<br \/>\n\u2022Extra g\u00fcvenli.<br \/>\n\u2022Her implant \u015fekli ve boyutlar\u0131yla her zaman uyumludur. Her delme prosed\u00fcr\u00fcnde daha fazla g\u00f6r\u00fcn\u00fcrl\u00fck ve g\u00fcven sa\u011flayan stoper kontroll\u00fc olarak tasarlanm\u0131\u015ft\u0131r.<\/p>\n","protected":false},"excerpt":{"rendered":"<p>\u2022PASLANMAZ \u00e7elikten imal edilmi\u015f korozyona kar\u015f\u0131 diren\u00e7li keskin frezler ve her implant \u00e7ap ve boyutuna g\u00f6re cerrahi set paketinde eksiksiz bir prosed\u00fcr sunar. Bu Paslanmaz ve korozyona dayan\u0131kl\u0131 paslanmaz \u00e7elik frezler, g\u00fcvenli ve basitle\u015ftirilmi\u015f prosed\u00fcrler sa\u011flarken ideal implant-frez uyumlulu\u011fu ve y\u00fcksek ba\u015flang\u0131\u00e7 stabilitesi i\u00e7in tasarlanm\u0131\u015ft\u0131r. \u2022Extra g\u00fcvenli. \u2022Her implant \u015fekli ve boyutlar\u0131yla her zaman uyumludur. [&hellip;]<\/p>\n","protected":false},"featured_media":3948,"template":"","meta":[],"product_brand":[],"product_cat":[113],"product_tag":[],"class_list":{"0":"post-4391","1":"product","2":"type-product","3":"status-publish","4":"has-post-thumbnail","6":"product_cat-cerrahi-set","8":"first","9":"instock","10":"shipping-taxable","11":"product-type-simple","12":"add-to-wishlist-after_add_to_cart"},"_links":{"self":[{"href":"https:\/\/mitimplant.com\/tr\/wp-json\/wp\/v2\/product\/4391","targetHints":{"allow":["GET"]}}],"collection":[{"href":"https:\/\/mitimplant.com\/tr\/wp-json\/wp\/v2\/product"}],"about":[{"href":"https:\/\/mitimplant.com\/tr\/wp-json\/wp\/v2\/types\/product"}],"wp:featuredmedia":[{"embeddable":true,"href":"https:\/\/mitimplant.com\/tr\/wp-json\/wp\/v2\/media\/3948"}],"wp:attachment":[{"href":"https:\/\/mitimplant.com\/tr\/wp-json\/wp\/v2\/media?parent=4391"}],"wp:term":[{"taxonomy":"product_brand","embeddable":true,"href":"https:\/\/mitimplant.com\/tr\/wp-json\/wp\/v2\/product_brand?post=4391"},{"taxonomy":"product_cat","embeddable":true,"href":"https:\/\/mitimplant.com\/tr\/wp-json\/wp\/v2\/product_cat?post=4391"},{"taxonomy":"product_tag","embeddable":true,"href":"https:\/\/mitimplant.com\/tr\/wp-json\/wp\/v2\/product_tag?post=4391"}],"curies":[{"name":"wp","href":"https:\/\/api.w.org\/{rel}","templated":true}]}}