{"id":4118,"date":"2024-10-16T14:36:51","date_gmt":"2024-10-16T14:36:51","guid":{"rendered":"https:\/\/mitimplant.com\/protez-secenekleri\/"},"modified":"2024-11-25T16:00:09","modified_gmt":"2024-11-25T16:00:09","slug":"protez-secenekleri","status":"publish","type":"page","link":"https:\/\/mitimplant.com\/tr\/protez-secenekleri\/","title":{"rendered":"Protez Se\u00e7enekleri"},"content":{"rendered":"\t\t<div data-elementor-type=\"wp-page\" data-elementor-id=\"4118\" class=\"elementor elementor-4118 elementor-2976\" data-elementor-post-type=\"page\">\n\t\t\t\t<div class=\"elementor-element elementor-element-7dd6df9 e-flex e-con-boxed e-con e-parent\" data-id=\"7dd6df9\" data-element_type=\"container\" data-e-type=\"container\" data-settings=\"{&quot;background_background&quot;:&quot;classic&quot;}\">\n\t\t\t\t\t<div class=\"e-con-inner\">\n\t\t<div class=\"elementor-element elementor-element-3dd2b0a e-con-full e-flex e-con e-child\" data-id=\"3dd2b0a\" data-element_type=\"container\" data-e-type=\"container\">\n\t\t\t\t<div class=\"elementor-element elementor-element-394b5af elementor-invisible elementor-widget elementor-widget-heading\" data-id=\"394b5af\" data-element_type=\"widget\" data-e-type=\"widget\" data-settings=\"{&quot;_animation&quot;:&quot;fadeIn&quot;}\" data-widget_type=\"heading.default\">\n\t\t\t\t<div class=\"elementor-widget-container\">\n\t\t\t\t\t<h2 class=\"elementor-heading-title elementor-size-default\">Protez Se\u00e7enekleri<\/h2>\t\t\t\t<\/div>\n\t\t\t\t<\/div>\n\t\t<div class=\"elementor-element elementor-element-d372494 e-con-full e-flex e-con e-child\" data-id=\"d372494\" data-element_type=\"container\" data-e-type=\"container\">\n\t\t\t\t<div class=\"elementor-element elementor-element-4aa8422 ekit-image-accordion-hover ekit-image-accordion-mobile-vertical ekit-image-accordion-tablet-vertical elementor-widget__width-inherit ekit-image-accordion-horizontal elementor-widget elementor-widget-elementskit-image-accordion\" data-id=\"4aa8422\" data-element_type=\"widget\" data-e-type=\"widget\" data-widget_type=\"elementskit-image-accordion.default\">\n\t\t\t\t<div class=\"elementor-widget-container\">\n\t\t\t\t\t<div class=\"ekit-wid-con\" >\t\t<div class=\"ekit-image-accordion elementskit-image-accordion-wraper\">\n\t\t\t                <input type=\"radio\" name=\"ekit_ia_4aa8422\" id=\"ekit_ia_4aa8422_0\" class=\"elementskit-single-image-accordion--input\" hidden>\n                <label for=\"ekit_ia_4aa8422_0\" class=\"elementskit-single-image-accordion ekit-image-accordion-item\" style=\"background-image: url(http:\/\/mitimplant.com\/wp-content\/uploads\/2024\/10\/Impression-Coping\u200b-banner.jpg)\">\n                    <span class=\"elementskit-accordion-content\">\n\t\t\t\t\t\t\t\t\t\t\t\t\t<span class=\"elementskit-accordion-title-wraper\">\n\t\t\t\t\t\t\t\t<span class=\"elementskit-accordion-title \">\n\t\t\t\t\t\t\t\t\n\t\t\t\t\t\t\t\t\u00d6l\u00e7\u00fc Par\u00e7alar\u0131\n\t\t\t\t\t\t\t\t\t\t\t\t\t\t\t\t<\/span>\n\t\t\t\t\t\t\t<\/span>\n\t\t\t\t\t\t\t\t\t\t\t\t\t\t<span class=\"elementskit-btn-wraper\">\n\t\t\t\t\t\t\t\t<a class=\"ekit-image-accordion--btn elementskit-btn whitespace--normal\" href=\"https:\/\/mitimplant.com\/tr\/urun-kategori\/olcu-parcalari\/\">\n\t\t\t\t\t\t\t\t\tT\u00fcm\u00fcn\u00fc G\u00f6r\u00fcnt\u00fcle\t\t\t\t\t\t\t\t<\/a>\n\t\t\t\t\t\t\t<\/span>\n\t\t\t\t\t\t                    <\/span>\n                <\/label>\n                            <input type=\"radio\" name=\"ekit_ia_4aa8422\" id=\"ekit_ia_4aa8422_1\" class=\"elementskit-single-image-accordion--input\" hidden>\n                <label for=\"ekit_ia_4aa8422_1\" class=\"elementskit-single-image-accordion ekit-image-accordion-item\" style=\"background-image: url(http:\/\/mitimplant.com\/wp-content\/uploads\/2024\/10\/Analog-banner.jpg)\">\n                    <span class=\"elementskit-accordion-content\">\n\t\t\t\t\t\t\t\t\t\t\t\t\t<span class=\"elementskit-accordion-title-wraper\">\n\t\t\t\t\t\t\t\t<span class=\"elementskit-accordion-title \">\n\t\t\t\t\t\t\t\t\n\t\t\t\t\t\t\t\tAnalog\n\t\t\t\t\t\t\t\t\t\t\t\t\t\t\t\t<\/span>\n\t\t\t\t\t\t\t<\/span>\n\t\t\t\t\t\t\t\t\t\t\t\t\t\t<span class=\"elementskit-btn-wraper\">\n\t\t\t\t\t\t\t\t<a class=\"ekit-image-accordion--btn elementskit-btn whitespace--normal\" href=\"https:\/\/mitimplant.com\/tr\/urun-kategori\/analog-tr\/\">\n\t\t\t\t\t\t\t\t\tT\u00fcm\u00fcn\u00fc G\u00f6r\u00fcnt\u00fcle\t\t\t\t\t\t\t\t<\/a>\n\t\t\t\t\t\t\t<\/span>\n\t\t\t\t\t\t                    <\/span>\n                <\/label>\n                            <input type=\"radio\" name=\"ekit_ia_4aa8422\" id=\"ekit_ia_4aa8422_2\" class=\"elementskit-single-image-accordion--input\" hidden>\n                <label for=\"ekit_ia_4aa8422_2\" class=\"elementskit-single-image-accordion ekit-image-accordion-item\" style=\"background-image: url(http:\/\/mitimplant.com\/wp-content\/uploads\/2024\/10\/Screw-Restoration\u200b-banner.jpg)\">\n                    <span class=\"elementskit-accordion-content\">\n\t\t\t\t\t\t\t\t\t\t\t\t\t<span class=\"elementskit-accordion-title-wraper\">\n\t\t\t\t\t\t\t\t<span class=\"elementskit-accordion-title \">\n\t\t\t\t\t\t\t\t\n\t\t\t\t\t\t\t\tVidal\u0131 Restorasyon\n\t\t\t\t\t\t\t\t\t\t\t\t\t\t\t\t<\/span>\n\t\t\t\t\t\t\t<\/span>\n\t\t\t\t\t\t\t\t\t\t\t\t\t\t<span class=\"elementskit-btn-wraper\">\n\t\t\t\t\t\t\t\t<a class=\"ekit-image-accordion--btn elementskit-btn whitespace--normal\" href=\"https:\/\/mitimplant.com\/tr\/urun-kategori\/vidali-restorasyon\/\">\n\t\t\t\t\t\t\t\t\tT\u00fcm\u00fcn\u00fc G\u00f6r\u00fcnt\u00fcle\t\t\t\t\t\t\t\t<\/a>\n\t\t\t\t\t\t\t<\/span>\n\t\t\t\t\t\t                    <\/span>\n                <\/label>\n                            <input type=\"radio\" name=\"ekit_ia_4aa8422\" id=\"ekit_ia_4aa8422_3\" class=\"elementskit-single-image-accordion--input\" hidden>\n                <label for=\"ekit_ia_4aa8422_3\" class=\"elementskit-single-image-accordion ekit-image-accordion-item\" style=\"background-image: url(http:\/\/mitimplant.com\/wp-content\/uploads\/2024\/10\/Healing-Caps\u200b-banner.jpg)\">\n                    <span class=\"elementskit-accordion-content\">\n\t\t\t\t\t\t\t\t\t\t\t\t\t<span class=\"elementskit-accordion-title-wraper\">\n\t\t\t\t\t\t\t\t<span class=\"elementskit-accordion-title \">\n\t\t\t\t\t\t\t\t\n\t\t\t\t\t\t\t\t\u0130yile\u015fme ba\u015fl\u0131klar\u0131\n\t\t\t\t\t\t\t\t\t\t\t\t\t\t\t\t<\/span>\n\t\t\t\t\t\t\t<\/span>\n\t\t\t\t\t\t\t\t\t\t\t\t\t\t<span class=\"elementskit-btn-wraper\">\n\t\t\t\t\t\t\t\t<a class=\"ekit-image-accordion--btn elementskit-btn whitespace--normal\" href=\"https:\/\/mitimplant.com\/tr\/urun-kategori\/iyilesme-basliklari\/\">\n\t\t\t\t\t\t\t\t\tT\u00fcm\u00fcn\u00fc G\u00f6r\u00fcnt\u00fcle\t\t\t\t\t\t\t\t<\/a>\n\t\t\t\t\t\t\t<\/span>\n\t\t\t\t\t\t                    <\/span>\n                <\/label>\n                            <input type=\"radio\" name=\"ekit_ia_4aa8422\" id=\"ekit_ia_4aa8422_4\" class=\"elementskit-single-image-accordion--input\" hidden>\n                <label for=\"ekit_ia_4aa8422_4\" class=\"elementskit-single-image-accordion ekit-image-accordion-item\" style=\"background-image: url(http:\/\/mitimplant.com\/wp-content\/uploads\/2024\/10\/Cemented-Restoration\u200b-banner.jpg)\">\n                    <span class=\"elementskit-accordion-content\">\n\t\t\t\t\t\t\t\t\t\t\t\t\t<span class=\"elementskit-accordion-title-wraper\">\n\t\t\t\t\t\t\t\t<span class=\"elementskit-accordion-title \">\n\t\t\t\t\t\t\t\t\n\t\t\t\t\t\t\t\tSimanl\u0131 Restorasyonlar\n\t\t\t\t\t\t\t\t\t\t\t\t\t\t\t\t<\/span>\n\t\t\t\t\t\t\t<\/span>\n\t\t\t\t\t\t\t\t\t\t\t\t\t\t<span class=\"elementskit-btn-wraper\">\n\t\t\t\t\t\t\t\t<a class=\"ekit-image-accordion--btn elementskit-btn whitespace--normal\" href=\"https:\/\/mitimplant.com\/tr\/urun-kategori\/simanli-restorasyon\/\">\n\t\t\t\t\t\t\t\t\tT\u00fcm\u00fcn\u00fc G\u00f6r\u00fcnt\u00fcle\t\t\t\t\t\t\t\t<\/a>\n\t\t\t\t\t\t\t<\/span>\n\t\t\t\t\t\t                    <\/span>\n                <\/label>\n                            <input type=\"radio\" name=\"ekit_ia_4aa8422\" id=\"ekit_ia_4aa8422_5\" class=\"elementskit-single-image-accordion--input\" hidden>\n                <label for=\"ekit_ia_4aa8422_5\" class=\"elementskit-single-image-accordion ekit-image-accordion-item\" style=\"background-image: url(http:\/\/mitimplant.com\/wp-content\/uploads\/2024\/10\/Removable-Prostheses\u200b-banner.jpg)\">\n                    <span class=\"elementskit-accordion-content\">\n\t\t\t\t\t\t\t\t\t\t\t\t\t<span class=\"elementskit-accordion-title-wraper\">\n\t\t\t\t\t\t\t\t<span class=\"elementskit-accordion-title \">\n\t\t\t\t\t\t\t\t\n\t\t\t\t\t\t\t\tHareketli Protezler\n\t\t\t\t\t\t\t\t\t\t\t\t\t\t\t\t<\/span>\n\t\t\t\t\t\t\t<\/span>\n\t\t\t\t\t\t\t\t\t\t\t\t\t\t<span class=\"elementskit-btn-wraper\">\n\t\t\t\t\t\t\t\t<a class=\"ekit-image-accordion--btn elementskit-btn whitespace--normal\" href=\"https:\/\/mitimplant.com\/tr\/urun-kategori\/hareketli-protezler\/\">\n\t\t\t\t\t\t\t\t\tT\u00fcm\u00fcn\u00fc G\u00f6r\u00fcnt\u00fcle\t\t\t\t\t\t\t\t<\/a>\n\t\t\t\t\t\t\t<\/span>\n\t\t\t\t\t\t                    <\/span>\n                <\/label>\n                    <\/div>\n    <\/div>\t\t\t\t<\/div>\n\t\t\t\t<\/div>\n\t\t\t\t<\/div>\n\t\t<div class=\"elementor-element elementor-element-135c6c8 e-con-full e-flex e-con e-child\" data-id=\"135c6c8\" data-element_type=\"container\" data-e-type=\"container\">\n\t\t\t\t<div class=\"elementor-element elementor-element-730bb9d elementor-widget elementor-widget-text-editor\" data-id=\"730bb9d\" data-element_type=\"widget\" data-e-type=\"widget\" data-widget_type=\"text-editor.default\">\n\t\t\t\t<div class=\"elementor-widget-container\">\n\t\t\t\t\t\t\t\t\t<p><strong>HAMMADDE: Ti-6Al-4V ELI &#8211; S\u0131n\u0131f 5<\/strong><\/p>\n<p><strong>Hipoalerjenik \u00d6zellikler:<\/strong><br \/>Titanyum, v\u00fccutta alerjik reaksiyonlara neden olma olas\u0131l\u0131\u011f\u0131 d\u00fc\u015f\u00fck bir metal oldu\u011fu i\u00e7in <strong>biyouyumlu<\/strong> implantlar ve <strong>protezler<\/strong> i\u00e7in s\u0131kl\u0131kla tercih edilir.<\/p>\n<p><strong>Y\u00fcksek Dayan\u0131kl\u0131l\u0131k:<\/strong><br \/>Y\u00fcksek mukavemet ve hafiflik \u00f6zellikleri nedeniyle titanyum, ortopedik implantlar, di\u015f implantlar\u0131 ve di\u011fer t\u0131bbi cihazlar i\u00e7in ideal bir malzemedir.<\/p>\n<p><strong>Korozyona Diren\u00e7:<\/strong><br \/>Titanyum, oksidasyona diren\u00e7li bir y\u00fczey olu\u015fturarak bozulmadan uzun s\u00fcre v\u00fccut i\u00e7inde kalmas\u0131n\u0131 sa\u011flar.<\/p>\n<p><strong>Kemik Ba\u011flant\u0131s\u0131:<\/strong><br \/>Titanyum m\u00fckemmel osteointegrasyon sergiler, yani kemikle iyi bir \u015fekilde b\u00fct\u00fcnle\u015febilir ve bu da implantlar\u0131n stabilitesini art\u0131r\u0131r.<\/p>\n<p><strong>Kullan\u0131m Alanlar\u0131:<\/strong><br \/>Titanyumdan yap\u0131lan biyomedikal cihazlar ortopedi, di\u015f hekimli\u011fi ve kardiyovask\u00fcler cerrahi dahil olmak \u00fczere \u00e7e\u015fitli alanlarda kullan\u0131lmaktad\u0131r.<\/p>\n<p><strong>Y\u00fczey Modifikasyonu:<\/strong><br \/>Y\u00fczey modifikasyonlar\u0131 titanyumun biyouyumlulu\u011funu art\u0131rarak implant\u0131n biyolojik \u00e7evresiyle etkile\u015fimini geli\u015ftirebilir. Bu \u00f6zellikler titanyumu biyomedikal uygulamalarda olduk\u00e7a pop\u00fcler bir malzeme haline getirmi\u015ftir.<\/p>\n\t\t\t\t\t\t\t\t<\/div>\n\t\t\t\t<\/div>\n\t\t\t\t<\/div>\n\t\t\t\t<\/div>\n\t\t\t\t\t<\/div>\n\t\t\t\t<\/div>\n\t\t\t\t<\/div>\n\t\t","protected":false},"excerpt":{"rendered":"<p>\u00d6l\u00e7\u00fc Par\u00e7alar\u0131 T\u00fcm\u00fcn\u00fc G\u00f6r\u00fcnt\u00fcle Analog T\u00fcm\u00fcn\u00fc G\u00f6r\u00fcnt\u00fcle Vidal\u0131 Restorasyon T\u00fcm\u00fcn\u00fc G\u00f6r\u00fcnt\u00fcle \u0130yile\u015fme ba\u015fl\u0131klar\u0131 T\u00fcm\u00fcn\u00fc G\u00f6r\u00fcnt\u00fcle Simanl\u0131 Restorasyonlar T\u00fcm\u00fcn\u00fc G\u00f6r\u00fcnt\u00fcle Hareketli Protezler T\u00fcm\u00fcn\u00fc G\u00f6r\u00fcnt\u00fcle HAMMADDE: Ti-6Al-4V ELI &#8211; S\u0131n\u0131f 5 Hipoalerjenik \u00d6zellikler:Titanyum, v\u00fccutta alerjik reaksiyonlara neden olma olas\u0131l\u0131\u011f\u0131 d\u00fc\u015f\u00fck bir metal oldu\u011fu i\u00e7in biyouyumlu implantlar ve protezler i\u00e7in s\u0131kl\u0131kla tercih edilir. Y\u00fcksek Dayan\u0131kl\u0131l\u0131k:Y\u00fcksek mukavemet ve hafiflik [&hellip;]<\/p>\n","protected":false},"author":3,"featured_media":0,"parent":0,"menu_order":0,"comment_status":"closed","ping_status":"closed","template":"elementor_header_footer","meta":{"footnotes":""},"class_list":["post-4118","page","type-page","status-publish","hentry"],"_links":{"self":[{"href":"https:\/\/mitimplant.com\/tr\/wp-json\/wp\/v2\/pages\/4118","targetHints":{"allow":["GET"]}}],"collection":[{"href":"https:\/\/mitimplant.com\/tr\/wp-json\/wp\/v2\/pages"}],"about":[{"href":"https:\/\/mitimplant.com\/tr\/wp-json\/wp\/v2\/types\/page"}],"author":[{"embeddable":true,"href":"https:\/\/mitimplant.com\/tr\/wp-json\/wp\/v2\/users\/3"}],"replies":[{"embeddable":true,"href":"https:\/\/mitimplant.com\/tr\/wp-json\/wp\/v2\/comments?post=4118"}],"version-history":[{"count":7,"href":"https:\/\/mitimplant.com\/tr\/wp-json\/wp\/v2\/pages\/4118\/revisions"}],"predecessor-version":[{"id":4571,"href":"https:\/\/mitimplant.com\/tr\/wp-json\/wp\/v2\/pages\/4118\/revisions\/4571"}],"wp:attachment":[{"href":"https:\/\/mitimplant.com\/tr\/wp-json\/wp\/v2\/media?parent=4118"}],"curies":[{"name":"wp","href":"https:\/\/api.w.org\/{rel}","templated":true}]}}