{"id":4116,"date":"2024-10-10T18:09:54","date_gmt":"2024-10-10T18:09:54","guid":{"rendered":"https:\/\/mitimplant.com\/urunler\/"},"modified":"2024-11-25T15:40:43","modified_gmt":"2024-11-25T15:40:43","slug":"urunler","status":"publish","type":"page","link":"https:\/\/mitimplant.com\/tr\/urunler\/","title":{"rendered":"\u00dcr\u00fcnler"},"content":{"rendered":"\t\t<div data-elementor-type=\"wp-page\" data-elementor-id=\"4116\" class=\"elementor elementor-4116 elementor-2515\" data-elementor-post-type=\"page\">\n\t\t\t\t<div class=\"elementor-element elementor-element-aa519be e-flex e-con-boxed e-con e-parent\" data-id=\"aa519be\" data-element_type=\"container\" data-e-type=\"container\" data-settings=\"{&quot;background_background&quot;:&quot;classic&quot;}\">\n\t\t\t\t\t<div class=\"e-con-inner\">\n\t\t<div class=\"elementor-element elementor-element-417992e e-con-full e-flex e-con e-child\" data-id=\"417992e\" data-element_type=\"container\" data-e-type=\"container\">\n\t\t\t\t<div class=\"elementor-element elementor-element-65dd189 elementor-invisible elementor-widget elementor-widget-heading\" data-id=\"65dd189\" data-element_type=\"widget\" data-e-type=\"widget\" data-settings=\"{&quot;_animation&quot;:&quot;fadeIn&quot;}\" data-widget_type=\"heading.default\">\n\t\t\t\t<div class=\"elementor-widget-container\">\n\t\t\t\t\t<h2 class=\"elementor-heading-title elementor-size-default\">\u00dcr\u00fcnler<\/h2>\t\t\t\t<\/div>\n\t\t\t\t<\/div>\n\t\t\t\t<div class=\"elementor-element elementor-element-05fda5b ekit-image-accordion-hover ekit-image-accordion-mobile-vertical ekit-image-accordion-tablet-vertical ekit-image-accordion-horizontal elementor-widget elementor-widget-elementskit-image-accordion\" data-id=\"05fda5b\" data-element_type=\"widget\" data-e-type=\"widget\" data-widget_type=\"elementskit-image-accordion.default\">\n\t\t\t\t<div class=\"elementor-widget-container\">\n\t\t\t\t\t<div class=\"ekit-wid-con\" >\t\t<div class=\"ekit-image-accordion elementskit-image-accordion-wraper\">\n\t\t\t                <input type=\"radio\" name=\"ekit_ia_05fda5b\" id=\"ekit_ia_05fda5b_0\" class=\"elementskit-single-image-accordion--input\" hidden>\n                <label for=\"ekit_ia_05fda5b_0\" class=\"elementskit-single-image-accordion ekit-image-accordion-item\" style=\"background-image: url(http:\/\/mitimplant.com\/wp-content\/uploads\/2024\/10\/mit-implant-implants-banner.png)\">\n                    <span class=\"elementskit-accordion-content\">\n\t\t\t\t\t\t\t\t\t\t\t\t\t<span class=\"elementskit-accordion-title-wraper\">\n\t\t\t\t\t\t\t\t<span class=\"elementskit-accordion-title \">\n\t\t\t\t\t\t\t\t\n\t\t\t\t\t\t\t\t\u0130mplantlar\n\t\t\t\t\t\t\t\t\t\t\t\t\t\t\t\t<\/span>\n\t\t\t\t\t\t\t<\/span>\n\t\t\t\t\t\t\t\t\t\t\t\t\t\t<span class=\"elementskit-btn-wraper\">\n\t\t\t\t\t\t\t\t<a class=\"ekit-image-accordion--btn elementskit-btn whitespace--normal\" href=\"https:\/\/mitimplant.com\/tr\/urun-kategori\/implantlar\/\">\n\t\t\t\t\t\t\t\t\tT\u00fcm\u00fcn\u00fc G\u00f6r\u00fcnt\u00fcle\t\t\t\t\t\t\t\t<\/a>\n\t\t\t\t\t\t\t<\/span>\n\t\t\t\t\t\t                    <\/span>\n                <\/label>\n                            <input type=\"radio\" name=\"ekit_ia_05fda5b\" id=\"ekit_ia_05fda5b_1\" class=\"elementskit-single-image-accordion--input\" hidden>\n                <label for=\"ekit_ia_05fda5b_1\" class=\"elementskit-single-image-accordion ekit-image-accordion-item\" style=\"background-image: url(http:\/\/mitimplant.com\/wp-content\/uploads\/2024\/10\/e0a01f53-897e-4105-aa42-dc49c7fbb7a2.jpeg)\">\n                    <span class=\"elementskit-accordion-content\">\n\t\t\t\t\t\t\t\t\t\t\t\t\t<span class=\"elementskit-accordion-title-wraper\">\n\t\t\t\t\t\t\t\t<span class=\"elementskit-accordion-title \">\n\t\t\t\t\t\t\t\t\n\t\t\t\t\t\t\t\tProtez Se\u00e7enekleri\n\t\t\t\t\t\t\t\t\t\t\t\t\t\t\t\t<\/span>\n\t\t\t\t\t\t\t<\/span>\n\t\t\t\t\t\t\t\t\t\t\t\t\t\t<span class=\"elementskit-btn-wraper\">\n\t\t\t\t\t\t\t\t<a class=\"ekit-image-accordion--btn elementskit-btn whitespace--normal\" href=\"http:\/\/mitimplant.com\/prosthetic-options\/\">\n\t\t\t\t\t\t\t\t\tT\u00fcm\u00fcn\u00fc G\u00f6r\u00fcnt\u00fcle\t\t\t\t\t\t\t\t<\/a>\n\t\t\t\t\t\t\t<\/span>\n\t\t\t\t\t\t                    <\/span>\n                <\/label>\n                            <input type=\"radio\" name=\"ekit_ia_05fda5b\" id=\"ekit_ia_05fda5b_2\" class=\"elementskit-single-image-accordion--input\" hidden>\n                <label for=\"ekit_ia_05fda5b_2\" class=\"elementskit-single-image-accordion ekit-image-accordion-item\" style=\"background-image: url(http:\/\/mitimplant.com\/wp-content\/uploads\/2024\/10\/v2-concentrated-dentist-sitting-table-with-jaw-samples-tooth-model-working-with-tablet.jpeg)\">\n                    <span class=\"elementskit-accordion-content\">\n\t\t\t\t\t\t\t\t\t\t\t\t\t<span class=\"elementskit-accordion-title-wraper\">\n\t\t\t\t\t\t\t\t<span class=\"elementskit-accordion-title \">\n\t\t\t\t\t\t\t\t\n\t\t\t\t\t\t\t\tDijital \u00c7\u00f6z\u00fcmler\n\t\t\t\t\t\t\t\t\t\t\t\t\t\t\t\t<\/span>\n\t\t\t\t\t\t\t<\/span>\n\t\t\t\t\t\t\t\t\t\t\t\t\t\t<span class=\"elementskit-btn-wraper\">\n\t\t\t\t\t\t\t\t<a class=\"ekit-image-accordion--btn elementskit-btn whitespace--normal\" href=\"http:\/\/mitimplant.com\/digital-solutions\/\">\n\t\t\t\t\t\t\t\t\tT\u00fcm\u00fcn\u00fc G\u00f6r\u00fcnt\u00fcle\t\t\t\t\t\t\t\t<\/a>\n\t\t\t\t\t\t\t<\/span>\n\t\t\t\t\t\t                    <\/span>\n                <\/label>\n                            <input type=\"radio\" name=\"ekit_ia_05fda5b\" id=\"ekit_ia_05fda5b_3\" class=\"elementskit-single-image-accordion--input\" hidden>\n                <label for=\"ekit_ia_05fda5b_3\" class=\"elementskit-single-image-accordion ekit-image-accordion-item\" style=\"background-image: url(http:\/\/mitimplant.com\/wp-content\/uploads\/2024\/10\/surgical-kit-banner.png)\">\n                    <span class=\"elementskit-accordion-content\">\n\t\t\t\t\t\t\t\t\t\t\t\t\t<span class=\"elementskit-accordion-title-wraper\">\n\t\t\t\t\t\t\t\t<span class=\"elementskit-accordion-title \">\n\t\t\t\t\t\t\t\t\n\t\t\t\t\t\t\t\tCerrahi Kit\n\t\t\t\t\t\t\t\t\t\t\t\t\t\t\t\t<\/span>\n\t\t\t\t\t\t\t<\/span>\n\t\t\t\t\t\t\t\t\t\t\t\t\t\t<span class=\"elementskit-btn-wraper\">\n\t\t\t\t\t\t\t\t<a class=\"ekit-image-accordion--btn elementskit-btn whitespace--normal\" href=\"http:\/\/mitimplant.com\/product-category\/surgical-kit\/\">\n\t\t\t\t\t\t\t\t\tT\u00fcm\u00fcn\u00fc G\u00f6r\u00fcnt\u00fcle\t\t\t\t\t\t\t\t<\/a>\n\t\t\t\t\t\t\t<\/span>\n\t\t\t\t\t\t                    <\/span>\n                <\/label>\n                    <\/div>\n    <\/div>\t\t\t\t<\/div>\n\t\t\t\t<\/div>\n\t\t\t\t<\/div>\n\t\t\t\t\t<\/div>\n\t\t\t\t<\/div>\n\t\t\t\t<\/div>\n\t\t","protected":false},"excerpt":{"rendered":"<p>\u0130mplantlar T\u00fcm\u00fcn\u00fc G\u00f6r\u00fcnt\u00fcle Protez Se\u00e7enekleri T\u00fcm\u00fcn\u00fc G\u00f6r\u00fcnt\u00fcle Dijital \u00c7\u00f6z\u00fcmler T\u00fcm\u00fcn\u00fc G\u00f6r\u00fcnt\u00fcle Cerrahi Kit T\u00fcm\u00fcn\u00fc G\u00f6r\u00fcnt\u00fcle<\/p>\n","protected":false},"author":3,"featured_media":0,"parent":0,"menu_order":0,"comment_status":"closed","ping_status":"closed","template":"elementor_header_footer","meta":{"footnotes":""},"class_list":["post-4116","page","type-page","status-publish","hentry"],"_links":{"self":[{"href":"https:\/\/mitimplant.com\/tr\/wp-json\/wp\/v2\/pages\/4116","targetHints":{"allow":["GET"]}}],"collection":[{"href":"https:\/\/mitimplant.com\/tr\/wp-json\/wp\/v2\/pages"}],"about":[{"href":"https:\/\/mitimplant.com\/tr\/wp-json\/wp\/v2\/types\/page"}],"author":[{"embeddable":true,"href":"https:\/\/mitimplant.com\/tr\/wp-json\/wp\/v2\/users\/3"}],"replies":[{"embeddable":true,"href":"https:\/\/mitimplant.com\/tr\/wp-json\/wp\/v2\/comments?post=4116"}],"version-history":[{"count":8,"href":"https:\/\/mitimplant.com\/tr\/wp-json\/wp\/v2\/pages\/4116\/revisions"}],"predecessor-version":[{"id":4562,"href":"https:\/\/mitimplant.com\/tr\/wp-json\/wp\/v2\/pages\/4116\/revisions\/4562"}],"wp:attachment":[{"href":"https:\/\/mitimplant.com\/tr\/wp-json\/wp\/v2\/media?parent=4116"}],"curies":[{"name":"wp","href":"https:\/\/api.w.org\/{rel}","templated":true}]}}