{"id":4107,"date":"2024-09-18T16:39:29","date_gmt":"2024-09-18T16:39:29","guid":{"rendered":"https:\/\/mitimplant.com\/sertifikalarimiz\/"},"modified":"2025-12-19T12:58:47","modified_gmt":"2025-12-19T12:58:47","slug":"sertifikalarimiz","status":"publish","type":"page","link":"https:\/\/mitimplant.com\/tr\/sertifikalarimiz\/","title":{"rendered":"Sertifikalar\u0131m\u0131z"},"content":{"rendered":"\t\t<div data-elementor-type=\"wp-page\" data-elementor-id=\"4107\" class=\"elementor elementor-4107 elementor-484\" data-elementor-post-type=\"page\">\n\t\t\t\t<div class=\"elementor-element elementor-element-1373363 e-flex e-con-boxed e-con e-parent\" data-id=\"1373363\" data-element_type=\"container\" data-e-type=\"container\" data-settings=\"{&quot;background_background&quot;:&quot;classic&quot;}\">\n\t\t\t\t\t<div class=\"e-con-inner\">\n\t\t\t\t<div class=\"elementor-element elementor-element-87b414b elementor-invisible elementor-widget elementor-widget-heading\" data-id=\"87b414b\" data-element_type=\"widget\" data-e-type=\"widget\" data-settings=\"{&quot;_animation&quot;:&quot;fadeIn&quot;}\" data-widget_type=\"heading.default\">\n\t\t\t\t<div class=\"elementor-widget-container\">\n\t\t\t\t\t<h2 class=\"elementor-heading-title elementor-size-default\">Sertifikalar\u0131m\u0131z<\/h2>\t\t\t\t<\/div>\n\t\t\t\t<\/div>\n\t\t\t\t\t<\/div>\n\t\t\t\t<\/div>\n\t\t<div class=\"elementor-element elementor-element-72c5fa3 e-flex e-con-boxed e-con e-parent\" data-id=\"72c5fa3\" data-element_type=\"container\" data-e-type=\"container\" data-settings=\"{&quot;background_background&quot;:&quot;classic&quot;}\">\n\t\t\t\t\t<div class=\"e-con-inner\">\n\t\t<div class=\"elementor-element elementor-element-53e7a6c e-con-full e-flex e-con e-child\" data-id=\"53e7a6c\" data-element_type=\"container\" data-e-type=\"container\">\n\t\t\t\t<div class=\"elementor-element elementor-element-468ad45 elementor-widget elementor-widget-image\" data-id=\"468ad45\" data-element_type=\"widget\" data-e-type=\"widget\" data-widget_type=\"image.default\">\n\t\t\t\t<div class=\"elementor-widget-container\">\n\t\t\t\t\t\t\t\t\t\t\t\t\t\t\t\t<a href=\"https:\/\/mitimplant.com\/wp-content\/uploads\/2025\/09\/EU-QMS-Certificate-1083.png\" data-elementor-open-lightbox=\"yes\" data-elementor-lightbox-title=\"EU QMS Certificate 1083\" data-e-action-hash=\"#elementor-action%3Aaction%3Dlightbox%26settings%3DeyJpZCI6NTg4OSwidXJsIjoiaHR0cHM6XC9cL21pdGltcGxhbnQuY29tXC93cC1jb250ZW50XC91cGxvYWRzXC8yMDI1XC8wOVwvRVUtUU1TLUNlcnRpZmljYXRlLTEwODMucG5nIn0%3D\">\n\t\t\t\t\t\t\t<img fetchpriority=\"high\" decoding=\"async\" width=\"963\" height=\"1399\" src=\"https:\/\/mitimplant.com\/wp-content\/uploads\/2025\/09\/EU-QMS-Certificate-1083.png\" class=\"elementor-animation-grow attachment-full size-full wp-image-5889\" alt=\"\" \/>\t\t\t\t\t\t\t\t<\/a>\n\t\t\t\t\t\t\t\t\t\t\t\t\t\t\t<\/div>\n\t\t\t\t<\/div>\n\t\t\t\t<div class=\"elementor-element elementor-element-462fa05 elementor-widget elementor-widget-heading\" data-id=\"462fa05\" data-element_type=\"widget\" data-e-type=\"widget\" data-widget_type=\"heading.default\">\n\t\t\t\t<div class=\"elementor-widget-container\">\n\t\t\t\t\t<h2 class=\"elementor-heading-title elementor-size-default\">MDR<\/h2>\t\t\t\t<\/div>\n\t\t\t\t<\/div>\n\t\t\t\t<\/div>\n\t\t<div class=\"elementor-element elementor-element-7fc2ca8 e-con-full e-flex e-con e-child\" data-id=\"7fc2ca8\" data-element_type=\"container\" data-e-type=\"container\">\n\t\t\t\t<div class=\"elementor-element elementor-element-d3bbe37 elementor-widget elementor-widget-image\" data-id=\"d3bbe37\" data-element_type=\"widget\" data-e-type=\"widget\" data-widget_type=\"image.default\">\n\t\t\t\t<div class=\"elementor-widget-container\">\n\t\t\t\t\t\t\t\t\t\t\t\t\t\t\t\t<a href=\"https:\/\/mitimplant.com\/wp-content\/uploads\/2025\/04\/OZ-AKYEL-ISO-13485-1.png\" data-elementor-open-lightbox=\"yes\" data-elementor-lightbox-title=\"\u00d6Z AKYEL ISO 13485\" data-e-action-hash=\"#elementor-action%3Aaction%3Dlightbox%26settings%3DeyJpZCI6NTc2OSwidXJsIjoiaHR0cHM6XC9cL21pdGltcGxhbnQuY29tXC93cC1jb250ZW50XC91cGxvYWRzXC8yMDI1XC8wNFwvT1otQUtZRUwtSVNPLTEzNDg1LTEucG5nIn0%3D\">\n\t\t\t\t\t\t\t<img decoding=\"async\" width=\"1240\" height=\"1754\" src=\"https:\/\/mitimplant.com\/wp-content\/uploads\/2025\/04\/OZ-AKYEL-ISO-13485-1.png\" class=\"elementor-animation-grow attachment-full size-full wp-image-5769\" alt=\"\" \/>\t\t\t\t\t\t\t\t<\/a>\n\t\t\t\t\t\t\t\t\t\t\t\t\t\t\t<\/div>\n\t\t\t\t<\/div>\n\t\t\t\t<div class=\"elementor-element elementor-element-225f971 elementor-widget elementor-widget-heading\" data-id=\"225f971\" data-element_type=\"widget\" data-e-type=\"widget\" data-widget_type=\"heading.default\">\n\t\t\t\t<div class=\"elementor-widget-container\">\n\t\t\t\t\t<h2 class=\"elementor-heading-title elementor-size-default\">ISO: 13485<\/h2>\t\t\t\t<\/div>\n\t\t\t\t<\/div>\n\t\t\t\t<\/div>\n\t\t<div class=\"elementor-element elementor-element-fe1b0cd e-con-full e-flex e-con e-child\" data-id=\"fe1b0cd\" data-element_type=\"container\" data-e-type=\"container\">\n\t\t\t\t<div class=\"elementor-element elementor-element-388d57d elementor-widget elementor-widget-image\" data-id=\"388d57d\" data-element_type=\"widget\" data-e-type=\"widget\" data-widget_type=\"image.default\">\n\t\t\t\t<div class=\"elementor-widget-container\">\n\t\t\t\t\t\t\t\t\t\t\t\t\t\t\t\t<a href=\"https:\/\/mitimplant.com\/wp-content\/uploads\/2025\/12\/Scan2025-12-19_120251_page-0001-min.png\" data-elementor-open-lightbox=\"yes\" data-elementor-lightbox-title=\"Scan2025-12-19_120251_page-0001-min\" data-e-action-hash=\"#elementor-action%3Aaction%3Dlightbox%26settings%3DeyJpZCI6NTk4NiwidXJsIjoiaHR0cHM6XC9cL21pdGltcGxhbnQuY29tXC93cC1jb250ZW50XC91cGxvYWRzXC8yMDI1XC8xMlwvU2NhbjIwMjUtMTItMTlfMTIwMjUxX3BhZ2UtMDAwMS1taW4ucG5nIn0%3D\">\n\t\t\t\t\t\t\t<img decoding=\"async\" width=\"1205\" height=\"1718\" src=\"https:\/\/mitimplant.com\/wp-content\/uploads\/2025\/12\/Scan2025-12-19_120251_page-0001-min.png\" class=\"elementor-animation-grow attachment-full size-full wp-image-5986\" alt=\"\" srcset=\"https:\/\/mitimplant.com\/wp-content\/uploads\/2025\/12\/Scan2025-12-19_120251_page-0001-min.png 1205w, https:\/\/mitimplant.com\/wp-content\/uploads\/2025\/12\/Scan2025-12-19_120251_page-0001-min-210x300.png 210w, https:\/\/mitimplant.com\/wp-content\/uploads\/2025\/12\/Scan2025-12-19_120251_page-0001-min-718x1024.png 718w, https:\/\/mitimplant.com\/wp-content\/uploads\/2025\/12\/Scan2025-12-19_120251_page-0001-min-768x1095.png 768w, https:\/\/mitimplant.com\/wp-content\/uploads\/2025\/12\/Scan2025-12-19_120251_page-0001-min-1077x1536.png 1077w, https:\/\/mitimplant.com\/wp-content\/uploads\/2025\/12\/Scan2025-12-19_120251_page-0001-min-600x855.png 600w\" sizes=\"(max-width: 1205px) 100vw, 1205px\" \/>\t\t\t\t\t\t\t\t<\/a>\n\t\t\t\t\t\t\t\t\t\t\t\t\t\t\t<\/div>\n\t\t\t\t<\/div>\n\t\t\t\t<div class=\"elementor-element elementor-element-e20ed85 elementor-widget elementor-widget-heading\" data-id=\"e20ed85\" data-element_type=\"widget\" data-e-type=\"widget\" data-widget_type=\"heading.default\">\n\t\t\t\t<div class=\"elementor-widget-container\">\n\t\t\t\t\t<h2 class=\"elementor-heading-title elementor-size-default\">Sterilizasyon<\/h2>\t\t\t\t<\/div>\n\t\t\t\t<\/div>\n\t\t\t\t<\/div>\n\t\t<div class=\"elementor-element elementor-element-5d3029b e-con-full e-flex e-con e-child\" data-id=\"5d3029b\" data-element_type=\"container\" data-e-type=\"container\">\n\t\t\t\t<div class=\"elementor-element elementor-element-39daee3 elementor-widget elementor-widget-image\" data-id=\"39daee3\" data-element_type=\"widget\" data-e-type=\"widget\" data-widget_type=\"image.default\">\n\t\t\t\t<div class=\"elementor-widget-container\">\n\t\t\t\t\t\t\t\t\t\t\t\t\t\t\t\t<a href=\"https:\/\/mitimplant.com\/wp-content\/uploads\/2024\/09\/4.png\" data-elementor-open-lightbox=\"yes\" data-elementor-lightbox-title=\"4\" data-e-action-hash=\"#elementor-action%3Aaction%3Dlightbox%26settings%3DeyJpZCI6Mzc4MywidXJsIjoiaHR0cHM6XC9cL21pdGltcGxhbnQuY29tXC93cC1jb250ZW50XC91cGxvYWRzXC8yMDI0XC8wOVwvNC5wbmcifQ%3D%3D\">\n\t\t\t\t\t\t\t<img loading=\"lazy\" decoding=\"async\" width=\"1086\" height=\"1526\" src=\"https:\/\/mitimplant.com\/wp-content\/uploads\/2024\/09\/4.png\" class=\"elementor-animation-grow attachment-full size-full wp-image-3783\" alt=\"\" srcset=\"https:\/\/mitimplant.com\/wp-content\/uploads\/2024\/09\/4.png 1086w, https:\/\/mitimplant.com\/wp-content\/uploads\/2024\/09\/4-213x300.png 213w, https:\/\/mitimplant.com\/wp-content\/uploads\/2024\/09\/4-729x1024.png 729w, https:\/\/mitimplant.com\/wp-content\/uploads\/2024\/09\/4-768x1079.png 768w, https:\/\/mitimplant.com\/wp-content\/uploads\/2024\/09\/4-600x843.png 600w\" sizes=\"(max-width: 1086px) 100vw, 1086px\" \/>\t\t\t\t\t\t\t\t<\/a>\n\t\t\t\t\t\t\t\t\t\t\t\t\t\t\t<\/div>\n\t\t\t\t<\/div>\n\t\t\t\t<div class=\"elementor-element elementor-element-c66fcd3 elementor-widget elementor-widget-heading\" data-id=\"c66fcd3\" data-element_type=\"widget\" data-e-type=\"widget\" data-widget_type=\"heading.default\">\n\t\t\t\t<div class=\"elementor-widget-container\">\n\t\t\t\t\t<h2 class=\"elementor-heading-title elementor-size-default\">S\u0131f\u0131r At\u0131k Sertifikas\u0131<\/h2>\t\t\t\t<\/div>\n\t\t\t\t<\/div>\n\t\t\t\t<\/div>\n\t\t\t\t\t<\/div>\n\t\t\t\t<\/div>\n\t\t\t\t<\/div>\n\t\t","protected":false},"excerpt":{"rendered":"<p>MDR ISO: 13485 Sterilizasyon S\u0131f\u0131r At\u0131k Sertifikas\u0131<\/p>\n","protected":false},"author":3,"featured_media":0,"parent":0,"menu_order":0,"comment_status":"closed","ping_status":"closed","template":"elementor_header_footer","meta":{"footnotes":""},"class_list":["post-4107","page","type-page","status-publish","hentry"],"_links":{"self":[{"href":"https:\/\/mitimplant.com\/tr\/wp-json\/wp\/v2\/pages\/4107","targetHints":{"allow":["GET"]}}],"collection":[{"href":"https:\/\/mitimplant.com\/tr\/wp-json\/wp\/v2\/pages"}],"about":[{"href":"https:\/\/mitimplant.com\/tr\/wp-json\/wp\/v2\/types\/page"}],"author":[{"embeddable":true,"href":"https:\/\/mitimplant.com\/tr\/wp-json\/wp\/v2\/users\/3"}],"replies":[{"embeddable":true,"href":"https:\/\/mitimplant.com\/tr\/wp-json\/wp\/v2\/comments?post=4107"}],"version-history":[{"count":8,"href":"https:\/\/mitimplant.com\/tr\/wp-json\/wp\/v2\/pages\/4107\/revisions"}],"predecessor-version":[{"id":5990,"href":"https:\/\/mitimplant.com\/tr\/wp-json\/wp\/v2\/pages\/4107\/revisions\/5990"}],"wp:attachment":[{"href":"https:\/\/mitimplant.com\/tr\/wp-json\/wp\/v2\/media?parent=4107"}],"curies":[{"name":"wp","href":"https:\/\/api.w.org\/{rel}","templated":true}]}}