{"id":4070,"date":"2024-09-30T11:07:21","date_gmt":"2024-09-30T11:07:21","guid":{"rendered":"https:\/\/mitimplant.com\/mitimplant-dijital-is-akisi\/"},"modified":"2025-12-19T12:36:52","modified_gmt":"2025-12-19T12:36:52","slug":"mitimplant-dijital-is-akisi","status":"publish","type":"page","link":"https:\/\/mitimplant.com\/tr\/mitimplant-dijital-is-akisi\/","title":{"rendered":"MITIMPLANT D\u0130J\u0130TAL \u0130\u015e AKI\u015eI"},"content":{"rendered":"\t\t<div data-elementor-type=\"wp-page\" data-elementor-id=\"4070\" class=\"elementor elementor-4070 elementor-1324\" data-elementor-post-type=\"page\">\n\t\t\t\t<div class=\"elementor-element elementor-element-f01e94d e-flex e-con-boxed e-con e-parent\" data-id=\"f01e94d\" data-element_type=\"container\" data-e-type=\"container\" data-settings=\"{&quot;background_background&quot;:&quot;classic&quot;}\">\n\t\t\t\t\t<div class=\"e-con-inner\">\n\t\t\t\t<div class=\"elementor-element elementor-element-d513a56 elementor-invisible elementor-widget elementor-widget-heading\" data-id=\"d513a56\" data-element_type=\"widget\" data-e-type=\"widget\" data-settings=\"{&quot;_animation&quot;:&quot;fadeIn&quot;}\" data-widget_type=\"heading.default\">\n\t\t\t\t<div class=\"elementor-widget-container\">\n\t\t\t\t\t<h2 class=\"elementor-heading-title elementor-size-default\">MITIMPLANT D\u0130J\u0130TAL \u0130\u015e AKI\u015eI<\/h2>\t\t\t\t<\/div>\n\t\t\t\t<\/div>\n\t\t\t\t\t<\/div>\n\t\t\t\t<\/div>\n\t\t<div class=\"elementor-element elementor-element-d271051 e-flex e-con-boxed e-con e-parent\" data-id=\"d271051\" data-element_type=\"container\" data-e-type=\"container\" data-settings=\"{&quot;background_background&quot;:&quot;classic&quot;}\">\n\t\t\t\t\t<div class=\"e-con-inner\">\n\t\t<div class=\"elementor-element elementor-element-14d5059 e-con-full e-flex e-con e-child\" data-id=\"14d5059\" data-element_type=\"container\" data-e-type=\"container\" data-settings=\"{&quot;background_background&quot;:&quot;classic&quot;}\">\n\t\t\t\t<div class=\"elementor-element elementor-element-ccabab2 elementor-widget elementor-widget-text-editor\" data-id=\"ccabab2\" data-element_type=\"widget\" data-e-type=\"widget\" data-widget_type=\"text-editor.default\">\n\t\t\t\t<div class=\"elementor-widget-container\">\n\t\t\t\t\t\t\t\t\t<div><strong>EKS\u0130KS\u0130Z VE SADE B\u0130R \u00c7\u00d6Z\u00dcM<\/strong><\/div>\n<div>\n<p>Dijital \u0130\u015f Ak\u0131\u015flar\u0131, dijital olarak desteklenen ara\u00e7larla uyumlu bile\u015fenler kullan\u0131larak birka\u00e7 ba\u011flant\u0131l\u0131 prosed\u00fcrden olu\u015fan eksiksiz tedavilerdir. MITIMPLANT d\u00fcnyada yayg\u0131n olarak kullan\u0131lan a\u011f\u0131zi\u00e7i taray\u0131c\u0131 ekipman ve malzemeleri ile birlikte rehberli cerrahi sistemi, benzersiz implant ba\u011flant\u0131s\u0131 ve kapsaml\u0131 dijital protez serisini i\u00e7eren tek di\u015ften tam ark prosed\u00fcrlerine kadar bir dizi tedavi i\u00e7in dijital i\u015f ak\u0131\u015flar\u0131n\u0131 destekler.<\/p>\n<\/div>\n<div><strong>NEDEN D\u0130J\u0130TAL \u0130\u015e AKI\u015eI<\/strong><\/div>\n<div>Sade: Dijital i\u015f ak\u0131\u015f\u0131, hem klinisyenler hem de hastalar i\u00e7in genel tedavi s\u00fcrecini ve sonu\u00e7lar\u0131n\u0131 sadele\u015ftirerek hassas bir prosed\u00fcr\u00fc te\u015fvik eder. Klinisyenlerimiz, i\u015f ak\u0131\u015f\u0131 ad\u0131mlar\u0131 aras\u0131ndaki sorunsuz ge\u00e7i\u015fleri takdir ediyor. &nbsp;<\/div>\n<div><span style=\"font-family: var( --e-global-typography-text-font-family ), Sans-serif; font-size: var( --e-global-typography-text-font-size ); font-style: var( --e-global-typography-text-font-style ); font-weight: var( --e-global-typography-text-font-weight ); text-transform: var( --e-global-typography-text-text-transform ); text-align: var(--text-align); background-color: var( --e-global-color-80771f1 ); color: var( --e-global-color-text );\">\u00c7ok Y\u00f6nl\u00fc: MIT, di\u015f \u00e7ekiminden son kurona kadar tek di\u015f, parsiyel ve tam ark prosed\u00fcrleri i\u00e7in dijital i\u015f ak\u0131\u015flar\u0131n\u0131 destekler.&nbsp;&nbsp;<\/span><\/div>\n<div><span style=\"font-family: var( --e-global-typography-text-font-family ), Sans-serif; font-size: var( --e-global-typography-text-font-size ); font-style: var( --e-global-typography-text-font-style ); font-weight: var( --e-global-typography-text-font-weight ); text-transform: var( --e-global-typography-text-text-transform ); text-align: var(--text-align); background-color: var( --e-global-color-80771f1 ); color: var( --e-global-color-text );\">B\u00fcy\u00fcmeyi Te\u015fvik Eder: Dijital i\u015f ak\u0131\u015flar\u0131, klinik verimlili\u011fi etkileyen prosed\u00fcrel zorluklar\u0131 ele al\u0131r, kar potansiyelini art\u0131rabilir ve ger\u00e7ek uygulama b\u00fcy\u00fcmesini sa\u011flayabilir&nbsp;&nbsp;<\/span><\/div>\t\t\t\t\t\t\t\t<\/div>\n\t\t\t\t<\/div>\n\t\t\t\t<\/div>\n\t\t<div class=\"elementor-element elementor-element-12d730f e-con-full e-flex e-con e-child\" data-id=\"12d730f\" data-element_type=\"container\" data-e-type=\"container\">\n\t\t\t\t<div class=\"elementor-element elementor-element-53900ab elementor-widget elementor-widget-image\" data-id=\"53900ab\" data-element_type=\"widget\" data-e-type=\"widget\" data-widget_type=\"image.default\">\n\t\t\t\t<div class=\"elementor-widget-container\">\n\t\t\t\t\t\t\t\t\t\t\t\t\t\t\t<img fetchpriority=\"high\" decoding=\"async\" width=\"800\" height=\"800\" src=\"https:\/\/mitimplant.com\/wp-content\/uploads\/2024\/10\/mit-implant-cam-cad-banner.png\" class=\"attachment-large size-large wp-image-3968\" alt=\"\" srcset=\"https:\/\/mitimplant.com\/wp-content\/uploads\/2024\/10\/mit-implant-cam-cad-banner.png 1000w, https:\/\/mitimplant.com\/wp-content\/uploads\/2024\/10\/mit-implant-cam-cad-banner-300x300.png 300w, https:\/\/mitimplant.com\/wp-content\/uploads\/2024\/10\/mit-implant-cam-cad-banner-150x150.png 150w, https:\/\/mitimplant.com\/wp-content\/uploads\/2024\/10\/mit-implant-cam-cad-banner-768x768.png 768w, https:\/\/mitimplant.com\/wp-content\/uploads\/2024\/10\/mit-implant-cam-cad-banner-600x600.png 600w, https:\/\/mitimplant.com\/wp-content\/uploads\/2024\/10\/mit-implant-cam-cad-banner-100x100.png 100w\" sizes=\"(max-width: 800px) 100vw, 800px\" \/>\t\t\t\t\t\t\t\t\t\t\t\t\t\t\t<\/div>\n\t\t\t\t<\/div>\n\t\t\t\t<div class=\"elementor-element elementor-element-8eaace3 elementor-align-center elementor-mobile-align-justify elementor-tablet-align-justify elementor-widget-tablet__width-inherit elementor-widget elementor-widget-button\" data-id=\"8eaace3\" data-element_type=\"widget\" data-e-type=\"widget\" data-widget_type=\"button.default\">\n\t\t\t\t<div class=\"elementor-widget-container\">\n\t\t\t\t\t\t\t\t\t<div class=\"elementor-button-wrapper\">\n\t\t\t\t\t<a class=\"elementor-button elementor-button-link elementor-size-sm\" href=\"https:\/\/mitimplant.com\/wp-content\/uploads\/2025\/12\/Library-3.zip\">\n\t\t\t\t\t\t<span class=\"elementor-button-content-wrapper\">\n\t\t\t\t\t\t<span class=\"elementor-button-icon\">\n\t\t\t\t<svg aria-hidden=\"true\" class=\"e-font-icon-svg e-fas-cloud-download-alt\" viewBox=\"0 0 640 512\" xmlns=\"http:\/\/www.w3.org\/2000\/svg\"><path d=\"M537.6 226.6c4.1-10.7 6.4-22.4 6.4-34.6 0-53-43-96-96-96-19.7 0-38.1 6-53.3 16.2C367 64.2 315.3 32 256 32c-88.4 0-160 71.6-160 160 0 2.7.1 5.4.2 8.1C40.2 219.8 0 273.2 0 336c0 79.5 64.5 144 144 144h368c70.7 0 128-57.3 128-128 0-61.9-44-113.6-102.4-125.4zm-132.9 88.7L299.3 420.7c-6.2 6.2-16.4 6.2-22.6 0L171.3 315.3c-10.1-10.1-2.9-27.3 11.3-27.3H248V176c0-8.8 7.2-16 16-16h48c8.8 0 16 7.2 16 16v112h65.4c14.2 0 21.4 17.2 11.3 27.3z\"><\/path><\/svg>\t\t\t<\/span>\n\t\t\t\t\t\t\t\t\t<span class=\"elementor-button-text\">Dijital k\u00fct\u00fcphaneyi indirin<\/span>\n\t\t\t\t\t<\/span>\n\t\t\t\t\t<\/a>\n\t\t\t\t<\/div>\n\t\t\t\t\t\t\t\t<\/div>\n\t\t\t\t<\/div>\n\t\t\t\t<\/div>\n\t\t\t\t\t<\/div>\n\t\t\t\t<\/div>\n\t\t\t\t<\/div>\n\t\t","protected":false},"excerpt":{"rendered":"<p>EKS\u0130KS\u0130Z VE SADE B\u0130R \u00c7\u00d6Z\u00dcM Dijital \u0130\u015f Ak\u0131\u015flar\u0131, dijital olarak desteklenen ara\u00e7larla uyumlu bile\u015fenler kullan\u0131larak birka\u00e7 ba\u011flant\u0131l\u0131 prosed\u00fcrden olu\u015fan eksiksiz tedavilerdir. MITIMPLANT d\u00fcnyada yayg\u0131n olarak kullan\u0131lan a\u011f\u0131zi\u00e7i taray\u0131c\u0131 ekipman ve malzemeleri ile birlikte rehberli cerrahi sistemi, benzersiz implant ba\u011flant\u0131s\u0131 ve kapsaml\u0131 dijital protez serisini i\u00e7eren tek di\u015ften tam ark prosed\u00fcrlerine kadar bir dizi tedavi i\u00e7in [&hellip;]<\/p>\n","protected":false},"author":3,"featured_media":0,"parent":0,"menu_order":0,"comment_status":"closed","ping_status":"closed","template":"elementor_header_footer","meta":{"footnotes":""},"class_list":["post-4070","page","type-page","status-publish","hentry"],"_links":{"self":[{"href":"https:\/\/mitimplant.com\/tr\/wp-json\/wp\/v2\/pages\/4070","targetHints":{"allow":["GET"]}}],"collection":[{"href":"https:\/\/mitimplant.com\/tr\/wp-json\/wp\/v2\/pages"}],"about":[{"href":"https:\/\/mitimplant.com\/tr\/wp-json\/wp\/v2\/types\/page"}],"author":[{"embeddable":true,"href":"https:\/\/mitimplant.com\/tr\/wp-json\/wp\/v2\/users\/3"}],"replies":[{"embeddable":true,"href":"https:\/\/mitimplant.com\/tr\/wp-json\/wp\/v2\/comments?post=4070"}],"version-history":[{"count":18,"href":"https:\/\/mitimplant.com\/tr\/wp-json\/wp\/v2\/pages\/4070\/revisions"}],"predecessor-version":[{"id":5973,"href":"https:\/\/mitimplant.com\/tr\/wp-json\/wp\/v2\/pages\/4070\/revisions\/5973"}],"wp:attachment":[{"href":"https:\/\/mitimplant.com\/tr\/wp-json\/wp\/v2\/media?parent=4070"}],"curies":[{"name":"wp","href":"https:\/\/api.w.org\/{rel}","templated":true}]}}