{"id":4054,"date":"2024-09-30T11:07:31","date_gmt":"2024-09-30T11:07:31","guid":{"rendered":"https:\/\/mitimplant.com\/e-katalog\/"},"modified":"2024-11-21T07:00:30","modified_gmt":"2024-11-21T07:00:30","slug":"e-katalog","status":"publish","type":"page","link":"https:\/\/mitimplant.com\/tr\/e-katalog\/","title":{"rendered":"E-Katalog"},"content":{"rendered":"\t\t<div data-elementor-type=\"wp-page\" data-elementor-id=\"4054\" class=\"elementor elementor-4054 elementor-1325\" data-elementor-post-type=\"page\">\n\t\t\t\t<div class=\"elementor-element elementor-element-b37a1ff e-flex e-con-boxed e-con e-parent\" data-id=\"b37a1ff\" data-element_type=\"container\" data-e-type=\"container\" data-settings=\"{&quot;background_background&quot;:&quot;classic&quot;}\">\n\t\t\t\t\t<div class=\"e-con-inner\">\n\t\t\t\t<div class=\"elementor-element elementor-element-4172107 elementor-invisible elementor-widget elementor-widget-heading\" data-id=\"4172107\" data-element_type=\"widget\" data-e-type=\"widget\" data-settings=\"{&quot;_animation&quot;:&quot;fadeIn&quot;}\" data-widget_type=\"heading.default\">\n\t\t\t\t<div class=\"elementor-widget-container\">\n\t\t\t\t\t<h2 class=\"elementor-heading-title elementor-size-default\">E-Katalog<\/h2>\t\t\t\t<\/div>\n\t\t\t\t<\/div>\n\t\t\t\t\t<\/div>\n\t\t\t\t<\/div>\n\t\t<div class=\"elementor-element elementor-element-cc8114b e-flex e-con-boxed e-con e-parent\" data-id=\"cc8114b\" data-element_type=\"container\" data-e-type=\"container\" data-settings=\"{&quot;background_background&quot;:&quot;classic&quot;}\">\n\t\t\t\t\t<div class=\"e-con-inner\">\n\t\t<div class=\"elementor-element elementor-element-f483460 e-con-full e-flex e-con e-child\" data-id=\"f483460\" data-element_type=\"container\" data-e-type=\"container\" data-settings=\"{&quot;background_background&quot;:&quot;classic&quot;}\">\n\t\t\t\t<div class=\"elementor-element elementor-element-74cc209 elementor-widget elementor-widget-image\" data-id=\"74cc209\" data-element_type=\"widget\" data-e-type=\"widget\" data-widget_type=\"image.default\">\n\t\t\t\t<div class=\"elementor-widget-container\">\n\t\t\t\t\t\t\t\t\t\t\t\t\t\t\t<img fetchpriority=\"high\" decoding=\"async\" width=\"2560\" height=\"1708\" src=\"https:\/\/mitimplant.com\/wp-content\/uploads\/2024\/10\/blonde-happy-woman-smiling-and-pointing-finger-asi-2023-11-27-05-28-23-utc-scaled.jpg\" class=\"attachment-full size-full wp-image-3933\" alt=\"\" srcset=\"https:\/\/mitimplant.com\/wp-content\/uploads\/2024\/10\/blonde-happy-woman-smiling-and-pointing-finger-asi-2023-11-27-05-28-23-utc-scaled.jpg 2560w, https:\/\/mitimplant.com\/wp-content\/uploads\/2024\/10\/blonde-happy-woman-smiling-and-pointing-finger-asi-2023-11-27-05-28-23-utc-300x200.jpg 300w, https:\/\/mitimplant.com\/wp-content\/uploads\/2024\/10\/blonde-happy-woman-smiling-and-pointing-finger-asi-2023-11-27-05-28-23-utc-1024x683.jpg 1024w, https:\/\/mitimplant.com\/wp-content\/uploads\/2024\/10\/blonde-happy-woman-smiling-and-pointing-finger-asi-2023-11-27-05-28-23-utc-768x512.jpg 768w, https:\/\/mitimplant.com\/wp-content\/uploads\/2024\/10\/blonde-happy-woman-smiling-and-pointing-finger-asi-2023-11-27-05-28-23-utc-1536x1025.jpg 1536w, https:\/\/mitimplant.com\/wp-content\/uploads\/2024\/10\/blonde-happy-woman-smiling-and-pointing-finger-asi-2023-11-27-05-28-23-utc-2048x1366.jpg 2048w, https:\/\/mitimplant.com\/wp-content\/uploads\/2024\/10\/blonde-happy-woman-smiling-and-pointing-finger-asi-2023-11-27-05-28-23-utc-600x400.jpg 600w\" sizes=\"(max-width: 2560px) 100vw, 2560px\" \/>\t\t\t\t\t\t\t\t\t\t\t\t\t\t\t<\/div>\n\t\t\t\t<\/div>\n\t\t\t\t<\/div>\n\t\t<div class=\"elementor-element elementor-element-8c84421 e-con-full e-flex e-con e-child\" data-id=\"8c84421\" data-element_type=\"container\" data-e-type=\"container\">\n\t\t\t\t<div class=\"elementor-element elementor-element-2e573da elementor-widget__width-inherit elementor-widget elementor-widget-text-editor\" data-id=\"2e573da\" data-element_type=\"widget\" data-e-type=\"widget\" data-widget_type=\"text-editor.default\">\n\t\t\t\t<div class=\"elementor-widget-container\">\n\t\t\t\t\t\t\t\t\t<p>Kurumsal bak\u0131\u015f a\u00e7\u0131m\u0131z, de\u011ferlerimizle uyumlu yenilik\u00e7i bir yakla\u015f\u0131ma dayanmakta, doktorlar\u0131m\u0131z ve i\u015f ortaklar\u0131m\u0131zla i\u015fbirli\u011fini geli\u015ftirerek uzun vadeli hedefler in\u015fa etmektedir.<\/p>\n\t\t\t\t\t\t\t\t<\/div>\n\t\t\t\t<\/div>\n\t\t\t\t<div class=\"elementor-element elementor-element-2b7cfb1 elementor-widget__width-auto elementor-widget elementor-widget-button\" data-id=\"2b7cfb1\" data-element_type=\"widget\" data-e-type=\"widget\" data-widget_type=\"button.default\">\n\t\t\t\t<div class=\"elementor-widget-container\">\n\t\t\t\t\t\t\t\t\t<div class=\"elementor-button-wrapper\">\n\t\t\t\t\t<a class=\"elementor-button elementor-button-link elementor-size-sm\" href=\"http:\/\/mitimplant.com\/wp-content\/uploads\/2024\/10\/MITIMPLANT-KATALOG-2024.pdf\" target=\"_blank\">\n\t\t\t\t\t\t<span class=\"elementor-button-content-wrapper\">\n\t\t\t\t\t\t<span class=\"elementor-button-icon\">\n\t\t\t\t<svg aria-hidden=\"true\" class=\"e-font-icon-svg e-fas-cloud-download-alt\" viewBox=\"0 0 640 512\" xmlns=\"http:\/\/www.w3.org\/2000\/svg\"><path d=\"M537.6 226.6c4.1-10.7 6.4-22.4 6.4-34.6 0-53-43-96-96-96-19.7 0-38.1 6-53.3 16.2C367 64.2 315.3 32 256 32c-88.4 0-160 71.6-160 160 0 2.7.1 5.4.2 8.1C40.2 219.8 0 273.2 0 336c0 79.5 64.5 144 144 144h368c70.7 0 128-57.3 128-128 0-61.9-44-113.6-102.4-125.4zm-132.9 88.7L299.3 420.7c-6.2 6.2-16.4 6.2-22.6 0L171.3 315.3c-10.1-10.1-2.9-27.3 11.3-27.3H248V176c0-8.8 7.2-16 16-16h48c8.8 0 16 7.2 16 16v112h65.4c14.2 0 21.4 17.2 11.3 27.3z\"><\/path><\/svg>\t\t\t<\/span>\n\t\t\t\t\t\t\t\t\t<span class=\"elementor-button-text\">E-Katalo\u011fu \u0130ndirin<\/span>\n\t\t\t\t\t<\/span>\n\t\t\t\t\t<\/a>\n\t\t\t\t<\/div>\n\t\t\t\t\t\t\t\t<\/div>\n\t\t\t\t<\/div>\n\t\t\t\t<\/div>\n\t\t\t\t\t<\/div>\n\t\t\t\t<\/div>\n\t\t\t\t<\/div>\n\t\t","protected":false},"excerpt":{"rendered":"<p>Kurumsal bak\u0131\u015f a\u00e7\u0131m\u0131z, de\u011ferlerimizle uyumlu yenilik\u00e7i bir yakla\u015f\u0131ma dayanmakta, doktorlar\u0131m\u0131z ve i\u015f ortaklar\u0131m\u0131zla i\u015fbirli\u011fini geli\u015ftirerek uzun vadeli hedefler in\u015fa etmektedir. E-Katalo\u011fu \u0130ndirin<\/p>\n","protected":false},"author":3,"featured_media":0,"parent":0,"menu_order":0,"comment_status":"closed","ping_status":"closed","template":"elementor_header_footer","meta":{"footnotes":""},"class_list":["post-4054","page","type-page","status-publish","hentry"],"_links":{"self":[{"href":"https:\/\/mitimplant.com\/tr\/wp-json\/wp\/v2\/pages\/4054","targetHints":{"allow":["GET"]}}],"collection":[{"href":"https:\/\/mitimplant.com\/tr\/wp-json\/wp\/v2\/pages"}],"about":[{"href":"https:\/\/mitimplant.com\/tr\/wp-json\/wp\/v2\/types\/page"}],"author":[{"embeddable":true,"href":"https:\/\/mitimplant.com\/tr\/wp-json\/wp\/v2\/users\/3"}],"replies":[{"embeddable":true,"href":"https:\/\/mitimplant.com\/tr\/wp-json\/wp\/v2\/comments?post=4054"}],"version-history":[{"count":3,"href":"https:\/\/mitimplant.com\/tr\/wp-json\/wp\/v2\/pages\/4054\/revisions"}],"predecessor-version":[{"id":4094,"href":"https:\/\/mitimplant.com\/tr\/wp-json\/wp\/v2\/pages\/4054\/revisions\/4094"}],"wp:attachment":[{"href":"https:\/\/mitimplant.com\/tr\/wp-json\/wp\/v2\/media?parent=4054"}],"curies":[{"name":"wp","href":"https:\/\/api.w.org\/{rel}","templated":true}]}}