{"id":4052,"date":"2024-09-30T10:45:20","date_gmt":"2024-09-30T10:45:20","guid":{"rendered":"https:\/\/mitimplant.com\/dijital-cozumler\/"},"modified":"2024-12-04T07:06:29","modified_gmt":"2024-12-04T07:06:29","slug":"dijital-cozumler","status":"publish","type":"page","link":"https:\/\/mitimplant.com\/tr\/dijital-cozumler\/","title":{"rendered":"Dijital \u00c7\u00f6z\u00fcmler"},"content":{"rendered":"\t\t<div data-elementor-type=\"wp-page\" data-elementor-id=\"4052\" class=\"elementor elementor-4052 elementor-1304\" data-elementor-post-type=\"page\">\n\t\t\t\t<div class=\"elementor-element elementor-element-43cd139 e-flex e-con-boxed e-con e-parent\" data-id=\"43cd139\" data-element_type=\"container\" data-e-type=\"container\" data-settings=\"{&quot;background_background&quot;:&quot;classic&quot;}\">\n\t\t\t\t\t<div class=\"e-con-inner\">\n\t\t\t\t<div class=\"elementor-element elementor-element-25a1e1c elementor-widget elementor-widget-image\" data-id=\"25a1e1c\" data-element_type=\"widget\" data-e-type=\"widget\" data-widget_type=\"image.default\">\n\t\t\t\t<div class=\"elementor-widget-container\">\n\t\t\t\t\t\t\t\t\t\t\t\t\t\t\t<img fetchpriority=\"high\" decoding=\"async\" width=\"2560\" height=\"1041\" src=\"https:\/\/mitimplant.com\/wp-content\/uploads\/2024\/11\/dentist-interacting-with-patient-use-vr-computer-filling-out-charts-schedule-scaled.jpg\" class=\"attachment-full size-full wp-image-3999\" alt=\"\" srcset=\"https:\/\/mitimplant.com\/wp-content\/uploads\/2024\/11\/dentist-interacting-with-patient-use-vr-computer-filling-out-charts-schedule-scaled.jpg 2560w, https:\/\/mitimplant.com\/wp-content\/uploads\/2024\/11\/dentist-interacting-with-patient-use-vr-computer-filling-out-charts-schedule-300x122.jpg 300w, https:\/\/mitimplant.com\/wp-content\/uploads\/2024\/11\/dentist-interacting-with-patient-use-vr-computer-filling-out-charts-schedule-1024x417.jpg 1024w, https:\/\/mitimplant.com\/wp-content\/uploads\/2024\/11\/dentist-interacting-with-patient-use-vr-computer-filling-out-charts-schedule-768x312.jpg 768w, https:\/\/mitimplant.com\/wp-content\/uploads\/2024\/11\/dentist-interacting-with-patient-use-vr-computer-filling-out-charts-schedule-1536x625.jpg 1536w, https:\/\/mitimplant.com\/wp-content\/uploads\/2024\/11\/dentist-interacting-with-patient-use-vr-computer-filling-out-charts-schedule-2048x833.jpg 2048w, https:\/\/mitimplant.com\/wp-content\/uploads\/2024\/11\/dentist-interacting-with-patient-use-vr-computer-filling-out-charts-schedule-600x244.jpg 600w\" sizes=\"(max-width: 2560px) 100vw, 2560px\" \/>\t\t\t\t\t\t\t\t\t\t\t\t\t\t\t<\/div>\n\t\t\t\t<\/div>\n\t\t\t\t\t<\/div>\n\t\t\t\t<\/div>\n\t\t<div class=\"elementor-element elementor-element-9047096 e-flex e-con-boxed e-con e-parent\" data-id=\"9047096\" data-element_type=\"container\" data-e-type=\"container\" data-settings=\"{&quot;background_background&quot;:&quot;classic&quot;}\">\n\t\t\t\t\t<div class=\"e-con-inner\">\n\t\t<div class=\"elementor-element elementor-element-db766b7 e-con-full e-flex e-con e-child\" data-id=\"db766b7\" data-element_type=\"container\" data-e-type=\"container\">\n\t\t<div class=\"elementor-element elementor-element-3c42f01 e-con-full e-flex e-con e-child\" data-id=\"3c42f01\" data-element_type=\"container\" data-e-type=\"container\">\n\t\t\t\t<div class=\"elementor-element elementor-element-149888f elementor-widget__width-auto elementor-align-justify elementor-widget elementor-widget-button\" data-id=\"149888f\" data-element_type=\"widget\" data-e-type=\"widget\" data-widget_type=\"button.default\">\n\t\t\t\t<div class=\"elementor-widget-container\">\n\t\t\t\t\t\t\t\t\t<div class=\"elementor-button-wrapper\">\n\t\t\t\t\t<a class=\"elementor-button elementor-button-link elementor-size-sm elementor-animation-shrink\" href=\"http:\/\/mitimplant.com\/digital-library\/\">\n\t\t\t\t\t\t<span class=\"elementor-button-content-wrapper\">\n\t\t\t\t\t\t\t\t\t<span class=\"elementor-button-text\">CAD\/CAM K\u00fct\u00fcphaneleri<\/span>\n\t\t\t\t\t<\/span>\n\t\t\t\t\t<\/a>\n\t\t\t\t<\/div>\n\t\t\t\t\t\t\t\t<\/div>\n\t\t\t\t<\/div>\n\t\t\t\t<\/div>\n\t\t<div class=\"elementor-element elementor-element-89c6ffe e-con-full e-flex e-con e-child\" data-id=\"89c6ffe\" data-element_type=\"container\" data-e-type=\"container\">\n\t\t\t\t<div class=\"elementor-element elementor-element-72d5953 elementor-widget__width-auto elementor-align-justify elementor-widget elementor-widget-button\" data-id=\"72d5953\" data-element_type=\"widget\" data-e-type=\"widget\" data-widget_type=\"button.default\">\n\t\t\t\t<div class=\"elementor-widget-container\">\n\t\t\t\t\t\t\t\t\t<div class=\"elementor-button-wrapper\">\n\t\t\t\t\t<a class=\"elementor-button elementor-button-link elementor-size-sm elementor-animation-shrink\" href=\"http:\/\/mitimplant.com\/e-catalog\/\">\n\t\t\t\t\t\t<span class=\"elementor-button-content-wrapper\">\n\t\t\t\t\t\t\t\t\t<span class=\"elementor-button-text\">E-Katalog<\/span>\n\t\t\t\t\t<\/span>\n\t\t\t\t\t<\/a>\n\t\t\t\t<\/div>\n\t\t\t\t\t\t\t\t<\/div>\n\t\t\t\t<\/div>\n\t\t\t\t<\/div>\n\t\t\t\t<\/div>\n\t\t\t\t\t<\/div>\n\t\t\t\t<\/div>\n\t\t<div class=\"elementor-element elementor-element-01610b1 e-flex e-con-boxed e-con e-parent\" data-id=\"01610b1\" data-element_type=\"container\" data-e-type=\"container\" data-settings=\"{&quot;background_background&quot;:&quot;classic&quot;}\">\n\t\t\t\t\t<div class=\"e-con-inner\">\n\t\t<div class=\"elementor-element elementor-element-5524a0f e-con-full e-flex e-con e-child\" data-id=\"5524a0f\" data-element_type=\"container\" data-e-type=\"container\">\n\t\t\t\t<div class=\"elementor-element elementor-element-45266e2 elementor-widget elementor-widget-text-editor\" data-id=\"45266e2\" data-element_type=\"widget\" data-e-type=\"widget\" data-widget_type=\"text-editor.default\">\n\t\t\t\t<div class=\"elementor-widget-container\">\n\t\t\t\t\t\t\t\t\t<p><strong>EKS\u0130KS\u0130Z VE SADE B\u0130R \u00c7\u00d6Z\u00dcM<\/strong><br \/>Dijital \u0130\u015f Ak\u0131\u015flar\u0131, dijital olarak desteklenen ara\u00e7larla uyumlu bile\u015fenler kullan\u0131larak birka\u00e7 ba\u011flant\u0131l\u0131 prosed\u00fcrden olu\u015fan eksiksiz tedavilerdir. MITIMPLANT d\u00fcnyada yayg\u0131n olarak kullan\u0131lan a\u011f\u0131zi\u00e7i taray\u0131c\u0131 ekipman ve malzemeleri ile birlikte rehberli cerrahi sistemi, benzersiz implant ba\u011flant\u0131s\u0131 ve kapsaml\u0131 dijital protez serisini i\u00e7eren tek di\u015ften tam ark prosed\u00fcrlerine kadar bir dizi tedavi i\u00e7in dijital i\u015f ak\u0131\u015flar\u0131n\u0131 destekler.<\/p>\t\t\t\t\t\t\t\t<\/div>\n\t\t\t\t<\/div>\n\t\t\t\t<\/div>\n\t\t\t\t\t<\/div>\n\t\t\t\t<\/div>\n\t\t\t\t<\/div>\n\t\t","protected":false},"excerpt":{"rendered":"<p>CAD\/CAM K\u00fct\u00fcphaneleri E-Katalog EKS\u0130KS\u0130Z VE SADE B\u0130R \u00c7\u00d6Z\u00dcMDijital \u0130\u015f Ak\u0131\u015flar\u0131, dijital olarak desteklenen ara\u00e7larla uyumlu bile\u015fenler kullan\u0131larak birka\u00e7 ba\u011flant\u0131l\u0131 prosed\u00fcrden olu\u015fan eksiksiz tedavilerdir. MITIMPLANT d\u00fcnyada yayg\u0131n olarak kullan\u0131lan a\u011f\u0131zi\u00e7i taray\u0131c\u0131 ekipman ve malzemeleri ile birlikte rehberli cerrahi sistemi, benzersiz implant ba\u011flant\u0131s\u0131 ve kapsaml\u0131 dijital protez serisini i\u00e7eren tek di\u015ften tam ark prosed\u00fcrlerine kadar bir dizi [&hellip;]<\/p>\n","protected":false},"author":3,"featured_media":0,"parent":0,"menu_order":0,"comment_status":"closed","ping_status":"closed","template":"elementor_header_footer","meta":{"footnotes":""},"class_list":["post-4052","page","type-page","status-publish","hentry"],"_links":{"self":[{"href":"https:\/\/mitimplant.com\/tr\/wp-json\/wp\/v2\/pages\/4052","targetHints":{"allow":["GET"]}}],"collection":[{"href":"https:\/\/mitimplant.com\/tr\/wp-json\/wp\/v2\/pages"}],"about":[{"href":"https:\/\/mitimplant.com\/tr\/wp-json\/wp\/v2\/types\/page"}],"author":[{"embeddable":true,"href":"https:\/\/mitimplant.com\/tr\/wp-json\/wp\/v2\/users\/3"}],"replies":[{"embeddable":true,"href":"https:\/\/mitimplant.com\/tr\/wp-json\/wp\/v2\/comments?post=4052"}],"version-history":[{"count":6,"href":"https:\/\/mitimplant.com\/tr\/wp-json\/wp\/v2\/pages\/4052\/revisions"}],"predecessor-version":[{"id":4620,"href":"https:\/\/mitimplant.com\/tr\/wp-json\/wp\/v2\/pages\/4052\/revisions\/4620"}],"wp:attachment":[{"href":"https:\/\/mitimplant.com\/tr\/wp-json\/wp\/v2\/media?parent=4052"}],"curies":[{"name":"wp","href":"https:\/\/api.w.org\/{rel}","templated":true}]}}