{"id":4050,"date":"2024-10-10T17:08:48","date_gmt":"2024-10-10T17:08:48","guid":{"rendered":"https:\/\/mitimplant.com\/kurumsal\/"},"modified":"2024-11-25T16:05:00","modified_gmt":"2024-11-25T16:05:00","slug":"kurumsal","status":"publish","type":"page","link":"https:\/\/mitimplant.com\/tr\/kurumsal\/","title":{"rendered":"Kurumsal"},"content":{"rendered":"\t\t<div data-elementor-type=\"wp-page\" data-elementor-id=\"4050\" class=\"elementor elementor-4050 elementor-2477\" data-elementor-post-type=\"page\">\n\t\t\t\t<div class=\"elementor-element elementor-element-3bdcf84 e-flex e-con-boxed e-con e-parent\" data-id=\"3bdcf84\" data-element_type=\"container\" data-e-type=\"container\" data-settings=\"{&quot;background_background&quot;:&quot;classic&quot;}\">\n\t\t\t\t\t<div class=\"e-con-inner\">\n\t\t<div class=\"elementor-element elementor-element-86aa329 e-con-full e-flex e-con e-child\" data-id=\"86aa329\" data-element_type=\"container\" data-e-type=\"container\">\n\t\t\t\t<div class=\"elementor-element elementor-element-b21e401 elementor-invisible elementor-widget elementor-widget-heading\" data-id=\"b21e401\" data-element_type=\"widget\" data-e-type=\"widget\" data-settings=\"{&quot;_animation&quot;:&quot;fadeIn&quot;}\" data-widget_type=\"heading.default\">\n\t\t\t\t<div class=\"elementor-widget-container\">\n\t\t\t\t\t<h2 class=\"elementor-heading-title elementor-size-default\">Kurumsal<\/h2>\t\t\t\t<\/div>\n\t\t\t\t<\/div>\n\t\t\t\t<div class=\"elementor-element elementor-element-ea3fdc7 ekit-image-accordion-hover ekit-image-accordion-mobile-vertical ekit-image-accordion-tablet-vertical ekit-image-accordion-horizontal elementor-widget elementor-widget-elementskit-image-accordion\" data-id=\"ea3fdc7\" data-element_type=\"widget\" data-e-type=\"widget\" data-widget_type=\"elementskit-image-accordion.default\">\n\t\t\t\t<div class=\"elementor-widget-container\">\n\t\t\t\t\t<div class=\"ekit-wid-con\" >\t\t<div class=\"ekit-image-accordion elementskit-image-accordion-wraper\">\n\t\t\t                <input type=\"radio\" name=\"ekit_ia_ea3fdc7\" id=\"ekit_ia_ea3fdc7_0\" class=\"elementskit-single-image-accordion--input\" hidden>\n                <label for=\"ekit_ia_ea3fdc7_0\" class=\"elementskit-single-image-accordion ekit-image-accordion-item\" style=\"background-image: url(http:\/\/mitimplant.com\/wp-content\/uploads\/2024\/10\/about-mit-implant-home-banner-2-scaled.jpg)\">\n                    <span class=\"elementskit-accordion-content\">\n\t\t\t\t\t\t\t\t\t\t\t\t\t<span class=\"elementskit-accordion-title-wraper\">\n\t\t\t\t\t\t\t\t<span class=\"elementskit-accordion-title \">\n\t\t\t\t\t\t\t\t\n\t\t\t\t\t\t\t\tHakk\u0131m\u0131zda\n\t\t\t\t\t\t\t\t\t\t\t\t\t\t\t\t<\/span>\n\t\t\t\t\t\t\t<\/span>\n\t\t\t\t\t\t\t\t\t\t\t\t\t\t<span class=\"elementskit-btn-wraper\">\n\t\t\t\t\t\t\t\t<a class=\"ekit-image-accordion--btn elementskit-btn whitespace--normal\" href=\"https:\/\/mitimplant.com\/tr\/hakkimizda\/\">\n\t\t\t\t\t\t\t\t\tG\u00f6r\u00fcnt\u00fcle\t\t\t\t\t\t\t\t<\/a>\n\t\t\t\t\t\t\t<\/span>\n\t\t\t\t\t\t                    <\/span>\n                <\/label>\n                            <input type=\"radio\" name=\"ekit_ia_ea3fdc7\" id=\"ekit_ia_ea3fdc7_1\" class=\"elementskit-single-image-accordion--input\" hidden>\n                <label for=\"ekit_ia_ea3fdc7_1\" class=\"elementskit-single-image-accordion ekit-image-accordion-item\" style=\"background-image: url(http:\/\/mitimplant.com\/wp-content\/uploads\/2024\/10\/mit-implant-certificate-banner-v2.png)\">\n                    <span class=\"elementskit-accordion-content\">\n\t\t\t\t\t\t\t\t\t\t\t\t\t<span class=\"elementskit-accordion-title-wraper\">\n\t\t\t\t\t\t\t\t<span class=\"elementskit-accordion-title \">\n\t\t\t\t\t\t\t\t\n\t\t\t\t\t\t\t\tSertifikalar\n\t\t\t\t\t\t\t\t\t\t\t\t\t\t\t\t<\/span>\n\t\t\t\t\t\t\t<\/span>\n\t\t\t\t\t\t\t\t\t\t\t\t\t\t<span class=\"elementskit-btn-wraper\">\n\t\t\t\t\t\t\t\t<a class=\"ekit-image-accordion--btn elementskit-btn whitespace--normal\" href=\"https:\/\/mitimplant.com\/tr\/sertifikalarimiz\/\">\n\t\t\t\t\t\t\t\t\tG\u00f6r\u00fcnt\u00fcle\t\t\t\t\t\t\t\t<\/a>\n\t\t\t\t\t\t\t<\/span>\n\t\t\t\t\t\t                    <\/span>\n                <\/label>\n                            <input type=\"radio\" name=\"ekit_ia_ea3fdc7\" id=\"ekit_ia_ea3fdc7_2\" class=\"elementskit-single-image-accordion--input\" hidden>\n                <label for=\"ekit_ia_ea3fdc7_2\" class=\"elementskit-single-image-accordion ekit-image-accordion-item\" style=\"background-image: url(http:\/\/mitimplant.com\/wp-content\/uploads\/2024\/10\/mit-implant-hr-banner-v1.jpeg)\">\n                    <span class=\"elementskit-accordion-content\">\n\t\t\t\t\t\t\t\t\t\t\t\t\t<span class=\"elementskit-accordion-title-wraper\">\n\t\t\t\t\t\t\t\t<span class=\"elementskit-accordion-title \">\n\t\t\t\t\t\t\t\t\n\t\t\t\t\t\t\t\t\u0130nsan Kaynaklar\u0131\n\t\t\t\t\t\t\t\t\t\t\t\t\t\t\t\t<\/span>\n\t\t\t\t\t\t\t<\/span>\n\t\t\t\t\t\t\t\t\t\t\t\t\t\t<span class=\"elementskit-btn-wraper\">\n\t\t\t\t\t\t\t\t<a class=\"ekit-image-accordion--btn elementskit-btn whitespace--normal\" href=\"https:\/\/mitimplant.com\/tr\/insan-kaynaklari\/\">\n\t\t\t\t\t\t\t\t\tG\u00f6r\u00fcnt\u00fcle\t\t\t\t\t\t\t\t<\/a>\n\t\t\t\t\t\t\t<\/span>\n\t\t\t\t\t\t                    <\/span>\n                <\/label>\n                            <input type=\"radio\" name=\"ekit_ia_ea3fdc7\" id=\"ekit_ia_ea3fdc7_3\" class=\"elementskit-single-image-accordion--input\" hidden>\n                <label for=\"ekit_ia_ea3fdc7_3\" class=\"elementskit-single-image-accordion ekit-image-accordion-item\" style=\"background-image: url(http:\/\/mitimplant.com\/wp-content\/uploads\/2024\/10\/mit-implant-partners-banner-v1.jpeg)\">\n                    <span class=\"elementskit-accordion-content\">\n\t\t\t\t\t\t\t\t\t\t\t\t\t<span class=\"elementskit-accordion-title-wraper\">\n\t\t\t\t\t\t\t\t<span class=\"elementskit-accordion-title \">\n\t\t\t\t\t\t\t\t\n\t\t\t\t\t\t\t\tPartnerlerimiz\n\t\t\t\t\t\t\t\t\t\t\t\t\t\t\t\t<\/span>\n\t\t\t\t\t\t\t<\/span>\n\t\t\t\t\t\t\t\t\t\t\t\t\t\t<span class=\"elementskit-btn-wraper\">\n\t\t\t\t\t\t\t\t<a class=\"ekit-image-accordion--btn elementskit-btn whitespace--normal\" href=\"https:\/\/mitimplant.com\/tr\/partnerlerimiz-turkiye\/\">\n\t\t\t\t\t\t\t\t\tG\u00f6r\u00fcnt\u00fcle\t\t\t\t\t\t\t\t<\/a>\n\t\t\t\t\t\t\t<\/span>\n\t\t\t\t\t\t                    <\/span>\n                <\/label>\n                            <input type=\"radio\" name=\"ekit_ia_ea3fdc7\" id=\"ekit_ia_ea3fdc7_4\" class=\"elementskit-single-image-accordion--input\" hidden>\n                <label for=\"ekit_ia_ea3fdc7_4\" class=\"elementskit-single-image-accordion ekit-image-accordion-item\" style=\"background-image: url(http:\/\/mitimplant.com\/wp-content\/uploads\/2024\/09\/group-of-doctors-standing-on-staircase-talking-TJUQK74.jpg)\">\n                    <span class=\"elementskit-accordion-content\">\n\t\t\t\t\t\t\t\t\t\t\t\t\t<span class=\"elementskit-accordion-title-wraper\">\n\t\t\t\t\t\t\t\t<span class=\"elementskit-accordion-title \">\n\t\t\t\t\t\t\t\t\n\t\t\t\t\t\t\t\tEtkinlikler\n\t\t\t\t\t\t\t\t\t\t\t\t\t\t\t\t<\/span>\n\t\t\t\t\t\t\t<\/span>\n\t\t\t\t\t\t\t\t\t\t\t\t\t\t<span class=\"elementskit-btn-wraper\">\n\t\t\t\t\t\t\t\t<a class=\"ekit-image-accordion--btn elementskit-btn whitespace--normal\" href=\"https:\/\/mitimplant.com\/tr\/category\/etkinlikler\/\">\n\t\t\t\t\t\t\t\t\tG\u00f6r\u00fcnt\u00fcle\t\t\t\t\t\t\t\t<\/a>\n\t\t\t\t\t\t\t<\/span>\n\t\t\t\t\t\t                    <\/span>\n                <\/label>\n                    <\/div>\n    <\/div>\t\t\t\t<\/div>\n\t\t\t\t<\/div>\n\t\t\t\t<\/div>\n\t\t\t\t\t<\/div>\n\t\t\t\t<\/div>\n\t\t\t\t<\/div>\n\t\t","protected":false},"excerpt":{"rendered":"<p>Hakk\u0131m\u0131zda G\u00f6r\u00fcnt\u00fcle Sertifikalar G\u00f6r\u00fcnt\u00fcle \u0130nsan Kaynaklar\u0131 G\u00f6r\u00fcnt\u00fcle Partnerlerimiz G\u00f6r\u00fcnt\u00fcle Etkinlikler G\u00f6r\u00fcnt\u00fcle<\/p>\n","protected":false},"author":3,"featured_media":0,"parent":0,"menu_order":0,"comment_status":"closed","ping_status":"closed","template":"elementor_header_footer","meta":{"footnotes":""},"class_list":["post-4050","page","type-page","status-publish","hentry"],"_links":{"self":[{"href":"https:\/\/mitimplant.com\/tr\/wp-json\/wp\/v2\/pages\/4050","targetHints":{"allow":["GET"]}}],"collection":[{"href":"https:\/\/mitimplant.com\/tr\/wp-json\/wp\/v2\/pages"}],"about":[{"href":"https:\/\/mitimplant.com\/tr\/wp-json\/wp\/v2\/types\/page"}],"author":[{"embeddable":true,"href":"https:\/\/mitimplant.com\/tr\/wp-json\/wp\/v2\/users\/3"}],"replies":[{"embeddable":true,"href":"https:\/\/mitimplant.com\/tr\/wp-json\/wp\/v2\/comments?post=4050"}],"version-history":[{"count":9,"href":"https:\/\/mitimplant.com\/tr\/wp-json\/wp\/v2\/pages\/4050\/revisions"}],"predecessor-version":[{"id":4574,"href":"https:\/\/mitimplant.com\/tr\/wp-json\/wp\/v2\/pages\/4050\/revisions\/4574"}],"wp:attachment":[{"href":"https:\/\/mitimplant.com\/tr\/wp-json\/wp\/v2\/media?parent=4050"}],"curies":[{"name":"wp","href":"https:\/\/api.w.org\/{rel}","templated":true}]}}