{"id":4026,"date":"2024-11-19T18:08:33","date_gmt":"2024-11-19T18:08:33","guid":{"rendered":"https:\/\/mitimplant.com\/ahmet-can-hocaogullari\/"},"modified":"2024-12-25T10:40:36","modified_gmt":"2024-12-25T10:40:36","slug":"ahmet-can-hocaogullari","status":"publish","type":"page","link":"https:\/\/mitimplant.com\/tr\/ahmet-can-hocaogullari\/","title":{"rendered":"Ahmet Can Hocao\u011fullar\u0131"},"content":{"rendered":"\t\t<div data-elementor-type=\"wp-page\" data-elementor-id=\"4026\" class=\"elementor elementor-4026 elementor-3666\" data-elementor-post-type=\"page\">\n\t\t\t\t<div class=\"elementor-element elementor-element-2f41c4e e-flex e-con-boxed e-con e-parent\" data-id=\"2f41c4e\" data-element_type=\"container\" data-e-type=\"container\" data-settings=\"{&quot;background_background&quot;:&quot;classic&quot;}\">\n\t\t\t\t\t<div class=\"e-con-inner\">\n\t\t\t\t<div class=\"elementor-element elementor-element-764badf elementor-widget elementor-widget-shortcode\" data-id=\"764badf\" data-element_type=\"widget\" data-e-type=\"widget\" data-widget_type=\"shortcode.default\">\n\t\t\t\t<div class=\"elementor-widget-container\">\n\t\t\t\t\t\t\t<div class=\"elementor-shortcode\"><div class=\"map_wrapper\" id=\"map_wrapper_4861\">\n<div class=\"map_box\" style=\"max-width:2000px\">\n<div class=\"map_aspect_ratio\" style=\"padding-top:56%\" data-padding-top=\"56%\" data-padding-top-mobile=\"0%\">\n<div class=\"map_container\">\n<div class=\"map_render map_loading\" id=\"map_4861\"><\/div>\n<\/div>\n<\/div>\n<\/div>\n<\/div><\/div>\n\t\t\t\t\t\t<\/div>\n\t\t\t\t<\/div>\n\t\t<div class=\"elementor-element elementor-element-95c43b9 e-con-full e-flex e-con e-child\" data-id=\"95c43b9\" data-element_type=\"container\" data-e-type=\"container\">\n\t\t<div class=\"elementor-element elementor-element-aac80a9 e-con-full e-flex e-con e-child\" data-id=\"aac80a9\" data-element_type=\"container\" data-e-type=\"container\">\n\t\t\t\t<div class=\"elementor-element elementor-element-b098951 elementor-widget elementor-widget-heading\" data-id=\"b098951\" data-element_type=\"widget\" data-e-type=\"widget\" data-widget_type=\"heading.default\">\n\t\t\t\t<div class=\"elementor-widget-container\">\n\t\t\t\t\t<h2 class=\"elementor-heading-title elementor-size-default\">Ahmet Can Hocao\u011fullar\u0131, T\u00fcrkiye<\/h2>\t\t\t\t<\/div>\n\t\t\t\t<\/div>\n\t\t\t\t<div class=\"elementor-element elementor-element-631af4f elementor-icon-list--layout-traditional elementor-list-item-link-full_width elementor-widget elementor-widget-icon-list\" data-id=\"631af4f\" data-element_type=\"widget\" data-e-type=\"widget\" data-widget_type=\"icon-list.default\">\n\t\t\t\t<div class=\"elementor-widget-container\">\n\t\t\t\t\t\t\t<ul class=\"elementor-icon-list-items\">\n\t\t\t\t\t\t\t<li class=\"elementor-icon-list-item\">\n\t\t\t\t\t\t\t\t\t\t\t<span class=\"elementor-icon-list-icon\">\n\t\t\t\t\t\t\t<svg aria-hidden=\"true\" class=\"e-font-icon-svg e-fas-globe-africa\" viewBox=\"0 0 496 512\" xmlns=\"http:\/\/www.w3.org\/2000\/svg\"><path d=\"M248 8C111.03 8 0 119.03 0 256s111.03 248 248 248 248-111.03 248-248S384.97 8 248 8zm160 215.5v6.93c0 5.87-3.32 11.24-8.57 13.86l-15.39 7.7a15.485 15.485 0 0 1-15.53-.97l-18.21-12.14a15.52 15.52 0 0 0-13.5-1.81l-2.65.88c-9.7 3.23-13.66 14.79-7.99 23.3l13.24 19.86c2.87 4.31 7.71 6.9 12.89 6.9h8.21c8.56 0 15.5 6.94 15.5 15.5v11.34c0 3.35-1.09 6.62-3.1 9.3l-18.74 24.98c-1.42 1.9-2.39 4.1-2.83 6.43l-4.3 22.83c-.62 3.29-2.29 6.29-4.76 8.56a159.608 159.608 0 0 0-25 29.16l-13.03 19.55a27.756 27.756 0 0 1-23.09 12.36c-10.51 0-20.12-5.94-24.82-15.34a78.902 78.902 0 0 1-8.33-35.29V367.5c0-8.56-6.94-15.5-15.5-15.5h-25.88c-14.49 0-28.38-5.76-38.63-16a54.659 54.659 0 0 1-16-38.63v-14.06c0-17.19 8.1-33.38 21.85-43.7l27.58-20.69a54.663 54.663 0 0 1 32.78-10.93h.89c8.48 0 16.85 1.97 24.43 5.77l14.72 7.36c3.68 1.84 7.93 2.14 11.83.84l47.31-15.77c6.33-2.11 10.6-8.03 10.6-14.7 0-8.56-6.94-15.5-15.5-15.5h-10.09c-4.11 0-8.05-1.63-10.96-4.54l-6.92-6.92a15.493 15.493 0 0 0-10.96-4.54H199.5c-8.56 0-15.5-6.94-15.5-15.5v-4.4c0-7.11 4.84-13.31 11.74-15.04l14.45-3.61c3.74-.94 7-3.23 9.14-6.44l8.08-12.11c2.87-4.31 7.71-6.9 12.89-6.9h24.21c8.56 0 15.5-6.94 15.5-15.5v-21.7C359.23 71.63 422.86 131.02 441.93 208H423.5c-8.56 0-15.5 6.94-15.5 15.5z\"><\/path><\/svg>\t\t\t\t\t\t<\/span>\n\t\t\t\t\t\t\t\t\t\t<span class=\"elementor-icon-list-text\">Hatay \u0130l Bayi - T\u00fcrkiye<\/span>\n\t\t\t\t\t\t\t\t\t<\/li>\n\t\t\t\t\t\t\t\t<li class=\"elementor-icon-list-item\">\n\t\t\t\t\t\t\t\t\t\t\t<span class=\"elementor-icon-list-icon\">\n\t\t\t\t\t\t\t<svg aria-hidden=\"true\" class=\"e-font-icon-svg e-fas-phone-alt\" viewBox=\"0 0 512 512\" xmlns=\"http:\/\/www.w3.org\/2000\/svg\"><path d=\"M497.39 361.8l-112-48a24 24 0 0 0-28 6.9l-49.6 60.6A370.66 370.66 0 0 1 130.6 204.11l60.6-49.6a23.94 23.94 0 0 0 6.9-28l-48-112A24.16 24.16 0 0 0 122.6.61l-104 24A24 24 0 0 0 0 48c0 256.5 207.9 464 464 464a24 24 0 0 0 23.4-18.6l24-104a24.29 24.29 0 0 0-14.01-27.6z\"><\/path><\/svg>\t\t\t\t\t\t<\/span>\n\t\t\t\t\t\t\t\t\t\t<span class=\"elementor-icon-list-text\">0 (530) 065 44 64<\/span>\n\t\t\t\t\t\t\t\t\t<\/li>\n\t\t\t\t\t\t\t\t<li class=\"elementor-icon-list-item\">\n\t\t\t\t\t\t\t\t\t\t\t<span class=\"elementor-icon-list-icon\">\n\t\t\t\t\t\t\t<svg aria-hidden=\"true\" class=\"e-font-icon-svg e-fas-map-marker-alt\" viewBox=\"0 0 384 512\" xmlns=\"http:\/\/www.w3.org\/2000\/svg\"><path d=\"M172.268 501.67C26.97 291.031 0 269.413 0 192 0 85.961 85.961 0 192 0s192 85.961 192 192c0 77.413-26.97 99.031-172.268 309.67-9.535 13.774-29.93 13.773-39.464 0zM192 272c44.183 0 80-35.817 80-80s-35.817-80-80-80-80 35.817-80 80 35.817 80 80 80z\"><\/path><\/svg>\t\t\t\t\t\t<\/span>\n\t\t\t\t\t\t\t\t\t\t<span class=\"elementor-icon-list-text\">Arpadere Mahallesi Pamir Sokak, No: 34 Arsuz \/ Hatay<\/span>\n\t\t\t\t\t\t\t\t\t<\/li>\n\t\t\t\t\t\t<\/ul>\n\t\t\t\t\t\t<\/div>\n\t\t\t\t<\/div>\n\t\t\t\t<div class=\"elementor-element elementor-element-e896467 elementor-widget elementor-widget-elementskit-dual-button\" data-id=\"e896467\" data-element_type=\"widget\" data-e-type=\"widget\" data-widget_type=\"elementskit-dual-button.default\">\n\t\t\t\t<div class=\"elementor-widget-container\">\n\t\t\t\t\t<div class=\"ekit-wid-con\" >\n                <div class=\"ekit-element-align-wrapper\">\n                    <div class=\"ekit_double_button\">                <a class=\"ekit-double-btn ekit-double-btn-one\" href=\"#\">\n                    Web sitesini ziyaret edin                <\/a>\n            \n            <a class=\"ekit-double-btn ekit-double-btn-two\" href=\"https:\/\/mitimplant.com\/tr\/partnerlerimiz-turkiye\/\">\n                    Di\u011fer partnerleri g\u00f6r\u00fcnt\u00fcle                <\/a>\n                  <\/div>\n                <\/div>\n            <\/div>\t\t\t\t<\/div>\n\t\t\t\t<\/div>\n\t\t\t\t<\/div>\n\t\t<div class=\"elementor-element elementor-element-505589b e-con-full e-flex e-con e-child\" data-id=\"505589b\" data-element_type=\"container\" data-e-type=\"container\">\n\t\t\t\t<div class=\"elementor-element elementor-element-37c37f1 elementor-widget elementor-widget-google_maps\" data-id=\"37c37f1\" data-element_type=\"widget\" data-e-type=\"widget\" data-widget_type=\"google_maps.default\">\n\t\t\t\t<div class=\"elementor-widget-container\">\n\t\t\t\t\t\t\t<div class=\"elementor-custom-embed\">\n\t\t\t<iframe loading=\"lazy\"\n\t\t\t\t\tsrc=\"https:\/\/maps.google.com\/maps?q=Arpadere%20Mahallesi%20Pamir%20Sokak%2C%20No%3A%2034%20Arsuz%20%2F%20Hatay&#038;t=m&#038;z=12&#038;output=embed&#038;iwloc=near\"\n\t\t\t\t\ttitle=\"Arpadere Mahallesi Pamir Sokak, No: 34 Arsuz \/ Hatay\"\n\t\t\t\t\taria-label=\"Arpadere Mahallesi Pamir Sokak, No: 34 Arsuz \/ Hatay\"\n\t\t\t><\/iframe>\n\t\t<\/div>\n\t\t\t\t\t\t<\/div>\n\t\t\t\t<\/div>\n\t\t\t\t<\/div>\n\t\t\t\t<\/div>\n\t\t\t\t\t<\/div>\n\t\t\t\t<\/div>\n\t\t<div class=\"elementor-element elementor-element-dcf54ed e-flex e-con-boxed e-con e-parent\" data-id=\"dcf54ed\" data-element_type=\"container\" data-e-type=\"container\" data-settings=\"{&quot;background_background&quot;:&quot;classic&quot;}\">\n\t\t\t\t\t<div class=\"e-con-inner\">\n\t\t<div class=\"elementor-element elementor-element-c9ed8fc e-con-full e-flex e-con e-child\" data-id=\"c9ed8fc\" data-element_type=\"container\" data-e-type=\"container\">\n\t\t\t\t<div class=\"elementor-element elementor-element-75ef22c elementor-widget__width-inherit elementor-widget elementor-widget-text-editor\" data-id=\"75ef22c\" data-element_type=\"widget\" data-e-type=\"widget\" data-widget_type=\"text-editor.default\">\n\t\t\t\t<div class=\"elementor-widget-container\">\n\t\t\t\t\t\t\t\t\t<p>Birlikte \u00c7al\u0131\u015fal\u0131m<\/p>\n\t\t\t\t\t\t\t\t<\/div>\n\t\t\t\t<\/div>\n\t\t\t\t<div class=\"elementor-element elementor-element-d53844d elementor-widget__width-inherit elementor-widget elementor-widget-heading\" data-id=\"d53844d\" data-element_type=\"widget\" data-e-type=\"widget\" data-widget_type=\"heading.default\">\n\t\t\t\t<div class=\"elementor-widget-container\">\n\t\t\t\t\t<h2 class=\"elementor-heading-title elementor-size-default\">Partnerlik i\u00e7in Ba\u015fvurun<\/h2>\t\t\t\t<\/div>\n\t\t\t\t<\/div>\n\t\t\t\t<div class=\"elementor-element elementor-element-3288b32 elementor-widget__width-inherit elementor-widget elementor-widget-text-editor\" data-id=\"3288b32\" data-element_type=\"widget\" data-e-type=\"widget\" data-widget_type=\"text-editor.default\">\n\t\t\t\t<div class=\"elementor-widget-container\">\n\t\t\t\t\t\t\t\t\t<p>Aileye kat\u0131l\u0131n ve bizimle ortakl\u0131k kurarak i\u015finizi y\u00fckseltin! Kaliteli dental \u00fcr\u00fcnleri sekt\u00f6rdeki en iyi f\u0131rsatlarla sunuyoruz. Bayimiz olarak, rekabet\u00e7i fiyatlar\u0131m\u0131zdan yararlan\u0131rken y\u00fcksek kaliteli dental \u00fcr\u00fcnlerimizle hastalar\u0131n\u0131za en iyi hizmeti sa\u011flayabilirsiniz.<\/p>\n\t\t\t\t\t\t\t\t<\/div>\n\t\t\t\t<\/div>\n\t\t\t\t<div class=\"elementor-element elementor-element-4bff98e elementor-widget__width-auto elementor-widget elementor-widget-button\" data-id=\"4bff98e\" data-element_type=\"widget\" data-e-type=\"widget\" data-widget_type=\"button.default\">\n\t\t\t\t<div class=\"elementor-widget-container\">\n\t\t\t\t\t\t\t\t\t<div class=\"elementor-button-wrapper\">\n\t\t\t\t\t<a class=\"elementor-button elementor-button-link elementor-size-sm\" href=\"https:\/\/mitimplant.com\/tr\/iletisim\/\">\n\t\t\t\t\t\t<span class=\"elementor-button-content-wrapper\">\n\t\t\t\t\t\t\t\t\t<span class=\"elementor-button-text\">\u015eimdi ba\u015fvurun<\/span>\n\t\t\t\t\t<\/span>\n\t\t\t\t\t<\/a>\n\t\t\t\t<\/div>\n\t\t\t\t\t\t\t\t<\/div>\n\t\t\t\t<\/div>\n\t\t\t\t<\/div>\n\t\t<div class=\"elementor-element elementor-element-d65cfbd e-con-full e-flex e-con e-child\" data-id=\"d65cfbd\" data-element_type=\"container\" data-e-type=\"container\">\n\t\t\t\t<div class=\"elementor-element elementor-element-00873d3 elementor-widget elementor-widget-image\" data-id=\"00873d3\" data-element_type=\"widget\" data-e-type=\"widget\" data-widget_type=\"image.default\">\n\t\t\t\t<div class=\"elementor-widget-container\">\n\t\t\t\t\t\t\t\t\t\t\t\t\t\t\t<img fetchpriority=\"high\" decoding=\"async\" width=\"800\" height=\"430\" src=\"https:\/\/mitimplant.com\/wp-content\/uploads\/2024\/11\/pngegg-1024x550.png\" class=\"attachment-large size-large wp-image-3998\" alt=\"\" srcset=\"https:\/\/mitimplant.com\/wp-content\/uploads\/2024\/11\/pngegg-1024x550.png 1024w, https:\/\/mitimplant.com\/wp-content\/uploads\/2024\/11\/pngegg-300x161.png 300w, https:\/\/mitimplant.com\/wp-content\/uploads\/2024\/11\/pngegg-768x412.png 768w, https:\/\/mitimplant.com\/wp-content\/uploads\/2024\/11\/pngegg-1536x825.png 1536w, https:\/\/mitimplant.com\/wp-content\/uploads\/2024\/11\/pngegg-600x322.png 600w, https:\/\/mitimplant.com\/wp-content\/uploads\/2024\/11\/pngegg.png 1600w\" sizes=\"(max-width: 800px) 100vw, 800px\" \/>\t\t\t\t\t\t\t\t\t\t\t\t\t\t\t<\/div>\n\t\t\t\t<\/div>\n\t\t\t\t<\/div>\n\t\t\t\t\t<\/div>\n\t\t\t\t<\/div>\n\t\t\t\t<\/div>\n\t\t","protected":false},"excerpt":{"rendered":"<p>Ahmet Can Hocao\u011fullar\u0131, T\u00fcrkiye Hatay \u0130l Bayi &#8211; T\u00fcrkiye 0 (530) 065 44 64 Arpadere Mahallesi Pamir Sokak, No: 34 Arsuz \/ Hatay Web sitesini ziyaret edin Di\u011fer partnerleri g\u00f6r\u00fcnt\u00fcle Birlikte \u00c7al\u0131\u015fal\u0131m Partnerlik i\u00e7in Ba\u015fvurun Aileye kat\u0131l\u0131n ve bizimle ortakl\u0131k kurarak i\u015finizi y\u00fckseltin! Kaliteli dental \u00fcr\u00fcnleri sekt\u00f6rdeki en iyi f\u0131rsatlarla sunuyoruz. Bayimiz olarak, rekabet\u00e7i fiyatlar\u0131m\u0131zdan [&hellip;]<\/p>\n","protected":false},"author":3,"featured_media":0,"parent":0,"menu_order":0,"comment_status":"closed","ping_status":"closed","template":"elementor_header_footer","meta":{"footnotes":""},"class_list":["post-4026","page","type-page","status-publish","hentry"],"_links":{"self":[{"href":"https:\/\/mitimplant.com\/tr\/wp-json\/wp\/v2\/pages\/4026","targetHints":{"allow":["GET"]}}],"collection":[{"href":"https:\/\/mitimplant.com\/tr\/wp-json\/wp\/v2\/pages"}],"about":[{"href":"https:\/\/mitimplant.com\/tr\/wp-json\/wp\/v2\/types\/page"}],"author":[{"embeddable":true,"href":"https:\/\/mitimplant.com\/tr\/wp-json\/wp\/v2\/users\/3"}],"replies":[{"embeddable":true,"href":"https:\/\/mitimplant.com\/tr\/wp-json\/wp\/v2\/comments?post=4026"}],"version-history":[{"count":22,"href":"https:\/\/mitimplant.com\/tr\/wp-json\/wp\/v2\/pages\/4026\/revisions"}],"predecessor-version":[{"id":5110,"href":"https:\/\/mitimplant.com\/tr\/wp-json\/wp\/v2\/pages\/4026\/revisions\/5110"}],"wp:attachment":[{"href":"https:\/\/mitimplant.com\/tr\/wp-json\/wp\/v2\/media?parent=4026"}],"curies":[{"name":"wp","href":"https:\/\/api.w.org\/{rel}","templated":true}]}}