{"id":4022,"date":"2024-09-04T12:57:21","date_gmt":"2024-09-04T12:57:21","guid":{"rendered":"https:\/\/mitimplant.com\/hakkimizda\/"},"modified":"2025-04-17T10:33:07","modified_gmt":"2025-04-17T10:33:07","slug":"hakkimizda","status":"publish","type":"page","link":"https:\/\/mitimplant.com\/tr\/hakkimizda\/","title":{"rendered":"Hakk\u0131m\u0131zda"},"content":{"rendered":"\t\t<div data-elementor-type=\"wp-page\" data-elementor-id=\"4022\" class=\"elementor elementor-4022 elementor-25\" data-elementor-post-type=\"page\">\n\t\t\t\t<div class=\"elementor-element elementor-element-3c9e4ca e-flex e-con-boxed e-con e-parent\" data-id=\"3c9e4ca\" data-element_type=\"container\" data-e-type=\"container\" data-settings=\"{&quot;background_background&quot;:&quot;classic&quot;}\">\n\t\t\t\t\t<div class=\"e-con-inner\">\n\t\t\t\t<div class=\"elementor-element elementor-element-76656c9a elementor-invisible elementor-widget elementor-widget-heading\" data-id=\"76656c9a\" data-element_type=\"widget\" data-e-type=\"widget\" data-settings=\"{&quot;_animation&quot;:&quot;fadeIn&quot;}\" data-widget_type=\"heading.default\">\n\t\t\t\t<div class=\"elementor-widget-container\">\n\t\t\t\t\t<h2 class=\"elementor-heading-title elementor-size-default\">Hakk\u0131m\u0131zda<\/h2>\t\t\t\t<\/div>\n\t\t\t\t<\/div>\n\t\t\t\t\t<\/div>\n\t\t\t\t<\/div>\n\t\t<div class=\"elementor-element elementor-element-d2c6d63 e-flex e-con-boxed e-con e-parent\" data-id=\"d2c6d63\" data-element_type=\"container\" data-e-type=\"container\" data-settings=\"{&quot;background_background&quot;:&quot;classic&quot;}\">\n\t\t\t\t\t<div class=\"e-con-inner\">\n\t\t<div class=\"elementor-element elementor-element-941e03c e-con-full e-flex e-con e-child\" data-id=\"941e03c\" data-element_type=\"container\" data-e-type=\"container\">\n\t\t\t\t<div class=\"elementor-element elementor-element-5915f20 elementor-widget__width-initial elementor-widget-mobile__width-inherit elementor-invisible elementor-widget elementor-widget-text-editor\" data-id=\"5915f20\" data-element_type=\"widget\" data-e-type=\"widget\" data-settings=\"{&quot;_animation&quot;:&quot;fadeIn&quot;,&quot;_animation_delay&quot;:400}\" data-widget_type=\"text-editor.default\">\n\t\t\t\t<div class=\"elementor-widget-container\">\n\t\t\t\t\t\t\t\t\t<p><span style=\"font-family: var( --e-global-typography-text-font-family ), Sans-serif; font-size: var( --e-global-typography-text-font-size ); font-style: var( --e-global-typography-text-font-style ); font-weight: var( --e-global-typography-text-font-weight ); text-transform: var( --e-global-typography-text-text-transform ); text-align: var(--text-align); background-color: var( --e-global-color-80771f1 ); color: var( --e-global-color-text );\">Yenilik\u00e7i bak\u0131\u015f a\u00e7\u0131m\u0131z ve esnekli\u011fimiz, s\u00fcrekli olarak m\u00fckemmelle\u015ftirici ve faydal\u0131 \u00e7\u00f6z\u00fcmler \u00fcretmemizi sa\u011fl\u0131yor. Titiz ve \u00f6zenli Ar-Ge temelli \u00e7al\u0131\u015fmalar\u0131m\u0131z ile 40 y\u0131l\u0131 a\u015fk\u0131n sa\u011fl\u0131k sekt\u00f6r\u00fc deneyim ve bilgi birikimimizi d\u00fcnya standartlar\u0131nda hassas \u00fcretim protokol\u00fc ile birle\u015ftirerek Hekimlerimiz i\u00e7in en iyi, en biyo-uyumlu dental implantlar\u0131 geli\u015ftirdik. Cerrahi operasyonlar\u0131n kalitesini art\u0131rmak ve daha konforlu tedavi s\u00fcre\u00e7leri sa\u011flamak i\u00e7in yenilik\u00e7i \u00fcr\u00fcnler tasarl\u0131yor, geli\u015ftiriyor ve sizlerle bulu\u015fturuyoruz.<\/span><\/p><p>\u00d6ncelikli Hedeflerimiz aras\u0131nda yer alan b\u00fcy\u00fcme ve ilerlemenin ilk ko\u015fulu olan de\u011fi\u015fime a\u00e7\u0131k yakla\u015f\u0131m\u0131m\u0131z \u00e7er\u00e7evesinde her zaman daha \u00e7ok \u00e7al\u0131\u015f\u0131yor, kolayla\u015ft\u0131r\u0131c\u0131 yeni \u00e7\u00f6z\u00fcmler \u00fcretiyor ve bunlar\u0131 s\u00fcrekli geli\u015ftiriyoruz.<\/p>\t\t\t\t\t\t\t\t<\/div>\n\t\t\t\t<\/div>\n\t\t\t\t<\/div>\n\t\t<div class=\"elementor-element elementor-element-67ba9e6 e-con-full e-flex e-con e-child\" data-id=\"67ba9e6\" data-element_type=\"container\" data-e-type=\"container\">\n\t\t\t\t<div class=\"elementor-element elementor-element-df37b97 elementor-widget elementor-widget-image\" data-id=\"df37b97\" data-element_type=\"widget\" data-e-type=\"widget\" data-widget_type=\"image.default\">\n\t\t\t\t<div class=\"elementor-widget-container\">\n\t\t\t\t\t\t\t\t\t\t\t\t\t\t\t<img fetchpriority=\"high\" decoding=\"async\" width=\"768\" height=\"1024\" src=\"https:\/\/mitimplant.com\/wp-content\/uploads\/2024\/10\/mit-implant-about-us-768x1024.jpeg\" class=\"elementor-animation-grow attachment-large size-large wp-image-3938\" alt=\"\" srcset=\"https:\/\/mitimplant.com\/wp-content\/uploads\/2024\/10\/mit-implant-about-us-768x1024.jpeg 768w, https:\/\/mitimplant.com\/wp-content\/uploads\/2024\/10\/mit-implant-about-us-225x300.jpeg 225w, https:\/\/mitimplant.com\/wp-content\/uploads\/2024\/10\/mit-implant-about-us-1152x1536.jpeg 1152w, https:\/\/mitimplant.com\/wp-content\/uploads\/2024\/10\/mit-implant-about-us-1536x2048.jpeg 1536w, https:\/\/mitimplant.com\/wp-content\/uploads\/2024\/10\/mit-implant-about-us-600x800.jpeg 600w, https:\/\/mitimplant.com\/wp-content\/uploads\/2024\/10\/mit-implant-about-us-scaled.jpeg 1920w\" sizes=\"(max-width: 768px) 100vw, 768px\" \/>\t\t\t\t\t\t\t\t\t\t\t\t\t\t\t<\/div>\n\t\t\t\t<\/div>\n\t\t\t\t<\/div>\n\t\t\t\t\t<\/div>\n\t\t\t\t<\/div>\n\t\t<div class=\"elementor-element elementor-element-4264f4d5 e-flex e-con-boxed e-con e-parent\" data-id=\"4264f4d5\" data-element_type=\"container\" data-e-type=\"container\" data-settings=\"{&quot;background_background&quot;:&quot;classic&quot;}\">\n\t\t\t\t\t<div class=\"e-con-inner\">\n\t\t<div class=\"elementor-element elementor-element-4bc9436 e-con-full e-flex e-con e-child\" data-id=\"4bc9436\" data-element_type=\"container\" data-e-type=\"container\">\n\t\t\t\t<div class=\"elementor-element elementor-element-6e41e2c elementor-widget__width-inherit elementor-widget elementor-widget-image\" data-id=\"6e41e2c\" data-element_type=\"widget\" data-e-type=\"widget\" data-widget_type=\"image.default\">\n\t\t\t\t<div class=\"elementor-widget-container\">\n\t\t\t\t\t\t\t\t\t\t\t\t\t\t\t<img decoding=\"async\" width=\"768\" height=\"1024\" src=\"https:\/\/mitimplant.com\/wp-content\/uploads\/2024\/10\/about-us-768x1024.jpeg\" class=\"elementor-animation-grow attachment-large size-large wp-image-3939\" alt=\"\" srcset=\"https:\/\/mitimplant.com\/wp-content\/uploads\/2024\/10\/about-us-768x1024.jpeg 768w, https:\/\/mitimplant.com\/wp-content\/uploads\/2024\/10\/about-us-225x300.jpeg 225w, https:\/\/mitimplant.com\/wp-content\/uploads\/2024\/10\/about-us-1152x1536.jpeg 1152w, https:\/\/mitimplant.com\/wp-content\/uploads\/2024\/10\/about-us-1536x2048.jpeg 1536w, https:\/\/mitimplant.com\/wp-content\/uploads\/2024\/10\/about-us-600x800.jpeg 600w, https:\/\/mitimplant.com\/wp-content\/uploads\/2024\/10\/about-us-scaled.jpeg 1920w\" sizes=\"(max-width: 768px) 100vw, 768px\" \/>\t\t\t\t\t\t\t\t\t\t\t\t\t\t\t<\/div>\n\t\t\t\t<\/div>\n\t\t\t\t<\/div>\n\t\t<div class=\"elementor-element elementor-element-3549b6f e-con-full e-flex e-con e-child\" data-id=\"3549b6f\" data-element_type=\"container\" data-e-type=\"container\">\n\t\t\t\t<div class=\"elementor-element elementor-element-b17ac0b elementor-widget__width-inherit elementor-invisible elementor-widget elementor-widget-heading\" data-id=\"b17ac0b\" data-element_type=\"widget\" data-e-type=\"widget\" data-settings=\"{&quot;_animation&quot;:&quot;fadeIn&quot;,&quot;_animation_delay&quot;:200}\" data-widget_type=\"heading.default\">\n\t\t\t\t<div class=\"elementor-widget-container\">\n\t\t\t\t\t<h2 class=\"elementor-heading-title elementor-size-default\">Misyon &amp; Vizyon<\/h2>\t\t\t\t<\/div>\n\t\t\t\t<\/div>\n\t\t<div class=\"elementor-element elementor-element-4ca8be2 e-con-full e-flex elementor-invisible e-con e-child\" data-id=\"4ca8be2\" data-element_type=\"container\" data-e-type=\"container\" data-settings=\"{&quot;animation&quot;:&quot;fadeIn&quot;,&quot;animation_delay&quot;:500}\">\n\t\t\t\t<div class=\"elementor-element elementor-element-ff17f89 elementor-widget elementor-widget-heading\" data-id=\"ff17f89\" data-element_type=\"widget\" data-e-type=\"widget\" data-widget_type=\"heading.default\">\n\t\t\t\t<div class=\"elementor-widget-container\">\n\t\t\t\t\t<h3 class=\"elementor-heading-title elementor-size-default\">Misyonumuz<\/h3>\t\t\t\t<\/div>\n\t\t\t\t<\/div>\n\t\t\t\t<div class=\"elementor-element elementor-element-bf5a3f8 elementor-widget elementor-widget-text-editor\" data-id=\"bf5a3f8\" data-element_type=\"widget\" data-e-type=\"widget\" data-widget_type=\"text-editor.default\">\n\t\t\t\t<div class=\"elementor-widget-container\">\n\t\t\t\t\t\t\t\t\t<p>Misyonumuz, y\u00fcksek kaliteli dental implant \u00e7\u00f6z\u00fcmleri sunarak di\u015f hekimlerinin ve hastalar\u0131n\u0131n ya\u015fam kalitesini art\u0131rmakt\u0131r. Ar-Ge \u00e7al\u0131\u015fmalar\u0131m\u0131z ve yenilik\u00e7i \u00fcretim s\u00fcre\u00e7lerimizle, g\u00fcvenilir ve etkili \u00fcr\u00fcnler geli\u015ftirmeyi hedefliyoruz. M\u00fc\u015fteri memnuniyetini \u00f6n planda tutarak, sekt\u00f6rdeki en iyi uygulamalar\u0131 benimsemekte ve s\u00fcrekli geli\u015fim sa\u011flamaktay\u0131z.<\/p>\t\t\t\t\t\t\t\t<\/div>\n\t\t\t\t<\/div>\n\t\t\t\t<div class=\"elementor-element elementor-element-374e57c elementor-widget elementor-widget-heading\" data-id=\"374e57c\" data-element_type=\"widget\" data-e-type=\"widget\" data-widget_type=\"heading.default\">\n\t\t\t\t<div class=\"elementor-widget-container\">\n\t\t\t\t\t<h3 class=\"elementor-heading-title elementor-size-default\">Vizyonumuz<\/h3>\t\t\t\t<\/div>\n\t\t\t\t<\/div>\n\t\t\t\t<div class=\"elementor-element elementor-element-d3c0cdb elementor-widget elementor-widget-text-editor\" data-id=\"d3c0cdb\" data-element_type=\"widget\" data-e-type=\"widget\" data-widget_type=\"text-editor.default\">\n\t\t\t\t<div class=\"elementor-widget-container\">\n\t\t\t\t\t\t\t\t\t<p>Vizyonumuz, global pazarda lider bir dental implant \u00fcreticisi olmakt\u0131r. Yenilik\u00e7i teknolojiler ve s\u00fcrd\u00fcr\u00fclebilir \u00fcretim y\u00f6ntemleriyle, d\u00fcnya genelindeki di\u015f hekimlerine ve sa\u011fl\u0131k profesyonellerine en iyi \u00e7\u00f6z\u00fcmleri sunmay\u0131 hedefliyoruz. Sa\u011fl\u0131k sekt\u00f6r\u00fcndeki geli\u015fmeleri takip ederek, s\u00fcrekli olarak \u00fcr\u00fcn yelpazemizi geni\u015fletmek ve m\u00fc\u015fteri ihtiya\u00e7lar\u0131na y\u00f6nelik \u00e7\u00f6z\u00fcmler geli\u015ftirmek \u00f6nceliklerimiz aras\u0131nda yer almaktad\u0131r.<\/p>\t\t\t\t\t\t\t\t<\/div>\n\t\t\t\t<\/div>\n\t\t\t\t<\/div>\n\t\t\t\t<\/div>\n\t\t\t\t\t<\/div>\n\t\t\t\t<\/div>\n\t\t<div class=\"elementor-element elementor-element-67b7c06 e-flex e-con-boxed e-con e-parent\" data-id=\"67b7c06\" data-element_type=\"container\" data-e-type=\"container\" data-settings=\"{&quot;background_background&quot;:&quot;classic&quot;}\">\n\t\t\t\t\t<div class=\"e-con-inner\">\n\t\t<div class=\"elementor-element elementor-element-788c531 e-con-full e-flex e-con e-child\" data-id=\"788c531\" data-element_type=\"container\" data-e-type=\"container\">\n\t\t\t\t<div class=\"elementor-element elementor-element-536b30b elementor-widget__width-inherit elementor-invisible elementor-widget elementor-widget-heading\" data-id=\"536b30b\" data-element_type=\"widget\" data-e-type=\"widget\" data-settings=\"{&quot;_animation&quot;:&quot;fadeIn&quot;,&quot;_animation_delay&quot;:200}\" data-widget_type=\"heading.default\">\n\t\t\t\t<div class=\"elementor-widget-container\">\n\t\t\t\t\t<h2 class=\"elementor-heading-title elementor-size-default\">Uluslararas\u0131 Vizyon<\/h2>\t\t\t\t<\/div>\n\t\t\t\t<\/div>\n\t\t\t\t<div class=\"elementor-element elementor-element-86d2615 elementor-widget__width-inherit elementor-invisible elementor-widget elementor-widget-text-editor\" data-id=\"86d2615\" data-element_type=\"widget\" data-e-type=\"widget\" data-settings=\"{&quot;_animation&quot;:&quot;fadeIn&quot;,&quot;_animation_delay&quot;:400}\" data-widget_type=\"text-editor.default\">\n\t\t\t\t<div class=\"elementor-widget-container\">\n\t\t\t\t\t\t\t\t\t<p>Uluslararas\u0131 vizyonumuz, global sa\u011fl\u0131k standartlar\u0131n\u0131 kar\u015f\u0131layan ve a\u015fan \u00fcr\u00fcnler geli\u015ftirmektir. Farkl\u0131 co\u011frafyalardaki pazar dinamiklerini anlamak ve bu do\u011frultuda stratejiler geli\u015ftirmek, uluslararas\u0131 b\u00fcy\u00fcme hedeflerimizin temelini olu\u015fturur. \u0130\u015f ortaklar\u0131m\u0131zla kurdu\u011fumuz g\u00fc\u00e7l\u00fc ili\u015fkiler sayesinde, d\u00fcnya genelinde g\u00fcvenilir bir marka olmay\u0131 ve dental sa\u011fl\u0131k alan\u0131nda \u00f6nc\u00fc rol oynamay\u0131 hedefliyoruz.<\/p>\t\t\t\t\t\t\t\t<\/div>\n\t\t\t\t<\/div>\n\t\t\t\t<\/div>\n\t\t\t\t\t<\/div>\n\t\t\t\t<\/div>\n\t\t<div class=\"elementor-element elementor-element-7e33455 e-flex e-con-boxed e-con e-parent\" data-id=\"7e33455\" data-element_type=\"container\" data-e-type=\"container\" data-settings=\"{&quot;background_background&quot;:&quot;classic&quot;}\">\n\t\t\t\t\t<div class=\"e-con-inner\">\n\t\t<div class=\"elementor-element elementor-element-896c0d8 e-con-full e-flex e-con e-child\" data-id=\"896c0d8\" data-element_type=\"container\" data-e-type=\"container\">\n\t\t\t\t<div class=\"elementor-element elementor-element-69dddf3 elementor-widget__width-inherit elementor-invisible elementor-widget elementor-widget-heading\" data-id=\"69dddf3\" data-element_type=\"widget\" data-e-type=\"widget\" data-settings=\"{&quot;_animation&quot;:&quot;fadeIn&quot;,&quot;_animation_delay&quot;:200}\" data-widget_type=\"heading.default\">\n\t\t\t\t<div class=\"elementor-widget-container\">\n\t\t\t\t\t<h2 class=\"elementor-heading-title elementor-size-default\">Y\u00f6netim<\/h2>\t\t\t\t<\/div>\n\t\t\t\t<\/div>\n\t\t\t\t<div class=\"elementor-element elementor-element-b45542a elementor-widget__width-inherit elementor-invisible elementor-widget elementor-widget-text-editor\" data-id=\"b45542a\" data-element_type=\"widget\" data-e-type=\"widget\" data-settings=\"{&quot;_animation&quot;:&quot;fadeIn&quot;,&quot;_animation_delay&quot;:400}\" data-widget_type=\"text-editor.default\">\n\t\t\t\t<div class=\"elementor-widget-container\">\n\t\t\t\t\t\t\t\t\t<p>Y\u00f6netim anlay\u0131\u015f\u0131m\u0131z, \u015feffafl\u0131k, etik de\u011ferler ve s\u00fcrd\u00fcr\u00fclebilirlik prensiplerine dayanmaktad\u0131r. Ekibimiz, alan\u0131nda uzman profesyonellerden olu\u015fmakta olup, her birey kendi sorumluluklar\u0131n\u0131n bilincindedir. \u0130novasyonu te\u015fvik eden bir \u00e7al\u0131\u015fma ortam\u0131 yaratarak, \u00e7al\u0131\u015fanlar\u0131m\u0131z\u0131n ki\u015fisel ve profesyonel geli\u015fimlerine katk\u0131da bulunmay\u0131 ama\u00e7l\u0131yoruz. Ayr\u0131ca, m\u00fc\u015fteri ili\u015fkilerimizi g\u00fc\u00e7lendirmek i\u00e7in s\u00fcrekli geri bildirim alarak, hizmet kalitemizi art\u0131rmay\u0131 hedefliyoruz.<\/p>\t\t\t\t\t\t\t\t<\/div>\n\t\t\t\t<\/div>\n\t\t\t\t<\/div>\n\t\t\t\t\t<\/div>\n\t\t\t\t<\/div>\n\t\t<div class=\"elementor-element elementor-element-7b7ca4c e-flex e-con-boxed e-con e-parent\" data-id=\"7b7ca4c\" data-element_type=\"container\" data-e-type=\"container\" data-settings=\"{&quot;background_background&quot;:&quot;classic&quot;}\">\n\t\t\t\t\t<div class=\"e-con-inner\">\n\t\t<div class=\"elementor-element elementor-element-ada90ba e-con-full e-flex e-con e-child\" data-id=\"ada90ba\" data-element_type=\"container\" data-e-type=\"container\">\n\t\t\t\t<div class=\"elementor-element elementor-element-4cc26d3 elementor-widget__width-inherit elementor-invisible elementor-widget elementor-widget-heading\" data-id=\"4cc26d3\" data-element_type=\"widget\" data-e-type=\"widget\" data-settings=\"{&quot;_animation&quot;:&quot;fadeIn&quot;,&quot;_animation_delay&quot;:200}\" data-widget_type=\"heading.default\">\n\t\t\t\t<div class=\"elementor-widget-container\">\n\t\t\t\t\t<h2 class=\"elementor-heading-title elementor-size-default\">Kalite<\/h2>\t\t\t\t<\/div>\n\t\t\t\t<\/div>\n\t\t\t\t<div class=\"elementor-element elementor-element-90fe8ce elementor-widget__width-inherit elementor-invisible elementor-widget elementor-widget-text-editor\" data-id=\"90fe8ce\" data-element_type=\"widget\" data-e-type=\"widget\" data-settings=\"{&quot;_animation&quot;:&quot;fadeIn&quot;,&quot;_animation_delay&quot;:400}\" data-widget_type=\"text-editor.default\">\n\t\t\t\t<div class=\"elementor-widget-container\">\n\t\t\t\t\t\t\t\t\t<p>Kalite, bizim i\u00e7in en \u00f6ncelikli de\u011ferdir. \u00dcr\u00fcnlerimizin g\u00fcvenilirli\u011fi ve etkinli\u011fi, m\u00fc\u015fteri memnuniyetinin temelini olu\u015fturur. Her a\u015famada titiz kalite kontrol s\u00fcre\u00e7leri uygulayarak, uluslararas\u0131 standartlara uygun \u00fcr\u00fcnler geli\u015ftirmekteyiz.<\/p><p>Ar-Ge departman\u0131m\u0131z, en yeni teknolojileri ve malzemeleri kullanarak, s\u00fcrekli olarak \u00fcr\u00fcnlerimizi iyile\u015ftirmekte ve yenilemektedir. \u00dcretim s\u00fcre\u00e7lerimizde, kalite y\u00f6netim sistemleri ve sertifikasyonlarla desteklenen en iyi uygulamalar\u0131 benimsemekteyiz.<\/p><p>M\u00fc\u015fterilerimizin ihtiya\u00e7lar\u0131n\u0131 anlamak ve onlara en iyi hizmeti sunmak i\u00e7in s\u00fcrekli geri bildirim almakta ve bu do\u011frultuda \u00fcr\u00fcnlerimizi geli\u015ftirmekteyiz. Kalite taahh\u00fcd\u00fcm\u00fcz, sadece \u00fcr\u00fcnlerimizle s\u0131n\u0131rl\u0131 kalmay\u0131p, sundu\u011fumuz hizmetlerin her alan\u0131nda kendini g\u00f6stermektedir.<\/p>\t\t\t\t\t\t\t\t<\/div>\n\t\t\t\t<\/div>\n\t\t\t\t<\/div>\n\t\t\t\t\t<\/div>\n\t\t\t\t<\/div>\n\t\t<div class=\"elementor-element elementor-element-16f0ddf e-flex e-con-boxed e-con e-parent\" data-id=\"16f0ddf\" data-element_type=\"container\" data-e-type=\"container\" data-settings=\"{&quot;background_background&quot;:&quot;classic&quot;}\">\n\t\t\t\t\t<div class=\"e-con-inner\">\n\t\t\t\t<div class=\"elementor-element elementor-element-3a7baf0 elementor-widget__width-inherit elementor-invisible elementor-widget elementor-widget-heading\" data-id=\"3a7baf0\" data-element_type=\"widget\" data-e-type=\"widget\" data-settings=\"{&quot;_animation&quot;:&quot;fadeIn&quot;,&quot;_animation_delay&quot;:200}\" data-widget_type=\"heading.default\">\n\t\t\t\t<div class=\"elementor-widget-container\">\n\t\t\t\t\t<h2 class=\"elementor-heading-title elementor-size-default\">Sertifikalar\u0131m\u0131z<\/h2>\t\t\t\t<\/div>\n\t\t\t\t<\/div>\n\t\t<div class=\"elementor-element elementor-element-cb22be7 e-con-full e-flex e-con e-child\" data-id=\"cb22be7\" data-element_type=\"container\" data-e-type=\"container\">\n\t\t\t\t<div class=\"elementor-element elementor-element-6971076 elementor-widget elementor-widget-image\" data-id=\"6971076\" data-element_type=\"widget\" data-e-type=\"widget\" data-widget_type=\"image.default\">\n\t\t\t\t<div class=\"elementor-widget-container\">\n\t\t\t\t\t\t\t\t\t\t\t\t\t\t\t\t<a href=\"https:\/\/mitimplant.com\/wp-content\/uploads\/2025\/04\/OZ-AKYEL-ISO-13485.png\" data-elementor-open-lightbox=\"yes\" data-elementor-lightbox-title=\"\u00d6Z AKYEL ISO 13485\" data-e-action-hash=\"#elementor-action%3Aaction%3Dlightbox%26settings%3DeyJpZCI6NTc2NiwidXJsIjoiaHR0cHM6XC9cL21pdGltcGxhbnQuY29tXC93cC1jb250ZW50XC91cGxvYWRzXC8yMDI1XC8wNFwvT1otQUtZRUwtSVNPLTEzNDg1LnBuZyJ9\">\n\t\t\t\t\t\t\t<img decoding=\"async\" src=\"https:\/\/mitimplant.com\/wp-content\/uploads\/2025\/04\/OZ-AKYEL-ISO-13485.png\" class=\"elementor-animation-grow attachment-full size-full wp-image-5766\" alt=\"\" \/>\t\t\t\t\t\t\t\t<\/a>\n\t\t\t\t\t\t\t\t\t\t\t\t\t\t\t<\/div>\n\t\t\t\t<\/div>\n\t\t\t\t<div class=\"elementor-element elementor-element-1cef1d7 elementor-widget elementor-widget-heading\" data-id=\"1cef1d7\" data-element_type=\"widget\" data-e-type=\"widget\" data-widget_type=\"heading.default\">\n\t\t\t\t<div class=\"elementor-widget-container\">\n\t\t\t\t\t<h2 class=\"elementor-heading-title elementor-size-default\">ISO: 13485<\/h2>\t\t\t\t<\/div>\n\t\t\t\t<\/div>\n\t\t\t\t<\/div>\n\t\t<div class=\"elementor-element elementor-element-fdf70b1 e-con-full e-flex e-con e-child\" data-id=\"fdf70b1\" data-element_type=\"container\" data-e-type=\"container\">\n\t\t\t\t<div class=\"elementor-element elementor-element-ad95ae9 elementor-widget elementor-widget-image\" data-id=\"ad95ae9\" data-element_type=\"widget\" data-e-type=\"widget\" data-widget_type=\"image.default\">\n\t\t\t\t<div class=\"elementor-widget-container\">\n\t\t\t\t\t\t\t\t\t\t\t\t\t\t\t\t<a href=\"https:\/\/mitimplant.com\/wp-content\/uploads\/2024\/09\/3.png\" data-elementor-open-lightbox=\"yes\" data-elementor-lightbox-title=\"3\" data-e-action-hash=\"#elementor-action%3Aaction%3Dlightbox%26settings%3DeyJpZCI6Mzc4NCwidXJsIjoiaHR0cHM6XC9cL21pdGltcGxhbnQuY29tXC93cC1jb250ZW50XC91cGxvYWRzXC8yMDI0XC8wOVwvMy5wbmcifQ%3D%3D\">\n\t\t\t\t\t\t\t<img decoding=\"async\" width=\"1086\" height=\"1526\" src=\"https:\/\/mitimplant.com\/wp-content\/uploads\/2024\/09\/3.png\" class=\"elementor-animation-grow attachment-full size-full wp-image-3784\" alt=\"\" srcset=\"https:\/\/mitimplant.com\/wp-content\/uploads\/2024\/09\/3.png.webp 1086w, https:\/\/mitimplant.com\/wp-content\/uploads\/2024\/09\/3-213x300.png.webp 213w, https:\/\/mitimplant.com\/wp-content\/uploads\/2024\/09\/3-729x1024.png.webp 729w, https:\/\/mitimplant.com\/wp-content\/uploads\/2024\/09\/3-768x1079.png.webp 768w, https:\/\/mitimplant.com\/wp-content\/uploads\/2024\/09\/3-600x843.png.webp 600w\" sizes=\"(max-width: 1086px) 100vw, 1086px\" \/>\t\t\t\t\t\t\t\t<\/a>\n\t\t\t\t\t\t\t\t\t\t\t\t\t\t\t<\/div>\n\t\t\t\t<\/div>\n\t\t\t\t<div class=\"elementor-element elementor-element-c8d6ff3 elementor-widget elementor-widget-heading\" data-id=\"c8d6ff3\" data-element_type=\"widget\" data-e-type=\"widget\" data-widget_type=\"heading.default\">\n\t\t\t\t<div class=\"elementor-widget-container\">\n\t\t\t\t\t<h2 class=\"elementor-heading-title elementor-size-default\">Sterilizasyon<\/h2>\t\t\t\t<\/div>\n\t\t\t\t<\/div>\n\t\t\t\t<\/div>\n\t\t<div class=\"elementor-element elementor-element-80c63d4 e-con-full e-flex e-con e-child\" data-id=\"80c63d4\" data-element_type=\"container\" data-e-type=\"container\">\n\t\t\t\t<div class=\"elementor-element elementor-element-df9ee3b elementor-widget elementor-widget-image\" data-id=\"df9ee3b\" data-element_type=\"widget\" data-e-type=\"widget\" data-widget_type=\"image.default\">\n\t\t\t\t<div class=\"elementor-widget-container\">\n\t\t\t\t\t\t\t\t\t\t\t\t\t\t\t\t<a href=\"https:\/\/mitimplant.com\/wp-content\/uploads\/2024\/09\/4.png\" data-elementor-open-lightbox=\"yes\" data-elementor-lightbox-title=\"4\" data-e-action-hash=\"#elementor-action%3Aaction%3Dlightbox%26settings%3DeyJpZCI6Mzc4MywidXJsIjoiaHR0cHM6XC9cL21pdGltcGxhbnQuY29tXC93cC1jb250ZW50XC91cGxvYWRzXC8yMDI0XC8wOVwvNC5wbmcifQ%3D%3D\">\n\t\t\t\t\t\t\t<img loading=\"lazy\" decoding=\"async\" width=\"1086\" height=\"1526\" src=\"https:\/\/mitimplant.com\/wp-content\/uploads\/2024\/09\/4.png\" class=\"elementor-animation-grow attachment-full size-full wp-image-3783\" alt=\"\" srcset=\"https:\/\/mitimplant.com\/wp-content\/uploads\/2024\/09\/4.png.webp 1086w, https:\/\/mitimplant.com\/wp-content\/uploads\/2024\/09\/4-213x300.png.webp 213w, https:\/\/mitimplant.com\/wp-content\/uploads\/2024\/09\/4-729x1024.png.webp 729w, https:\/\/mitimplant.com\/wp-content\/uploads\/2024\/09\/4-768x1079.png.webp 768w, https:\/\/mitimplant.com\/wp-content\/uploads\/2024\/09\/4-600x843.png.webp 600w\" sizes=\"(max-width: 1086px) 100vw, 1086px\" \/>\t\t\t\t\t\t\t\t<\/a>\n\t\t\t\t\t\t\t\t\t\t\t\t\t\t\t<\/div>\n\t\t\t\t<\/div>\n\t\t\t\t<div class=\"elementor-element elementor-element-c3db873 elementor-widget elementor-widget-heading\" data-id=\"c3db873\" data-element_type=\"widget\" data-e-type=\"widget\" data-widget_type=\"heading.default\">\n\t\t\t\t<div class=\"elementor-widget-container\">\n\t\t\t\t\t<h2 class=\"elementor-heading-title elementor-size-default\">S\u0131f\u0131r At\u0131k Sertifikas\u0131<\/h2>\t\t\t\t<\/div>\n\t\t\t\t<\/div>\n\t\t\t\t<\/div>\n\t\t\t\t\t<\/div>\n\t\t\t\t<\/div>\n\t\t\t\t<\/div>\n\t\t","protected":false},"excerpt":{"rendered":"<p>Yenilik\u00e7i bak\u0131\u015f a\u00e7\u0131m\u0131z ve esnekli\u011fimiz, s\u00fcrekli olarak m\u00fckemmelle\u015ftirici ve faydal\u0131 \u00e7\u00f6z\u00fcmler \u00fcretmemizi sa\u011fl\u0131yor. Titiz ve \u00f6zenli Ar-Ge temelli \u00e7al\u0131\u015fmalar\u0131m\u0131z ile 40 y\u0131l\u0131 a\u015fk\u0131n sa\u011fl\u0131k sekt\u00f6r\u00fc deneyim ve bilgi birikimimizi d\u00fcnya standartlar\u0131nda hassas \u00fcretim protokol\u00fc ile birle\u015ftirerek Hekimlerimiz i\u00e7in en iyi, en biyo-uyumlu dental implantlar\u0131 geli\u015ftirdik. Cerrahi operasyonlar\u0131n kalitesini art\u0131rmak ve daha konforlu tedavi s\u00fcre\u00e7leri sa\u011flamak [&hellip;]<\/p>\n","protected":false},"author":3,"featured_media":3940,"parent":0,"menu_order":0,"comment_status":"closed","ping_status":"closed","template":"elementor_header_footer","meta":{"footnotes":""},"class_list":["post-4022","page","type-page","status-publish","has-post-thumbnail","hentry"],"_links":{"self":[{"href":"https:\/\/mitimplant.com\/tr\/wp-json\/wp\/v2\/pages\/4022","targetHints":{"allow":["GET"]}}],"collection":[{"href":"https:\/\/mitimplant.com\/tr\/wp-json\/wp\/v2\/pages"}],"about":[{"href":"https:\/\/mitimplant.com\/tr\/wp-json\/wp\/v2\/types\/page"}],"author":[{"embeddable":true,"href":"https:\/\/mitimplant.com\/tr\/wp-json\/wp\/v2\/users\/3"}],"replies":[{"embeddable":true,"href":"https:\/\/mitimplant.com\/tr\/wp-json\/wp\/v2\/comments?post=4022"}],"version-history":[{"count":13,"href":"https:\/\/mitimplant.com\/tr\/wp-json\/wp\/v2\/pages\/4022\/revisions"}],"predecessor-version":[{"id":5783,"href":"https:\/\/mitimplant.com\/tr\/wp-json\/wp\/v2\/pages\/4022\/revisions\/5783"}],"wp:featuredmedia":[{"embeddable":true,"href":"https:\/\/mitimplant.com\/tr\/wp-json\/wp\/v2\/media\/3940"}],"wp:attachment":[{"href":"https:\/\/mitimplant.com\/tr\/wp-json\/wp\/v2\/media?parent=4022"}],"curies":[{"name":"wp","href":"https:\/\/api.w.org\/{rel}","templated":true}]}}