{"id":5302,"date":"2024-11-19T18:08:09","date_gmt":"2024-11-19T18:08:09","guid":{"rendered":"https:\/\/mitimplant.com\/%d8%aa%d9%8a%d9%88%d8%af%d9%85-%d9%84%d9%84%d8%ae%d8%af%d9%85%d8%a7%d8%aa-%d8%a7%d9%84%d8%b5%d8%ad%d9%8a%d8%a9\/"},"modified":"2024-12-27T13:22:31","modified_gmt":"2024-12-27T13:22:31","slug":"%d8%aa%d9%8a%d9%88%d8%af%d9%85-%d9%84%d9%84%d8%ae%d8%af%d9%85%d8%a7%d8%aa-%d8%a7%d9%84%d8%b5%d8%ad%d9%8a%d8%a9","status":"publish","type":"page","link":"https:\/\/mitimplant.com\/ar\/%d8%aa%d9%8a%d9%88%d8%af%d9%85-%d9%84%d9%84%d8%ae%d8%af%d9%85%d8%a7%d8%aa-%d8%a7%d9%84%d8%b5%d8%ad%d9%8a%d8%a9\/","title":{"rendered":"\u062a\u064a\u0648\u062f\u0645 \u0644\u0644\u062e\u062f\u0645\u0627\u062a \u0627\u0644\u0635\u062d\u064a\u0629"},"content":{"rendered":"\t\t<div data-elementor-type=\"wp-page\" data-elementor-id=\"5302\" class=\"elementor elementor-5302 elementor-3663\" data-elementor-post-type=\"page\">\n\t\t\t\t<div class=\"elementor-element elementor-element-49816ac e-flex e-con-boxed e-con e-parent\" data-id=\"49816ac\" data-element_type=\"container\" data-e-type=\"container\" data-settings=\"{&quot;background_background&quot;:&quot;classic&quot;}\">\n\t\t\t\t\t<div class=\"e-con-inner\">\n\t\t\t\t<div class=\"elementor-element elementor-element-3233be8 elementor-widget elementor-widget-shortcode\" data-id=\"3233be8\" data-element_type=\"widget\" data-e-type=\"widget\" data-widget_type=\"shortcode.default\">\n\t\t\t\t<div class=\"elementor-widget-container\">\n\t\t\t\t\t\t\t<div class=\"elementor-shortcode\"><div class=\"map_wrapper\" id=\"map_wrapper_4846\">\n<div class=\"map_box\" style=\"max-width:2000px\">\n<div class=\"map_aspect_ratio\" style=\"padding-top:56%\" data-padding-top=\"56%\" data-padding-top-mobile=\"0%\">\n<div class=\"map_container\">\n<div class=\"map_render map_loading\" id=\"map_4846\"><\/div>\n<\/div>\n<\/div>\n<\/div>\n<\/div>\n<\/div>\n\t\t\t\t\t\t<\/div>\n\t\t\t\t<\/div>\n\t\t<div class=\"elementor-element elementor-element-e3a5df3 e-con-full e-flex e-con e-child\" data-id=\"e3a5df3\" data-element_type=\"container\" data-e-type=\"container\">\n\t\t<div class=\"elementor-element elementor-element-d2822e0 e-con-full e-flex e-con e-child\" data-id=\"d2822e0\" data-element_type=\"container\" data-e-type=\"container\">\n\t\t\t\t<div class=\"elementor-element elementor-element-c54e59e elementor-widget elementor-widget-heading\" data-id=\"c54e59e\" data-element_type=\"widget\" data-e-type=\"widget\" data-widget_type=\"heading.default\">\n\t\t\t\t<div class=\"elementor-widget-container\">\n\t\t\t\t\t<h2 class=\"elementor-heading-title elementor-size-default\">\u062a\u064a\u0648\u062f\u0645 \u0644\u0644\u062e\u062f\u0645\u0627\u062a \u0627\u0644\u0635\u062d\u064a\u0629<\/h2>\t\t\t\t<\/div>\n\t\t\t\t<\/div>\n\t\t\t\t<div class=\"elementor-element elementor-element-46922fe elementor-icon-list--layout-traditional elementor-list-item-link-full_width elementor-widget elementor-widget-icon-list\" data-id=\"46922fe\" data-element_type=\"widget\" data-e-type=\"widget\" data-widget_type=\"icon-list.default\">\n\t\t\t\t<div class=\"elementor-widget-container\">\n\t\t\t\t\t\t\t<ul class=\"elementor-icon-list-items\">\n\t\t\t\t\t\t\t<li class=\"elementor-icon-list-item\">\n\t\t\t\t\t\t\t\t\t\t\t<span class=\"elementor-icon-list-icon\">\n\t\t\t\t\t\t\t<svg aria-hidden=\"true\" class=\"e-font-icon-svg e-fas-globe-africa\" viewBox=\"0 0 496 512\" xmlns=\"http:\/\/www.w3.org\/2000\/svg\"><path d=\"M248 8C111.03 8 0 119.03 0 256s111.03 248 248 248 248-111.03 248-248S384.97 8 248 8zm160 215.5v6.93c0 5.87-3.32 11.24-8.57 13.86l-15.39 7.7a15.485 15.485 0 0 1-15.53-.97l-18.21-12.14a15.52 15.52 0 0 0-13.5-1.81l-2.65.88c-9.7 3.23-13.66 14.79-7.99 23.3l13.24 19.86c2.87 4.31 7.71 6.9 12.89 6.9h8.21c8.56 0 15.5 6.94 15.5 15.5v11.34c0 3.35-1.09 6.62-3.1 9.3l-18.74 24.98c-1.42 1.9-2.39 4.1-2.83 6.43l-4.3 22.83c-.62 3.29-2.29 6.29-4.76 8.56a159.608 159.608 0 0 0-25 29.16l-13.03 19.55a27.756 27.756 0 0 1-23.09 12.36c-10.51 0-20.12-5.94-24.82-15.34a78.902 78.902 0 0 1-8.33-35.29V367.5c0-8.56-6.94-15.5-15.5-15.5h-25.88c-14.49 0-28.38-5.76-38.63-16a54.659 54.659 0 0 1-16-38.63v-14.06c0-17.19 8.1-33.38 21.85-43.7l27.58-20.69a54.663 54.663 0 0 1 32.78-10.93h.89c8.48 0 16.85 1.97 24.43 5.77l14.72 7.36c3.68 1.84 7.93 2.14 11.83.84l47.31-15.77c6.33-2.11 10.6-8.03 10.6-14.7 0-8.56-6.94-15.5-15.5-15.5h-10.09c-4.11 0-8.05-1.63-10.96-4.54l-6.92-6.92a15.493 15.493 0 0 0-10.96-4.54H199.5c-8.56 0-15.5-6.94-15.5-15.5v-4.4c0-7.11 4.84-13.31 11.74-15.04l14.45-3.61c3.74-.94 7-3.23 9.14-6.44l8.08-12.11c2.87-4.31 7.71-6.9 12.89-6.9h24.21c8.56 0 15.5-6.94 15.5-15.5v-21.7C359.23 71.63 422.86 131.02 441.93 208H423.5c-8.56 0-15.5 6.94-15.5 15.5z\"><\/path><\/svg>\t\t\t\t\t\t<\/span>\n\t\t\t\t\t\t\t\t\t\t<span class=\"elementor-icon-list-text\">\u062a\u0627\u062c\u0631 \u0645\u0646\u0637\u0642\u0629 \u0628\u062d\u0631 \u0625\u064a\u062c\u0629<\/span>\n\t\t\t\t\t\t\t\t\t<\/li>\n\t\t\t\t\t\t\t\t<li class=\"elementor-icon-list-item\">\n\t\t\t\t\t\t\t\t\t\t\t<span class=\"elementor-icon-list-icon\">\n\t\t\t\t\t\t\t<svg aria-hidden=\"true\" class=\"e-font-icon-svg e-fas-phone-alt\" viewBox=\"0 0 512 512\" xmlns=\"http:\/\/www.w3.org\/2000\/svg\"><path d=\"M497.39 361.8l-112-48a24 24 0 0 0-28 6.9l-49.6 60.6A370.66 370.66 0 0 1 130.6 204.11l60.6-49.6a23.94 23.94 0 0 0 6.9-28l-48-112A24.16 24.16 0 0 0 122.6.61l-104 24A24 24 0 0 0 0 48c0 256.5 207.9 464 464 464a24 24 0 0 0 23.4-18.6l24-104a24.29 24.29 0 0 0-14.01-27.6z\"><\/path><\/svg>\t\t\t\t\t\t<\/span>\n\t\t\t\t\t\t\t\t\t\t<span class=\"elementor-icon-list-text\">0 (542) 378 17 08<\/span>\n\t\t\t\t\t\t\t\t\t<\/li>\n\t\t\t\t\t\t\t\t<li class=\"elementor-icon-list-item\">\n\t\t\t\t\t\t\t\t\t\t\t<span class=\"elementor-icon-list-icon\">\n\t\t\t\t\t\t\t<svg aria-hidden=\"true\" class=\"e-font-icon-svg e-fas-envelope\" viewBox=\"0 0 512 512\" xmlns=\"http:\/\/www.w3.org\/2000\/svg\"><path d=\"M502.3 190.8c3.9-3.1 9.7-.2 9.7 4.7V400c0 26.5-21.5 48-48 48H48c-26.5 0-48-21.5-48-48V195.6c0-5 5.7-7.8 9.7-4.7 22.4 17.4 52.1 39.5 154.1 113.6 21.1 15.4 56.7 47.8 92.2 47.6 35.7.3 72-32.8 92.3-47.6 102-74.1 131.6-96.3 154-113.7zM256 320c23.2.4 56.6-29.2 73.4-41.4 132.7-96.3 142.8-104.7 173.4-128.7 5.8-4.5 9.2-11.5 9.2-18.9v-19c0-26.5-21.5-48-48-48H48C21.5 64 0 85.5 0 112v19c0 7.4 3.4 14.3 9.2 18.9 30.6 23.9 40.7 32.4 173.4 128.7 16.8 12.2 50.2 41.8 73.4 41.4z\"><\/path><\/svg>\t\t\t\t\t\t<\/span>\n\t\t\t\t\t\t\t\t\t\t<span class=\"elementor-icon-list-text\">info@teodem.com.tr<\/span>\n\t\t\t\t\t\t\t\t\t<\/li>\n\t\t\t\t\t\t\t\t<li class=\"elementor-icon-list-item\">\n\t\t\t\t\t\t\t\t\t\t\t<span class=\"elementor-icon-list-icon\">\n\t\t\t\t\t\t\t<svg aria-hidden=\"true\" class=\"e-font-icon-svg e-fas-map-marker-alt\" viewBox=\"0 0 384 512\" xmlns=\"http:\/\/www.w3.org\/2000\/svg\"><path d=\"M172.268 501.67C26.97 291.031 0 269.413 0 192 0 85.961 85.961 0 192 0s192 85.961 192 192c0 77.413-26.97 99.031-172.268 309.67-9.535 13.774-29.93 13.773-39.464 0zM192 272c44.183 0 80-35.817 80-80s-35.817-80-80-80-80 35.817-80 80 35.817 80 80 80z\"><\/path><\/svg>\t\t\t\t\t\t<\/span>\n\t\t\t\t\t\t\t\t\t\t<span class=\"elementor-icon-list-text\">\u00c7\u0131nar Mahallesi 5003\/2 Sokak\u060c \u0631\u0642\u0645: 3-5 \u0627\u0644\u0628\u0627\u0628 \u0627\u0644\u062f\u0627\u062e\u0644\u064a \u0631\u0642\u0645: 511 \u0628\u0648\u0631\u0646\u0648\u0641\u0627 \/ \u0625\u0632\u0645\u064a\u0631<\/span>\n\t\t\t\t\t\t\t\t\t<\/li>\n\t\t\t\t\t\t<\/ul>\n\t\t\t\t\t\t<\/div>\n\t\t\t\t<\/div>\n\t\t\t\t<div class=\"elementor-element elementor-element-7672082 elementor-widget-elementskit-dual-button-start elementor-widget elementor-widget-elementskit-dual-button\" data-id=\"7672082\" data-element_type=\"widget\" data-e-type=\"widget\" data-widget_type=\"elementskit-dual-button.default\">\n\t\t\t\t<div class=\"elementor-widget-container\">\n\t\t\t\t\t<div class=\"ekit-wid-con\" >\n                <div class=\"ekit-element-align-wrapper\">\n                    <div class=\"ekit_double_button\">                <a class=\"ekit-double-btn ekit-double-btn-one\" href=\"#\">\n                    \u0642\u0645 \u0628\u0632\u064a\u0627\u0631\u0629 \u0627\u0644\u0645\u0648\u0642\u0639 \u0627\u0644\u0625\u0644\u0643\u062a\u0631\u0648\u0646\u064a                <\/a>\n            \n            <a class=\"ekit-double-btn ekit-double-btn-two\" href=\"https:\/\/mitimplant.com\/ar\/%d8%b4%d8%b1%d9%83%d8%a7%d8%a4%d9%86%d8%a7-%d8%aa%d8%b1%d9%83%d9%8a%d8%a7\/\">\n                    \u0639\u0631\u0636 \u0627\u0644\u0645\u0648\u0632\u0639\u064a\u0646 \u0627\u0644\u0622\u062e\u0631\u064a\u0646                <\/a>\n                  <\/div>\n                <\/div>\n            <\/div>\t\t\t\t<\/div>\n\t\t\t\t<\/div>\n\t\t\t\t<\/div>\n\t\t<div class=\"elementor-element elementor-element-fb787b7 e-con-full e-flex e-con e-child\" data-id=\"fb787b7\" data-element_type=\"container\" data-e-type=\"container\">\n\t\t\t\t<div class=\"elementor-element elementor-element-3550e16 elementor-widget elementor-widget-google_maps\" data-id=\"3550e16\" data-element_type=\"widget\" data-e-type=\"widget\" data-widget_type=\"google_maps.default\">\n\t\t\t\t<div class=\"elementor-widget-container\">\n\t\t\t\t\t\t\t<div class=\"elementor-custom-embed\">\n\t\t\t<iframe loading=\"lazy\"\n\t\t\t\t\tsrc=\"https:\/\/maps.google.com\/maps?q=%C3%87%C4%B1nar%20Mahallesi%205003%2F2%20Sokak%2C%20No%3A%203-5%20%C4%B0%C3%A7%20Kap%C4%B1%20No%3A%20511&#038;t=m&#038;z=15&#038;output=embed&#038;iwloc=near\"\n\t\t\t\t\ttitle=\"\u00c7\u0131nar Mahallesi 5003\/2 Sokak, No: 3-5 \u0130\u00e7 Kap\u0131 No: 511\"\n\t\t\t\t\taria-label=\"\u00c7\u0131nar Mahallesi 5003\/2 Sokak, No: 3-5 \u0130\u00e7 Kap\u0131 No: 511\"\n\t\t\t><\/iframe>\n\t\t<\/div>\n\t\t\t\t\t\t<\/div>\n\t\t\t\t<\/div>\n\t\t\t\t<\/div>\n\t\t\t\t<\/div>\n\t\t\t\t\t<\/div>\n\t\t\t\t<\/div>\n\t\t<div class=\"elementor-element elementor-element-54c849a e-flex e-con-boxed e-con e-parent\" data-id=\"54c849a\" data-element_type=\"container\" data-e-type=\"container\" data-settings=\"{&quot;background_background&quot;:&quot;classic&quot;}\">\n\t\t\t\t\t<div class=\"e-con-inner\">\n\t\t<div class=\"elementor-element elementor-element-dd57a1c e-con-full e-flex e-con e-child\" data-id=\"dd57a1c\" data-element_type=\"container\" data-e-type=\"container\">\n\t\t\t\t<div class=\"elementor-element elementor-element-c41e469 elementor-widget__width-inherit elementor-widget elementor-widget-text-editor\" data-id=\"c41e469\" data-element_type=\"widget\" data-e-type=\"widget\" data-widget_type=\"text-editor.default\">\n\t\t\t\t<div class=\"elementor-widget-container\">\n\t\t\t\t\t\t\t\t\t<p>\u0644\u0646\u0639\u0645\u0644 \u0645\u0639\u0627\u064b<\/p>\n\t\t\t\t\t\t\t\t<\/div>\n\t\t\t\t<\/div>\n\t\t\t\t<div class=\"elementor-element elementor-element-456906b elementor-widget__width-inherit elementor-widget elementor-widget-heading\" data-id=\"456906b\" data-element_type=\"widget\" data-e-type=\"widget\" data-widget_type=\"heading.default\">\n\t\t\t\t<div class=\"elementor-widget-container\">\n\t\t\t\t\t<h2 class=\"elementor-heading-title elementor-size-default\">\u0627\u0644\u062a\u0642\u062f\u0645 \u0628\u0637\u0644\u0628 \u0644\u0644\u062d\u0635\u0648\u0644 \u0639\u0644\u0649 \u0648\u0643\u0627\u0644\u0629<\/h2>\t\t\t\t<\/div>\n\t\t\t\t<\/div>\n\t\t\t\t<div class=\"elementor-element elementor-element-273f854 elementor-widget__width-inherit elementor-widget elementor-widget-text-editor\" data-id=\"273f854\" data-element_type=\"widget\" data-e-type=\"widget\" data-widget_type=\"text-editor.default\">\n\t\t\t\t<div class=\"elementor-widget-container\">\n\t\t\t\t\t\t\t\t\t<p>\u0627\u0646\u0636\u0645 \u0625\u0644\u0649 \u0627\u0644\u0639\u0627\u0626\u0644\u0629 \u0648\u0642\u0645 \u0628\u062a\u0631\u0642\u064a\u0629 \u0639\u0645\u0644\u0643 \u0645\u0646 \u062e\u0644\u0627\u0644 \u0627\u0644\u0634\u0631\u0627\u0643\u0629 \u0645\u0639\u0646\u0627! \u0646\u0642\u062f\u0645 \u0645\u0646\u062a\u062c\u0627\u062a \u0623\u0633\u0646\u0627\u0646 \u0639\u0627\u0644\u064a\u0629 \u0627\u0644\u062c\u0648\u062f\u0629 \u0645\u0639 \u0623\u0641\u0636\u0644 \u0627\u0644\u0639\u0631\u0648\u0636 \u0641\u064a \u0647\u0630\u0627 \u0627\u0644\u0645\u062c\u0627\u0644. \u0628\u0635\u0641\u062a\u0643 \u0648\u0643\u064a\u0644\u0627\u064b \u0644\u0646\u0627\u060c \u064a\u0645\u0643\u0646\u0643 \u062a\u0642\u062f\u064a\u0645 \u0623\u0641\u0636\u0644 \u062e\u062f\u0645\u0629 \u0644\u0645\u0631\u0636\u0627\u0643 \u0645\u0646 \u062e\u0644\u0627\u0644 \u0645\u0646\u062a\u062c\u0627\u062a\u0646\u0627 \u0639\u0627\u0644\u064a\u0629 \u0627\u0644\u062c\u0648\u062f\u0629 \u0644\u0637\u0628 \u0627\u0644\u0623\u0633\u0646\u0627\u0646 \u0645\u0639 \u0627\u0644\u0627\u0633\u062a\u0641\u0627\u062f\u0629 \u0645\u0646 \u0623\u0633\u0639\u0627\u0631\u0646\u0627 \u0627\u0644\u062a\u0646\u0627\u0641\u0633\u064a\u0629.<\/p>\n\t\t\t\t\t\t\t\t<\/div>\n\t\t\t\t<\/div>\n\t\t\t\t<div class=\"elementor-element elementor-element-ce9f9f5 elementor-widget__width-auto elementor-widget elementor-widget-button\" data-id=\"ce9f9f5\" data-element_type=\"widget\" data-e-type=\"widget\" data-widget_type=\"button.default\">\n\t\t\t\t<div class=\"elementor-widget-container\">\n\t\t\t\t\t\t\t\t\t<div class=\"elementor-button-wrapper\">\n\t\t\t\t\t<a class=\"elementor-button elementor-button-link elementor-size-sm\" href=\"https:\/\/mitimplant.com\/ar\/%d8%a7%d8%aa%d8%b5%d9%84-%d8%a8%d9%86%d8%a7\/\">\n\t\t\t\t\t\t<span class=\"elementor-button-content-wrapper\">\n\t\t\t\t\t\t\t\t\t<span class=\"elementor-button-text\">\u062a\u0642\u062f\u0645 \u0628\u0637\u0644\u0628\u0643 \u0627\u0644\u0622\u0646<\/span>\n\t\t\t\t\t<\/span>\n\t\t\t\t\t<\/a>\n\t\t\t\t<\/div>\n\t\t\t\t\t\t\t\t<\/div>\n\t\t\t\t<\/div>\n\t\t\t\t<\/div>\n\t\t<div class=\"elementor-element elementor-element-906788f e-con-full e-flex e-con e-child\" data-id=\"906788f\" data-element_type=\"container\" data-e-type=\"container\">\n\t\t\t\t<div class=\"elementor-element elementor-element-8604454 elementor-widget elementor-widget-image\" data-id=\"8604454\" data-element_type=\"widget\" data-e-type=\"widget\" data-widget_type=\"image.default\">\n\t\t\t\t<div class=\"elementor-widget-container\">\n\t\t\t\t\t\t\t\t\t\t\t\t\t\t\t<img fetchpriority=\"high\" decoding=\"async\" width=\"800\" height=\"430\" src=\"https:\/\/mitimplant.com\/wp-content\/uploads\/2024\/11\/pngegg-1024x550.png\" class=\"attachment-large size-large wp-image-3998\" alt=\"\" srcset=\"https:\/\/mitimplant.com\/wp-content\/uploads\/2024\/11\/pngegg-1024x550.png 1024w, https:\/\/mitimplant.com\/wp-content\/uploads\/2024\/11\/pngegg-300x161.png 300w, https:\/\/mitimplant.com\/wp-content\/uploads\/2024\/11\/pngegg-768x412.png 768w, https:\/\/mitimplant.com\/wp-content\/uploads\/2024\/11\/pngegg-1536x825.png 1536w, https:\/\/mitimplant.com\/wp-content\/uploads\/2024\/11\/pngegg-600x322.png 600w, https:\/\/mitimplant.com\/wp-content\/uploads\/2024\/11\/pngegg.png 1600w\" sizes=\"(max-width: 800px) 100vw, 800px\" \/>\t\t\t\t\t\t\t\t\t\t\t\t\t\t\t<\/div>\n\t\t\t\t<\/div>\n\t\t\t\t<\/div>\n\t\t\t\t\t<\/div>\n\t\t\t\t<\/div>\n\t\t\t\t<\/div>\n\t\t","protected":false},"excerpt":{"rendered":"<p>\u062a\u064a\u0648\u062f\u0645 \u0644\u0644\u062e\u062f\u0645\u0627\u062a \u0627\u0644\u0635\u062d\u064a\u0629 \u062a\u0627\u062c\u0631 \u0645\u0646\u0637\u0642\u0629 \u0628\u062d\u0631 \u0625\u064a\u062c\u0629 0 (542) 378 17 08 info@teodem.com.tr \u00c7\u0131nar Mahallesi 5003\/2 Sokak\u060c \u0631\u0642\u0645: 3-5 \u0627\u0644\u0628\u0627\u0628 \u0627\u0644\u062f\u0627\u062e\u0644\u064a \u0631\u0642\u0645: 511 \u0628\u0648\u0631\u0646\u0648\u0641\u0627 \/ \u0625\u0632\u0645\u064a\u0631 \u0642\u0645 \u0628\u0632\u064a\u0627\u0631\u0629 \u0627\u0644\u0645\u0648\u0642\u0639 \u0627\u0644\u0625\u0644\u0643\u062a\u0631\u0648\u0646\u064a \u0639\u0631\u0636 \u0627\u0644\u0645\u0648\u0632\u0639\u064a\u0646 \u0627\u0644\u0622\u062e\u0631\u064a\u0646 \u0644\u0646\u0639\u0645\u0644 \u0645\u0639\u0627\u064b \u0627\u0644\u062a\u0642\u062f\u0645 \u0628\u0637\u0644\u0628 \u0644\u0644\u062d\u0635\u0648\u0644 \u0639\u0644\u0649 \u0648\u0643\u0627\u0644\u0629 \u0627\u0646\u0636\u0645 \u0625\u0644\u0649 \u0627\u0644\u0639\u0627\u0626\u0644\u0629 \u0648\u0642\u0645 \u0628\u062a\u0631\u0642\u064a\u0629 \u0639\u0645\u0644\u0643 \u0645\u0646 \u062e\u0644\u0627\u0644 \u0627\u0644\u0634\u0631\u0627\u0643\u0629 \u0645\u0639\u0646\u0627! \u0646\u0642\u062f\u0645 \u0645\u0646\u062a\u062c\u0627\u062a \u0623\u0633\u0646\u0627\u0646 \u0639\u0627\u0644\u064a\u0629 \u0627\u0644\u062c\u0648\u062f\u0629 [&hellip;]<\/p>\n","protected":false},"author":3,"featured_media":0,"parent":0,"menu_order":0,"comment_status":"closed","ping_status":"closed","template":"elementor_header_footer","meta":{"footnotes":""},"class_list":["post-5302","page","type-page","status-publish","hentry"],"_links":{"self":[{"href":"https:\/\/mitimplant.com\/ar\/wp-json\/wp\/v2\/pages\/5302","targetHints":{"allow":["GET"]}}],"collection":[{"href":"https:\/\/mitimplant.com\/ar\/wp-json\/wp\/v2\/pages"}],"about":[{"href":"https:\/\/mitimplant.com\/ar\/wp-json\/wp\/v2\/types\/page"}],"author":[{"embeddable":true,"href":"https:\/\/mitimplant.com\/ar\/wp-json\/wp\/v2\/users\/3"}],"replies":[{"embeddable":true,"href":"https:\/\/mitimplant.com\/ar\/wp-json\/wp\/v2\/comments?post=5302"}],"version-history":[{"count":4,"href":"https:\/\/mitimplant.com\/ar\/wp-json\/wp\/v2\/pages\/5302\/revisions"}],"predecessor-version":[{"id":5621,"href":"https:\/\/mitimplant.com\/ar\/wp-json\/wp\/v2\/pages\/5302\/revisions\/5621"}],"wp:attachment":[{"href":"https:\/\/mitimplant.com\/ar\/wp-json\/wp\/v2\/media?parent=5302"}],"curies":[{"name":"wp","href":"https:\/\/api.w.org\/{rel}","templated":true}]}}